{"id":7765,"date":"2020-03-17T11:53:46","date_gmt":"2020-03-17T11:53:46","guid":{"rendered":"https:\/\/torebunia.pl\/sklep\/produkt\/adidas-performance-stroj-kapielowy-3\/"},"modified":"2021-01-27T12:39:26","modified_gmt":"2021-01-27T12:39:26","slug":"adidas-performance-stroj-kapielowy-3","status":"publish","type":"product","link":"https:\/\/torebunia.pl\/sklep\/produkt\/adidas-performance-stroj-kapielowy-3\/","title":{"rendered":"adidas Performance &#8211; Str\u00f3j k\u0105pielowy"},"content":{"rendered":"<p>Parametry produktu:<\/p>\n<ul>\n<li>cena: <strong>179.9 PLN<\/strong><\/li>\n<li>marka: <strong>adidas Performance<\/strong><\/li>\n<li>p\u0142e\u0107: <strong>Female<\/strong><\/li>\n<li>kategoria: <strong>ONA \/ Odzie\u017c \/ Stroje k\u0105pielowe \/ Jednocz\u0119\u015bciowe<\/strong><\/li>\n<li>kolor: <strong>czerwony<\/strong><\/li>\n<\/ul>\n<p>Opis:<br \/>\nJednocz\u0119\u015bciowy str\u00f3j k\u0105pielowy z kolekcji adidas Performance. Model wykonany z wzorzystego materia\u0142u. &#8211; Mi\u0119kka miseczka. &#8211; Nieregulowane, nieodpinane rami\u0105czka. &#8211; Cienka, elastyczna dzianina. Wz\u00f3r: wzorzyste Miseczka: mi\u0119kka Miseczka: bez fiszbin\u00f3w Sk\u0142ad: Podszewka: 100 % Poliester z recyklingu, Materia\u0142 zasadniczy: 100 % Poliester, ID produktu: 4911-BID0JL Kod producenta: DQ3272<\/p>\n","protected":false},"excerpt":{"rendered":"<p>Parametry produktu: cena: 179.9 PLN marka: adidas Performance p\u0142e\u0107: Female kategoria: ONA \/ Odzie\u017c \/ Stroje k\u0105pielowe \/ Jednocz\u0119\u015bciowe kolor: czerwony Opis: Jednocz\u0119\u015bciowy str\u00f3j k\u0105pielowy z kolekcji adidas Performance. Model<\/p>\n","protected":false},"featured_media":7766,"comment_status":"closed","ping_status":"open","template":"","meta":[],"class_list":{"0":"post-7765","1":"product","2":"type-product","3":"status-publish","5":"hentry","6":"product_cat-jednoczesciowe","7":"product_cat-odziez","8":"product_cat-ona","9":"product_cat-stroje-kapielowe","10":"product_tag-adidas-performance","11":"product_tag-adidas-performance-stroj-kapielowy"},"yoast_head":"<!-- This site is optimized with the Yoast SEO plugin v15.6.2 - https:\/\/yoast.com\/wordpress\/plugins\/seo\/ -->\n<title>adidas Performance - Str\u00f3j k\u0105pielowy<\/title>\n<meta name=\"robots\" content=\"index, follow, max-snippet:-1, max-image-preview:large, max-video-preview:-1\" \/>\n<link rel=\"canonical\" href=\"https:\/\/torebunia.pl\/sklep\/produkt\/adidas-performance-stroj-kapielowy-3\/\" \/>\n<meta property=\"og:locale\" content=\"pl_PL\" \/>\n<meta property=\"og:type\" content=\"article\" \/>\n<meta property=\"og:title\" content=\"adidas Performance - Str\u00f3j k\u0105pielowy\" \/>\n<meta property=\"og:description\" content=\"Parametry produktu: cena: 179.9 PLN marka: adidas Performance p\u0142e\u0107: Female kategoria: ONA \/ Odzie\u017c \/ Stroje k\u0105pielowe \/ Jednocz\u0119\u015bciowe kolor: czerwony Opis: Jednocz\u0119\u015bciowy str\u00f3j k\u0105pielowy z kolekcji adidas Performance. Model\" \/>\n<meta property=\"og:url\" content=\"https:\/\/torebunia.pl\/sklep\/produkt\/adidas-performance-stroj-kapielowy-3\/\" \/>\n<meta property=\"og:site_name\" content=\"Moje Blog\" \/>\n<meta property=\"article:modified_time\" content=\"2021-01-27T12:39:26+00:00\" \/>\n<meta property=\"og:image\" content=\"https:\/\/torebunia.pl\/sklep\/wp-content\/uploads\/2021\/01\/892eb8dec79ff8fb0d2f8af89f2b579026863a94.jpg\" \/>\n\t<meta property=\"og:image:width\" content=\"855\" \/>\n\t<meta property=\"og:image:height\" content=\"1290\" \/>\n<meta name=\"twitter:card\" content=\"summary_large_image\" \/>\n<script type=\"application\/ld+json\" class=\"yoast-schema-graph\">{\"@context\":\"https:\/\/schema.org\",\"@graph\":[{\"@type\":\"WebSite\",\"@id\":\"https:\/\/torebunia.pl\/sklep\/#website\",\"url\":\"https:\/\/torebunia.pl\/sklep\/\",\"name\":\"Moje Blog\",\"description\":\"Kolejna witryna WordPress\",\"potentialAction\":[{\"@type\":\"SearchAction\",\"target\":\"https:\/\/torebunia.pl\/sklep\/?s={search_term_string}\",\"query-input\":\"required name=search_term_string\"}],\"inLanguage\":\"pl-PL\"},{\"@type\":\"ImageObject\",\"@id\":\"https:\/\/torebunia.pl\/sklep\/produkt\/adidas-performance-stroj-kapielowy-3\/#primaryimage\",\"inLanguage\":\"pl-PL\",\"url\":\"https:\/\/torebunia.pl\/sklep\/wp-content\/uploads\/2021\/01\/892eb8dec79ff8fb0d2f8af89f2b579026863a94.jpg\",\"width\":855,\"height\":1290,\"caption\":\"adidas Performance - Str\\u00f3j k\\u0105pielowy\"},{\"@type\":\"WebPage\",\"@id\":\"https:\/\/torebunia.pl\/sklep\/produkt\/adidas-performance-stroj-kapielowy-3\/#webpage\",\"url\":\"https:\/\/torebunia.pl\/sklep\/produkt\/adidas-performance-stroj-kapielowy-3\/\",\"name\":\"adidas Performance - Str\\u00f3j k\\u0105pielowy\",\"isPartOf\":{\"@id\":\"https:\/\/torebunia.pl\/sklep\/#website\"},\"primaryImageOfPage\":{\"@id\":\"https:\/\/torebunia.pl\/sklep\/produkt\/adidas-performance-stroj-kapielowy-3\/#primaryimage\"},\"datePublished\":\"2020-03-17T11:53:46+00:00\",\"dateModified\":\"2021-01-27T12:39:26+00:00\",\"inLanguage\":\"pl-PL\",\"potentialAction\":[{\"@type\":\"ReadAction\",\"target\":[\"https:\/\/torebunia.pl\/sklep\/produkt\/adidas-performance-stroj-kapielowy-3\/\"]}]}]}<\/script>\n<!-- \/ Yoast SEO plugin. -->","_links":{"self":[{"href":"https:\/\/torebunia.pl\/sklep\/wp-json\/wp\/v2\/product\/7765","targetHints":{"allow":["GET"]}}],"collection":[{"href":"https:\/\/torebunia.pl\/sklep\/wp-json\/wp\/v2\/product"}],"about":[{"href":"https:\/\/torebunia.pl\/sklep\/wp-json\/wp\/v2\/types\/product"}],"replies":[{"embeddable":true,"href":"https:\/\/torebunia.pl\/sklep\/wp-json\/wp\/v2\/comments?post=7765"}],"wp:featuredmedia":[{"embeddable":true,"href":"https:\/\/torebunia.pl\/sklep\/wp-json\/wp\/v2\/media\/7766"}],"wp:attachment":[{"href":"https:\/\/torebunia.pl\/sklep\/wp-json\/wp\/v2\/media?parent=7765"}],"curies":[{"name":"wp","href":"https:\/\/api.w.org\/{rel}","templated":true}]}}