{"id":7663,"date":"2020-07-17T00:24:55","date_gmt":"2020-07-17T00:24:55","guid":{"rendered":"https:\/\/torebunia.pl\/sklep\/produkt\/public-desire-sandaly\/"},"modified":"2021-01-27T13:03:50","modified_gmt":"2021-01-27T13:03:50","slug":"public-desire-sandaly","status":"publish","type":"product","link":"https:\/\/torebunia.pl\/sklep\/produkt\/public-desire-sandaly\/","title":{"rendered":"Public Desire &#8211; Sanda\u0142y"},"content":{"rendered":"<p>Parametry produktu:<\/p>\n<ul>\n<li>cena: <strong>149.9 PLN<\/strong><\/li>\n<li>marka: <strong>Public Desire<\/strong><\/li>\n<li>p\u0142e\u0107: <strong>Female<\/strong><\/li>\n<li>kategoria: <strong>ONA \/ Obuwie \/ Szpilki \/ Sanda\u0142y na obcasie<\/strong><\/li>\n<li>kolor: <strong>cielisty<\/strong><\/li>\n<\/ul>\n<p>Opis:<br \/>\nSanda\u0142y z kolekcji Public Desire. Model wykonany z materia\u0142u syntetycznego. &#8211; Zapi\u0119cie na klamr\u0119 ze szpilk\u0105. &#8211; Regulowane zapi\u0119cie. &#8211; Stabilna podeszwa. &#8211; Usztywniony zapi\u0119tek. &#8211; Komfortowe wn\u0119trze. &#8211; Model na obcasie typu s\u0142upek. &#8211; Wysoko\u015b\u0107 obcasa: 11 cm. &#8211; D\u0142ugo\u015b\u0107 wk\u0142adki wynosi: 23 cm. &#8211; Wymiary podane dla rozmiaru: 37. Materia\u0142: syntetyczny Obcas: s\u0142upek Wysoko\u015b\u0107 obcasa: powy\u017cej 8 cm Nosek: okr\u0105g\u0142y Sk\u0142ad: Materia\u0142 syntetyczny, ID produktu: 4911-OBD2R7 Kod producenta: ANA<\/p>\n","protected":false},"excerpt":{"rendered":"<p>Parametry produktu: cena: 149.9 PLN marka: Public Desire p\u0142e\u0107: Female kategoria: ONA \/ Obuwie \/ Szpilki \/ Sanda\u0142y na obcasie kolor: cielisty Opis: Sanda\u0142y z kolekcji Public Desire. Model wykonany<\/p>\n","protected":false},"featured_media":7664,"comment_status":"closed","ping_status":"open","template":"","meta":[],"class_list":{"0":"post-7663","1":"product","2":"type-product","3":"status-publish","5":"hentry","6":"product_cat-obuwie","7":"product_cat-ona","8":"product_cat-sandaly-na-obcasie","9":"product_cat-szpilki","10":"product_tag-public-desire","11":"product_tag-public-desire-sandaly"},"yoast_head":"<!-- This site is optimized with the Yoast SEO plugin v15.6.2 - https:\/\/yoast.com\/wordpress\/plugins\/seo\/ -->\n<title>Public Desire - Sanda\u0142y<\/title>\n<meta name=\"robots\" content=\"index, follow, max-snippet:-1, max-image-preview:large, max-video-preview:-1\" \/>\n<link rel=\"canonical\" href=\"https:\/\/torebunia.pl\/sklep\/produkt\/public-desire-sandaly\/\" \/>\n<meta property=\"og:locale\" content=\"pl_PL\" \/>\n<meta property=\"og:type\" content=\"article\" \/>\n<meta property=\"og:title\" content=\"Public Desire - Sanda\u0142y\" \/>\n<meta property=\"og:description\" content=\"Parametry produktu: cena: 149.9 PLN marka: Public Desire p\u0142e\u0107: Female kategoria: ONA \/ Obuwie \/ Szpilki \/ Sanda\u0142y na obcasie kolor: cielisty Opis: Sanda\u0142y z kolekcji Public Desire. Model wykonany\" \/>\n<meta property=\"og:url\" content=\"https:\/\/torebunia.pl\/sklep\/produkt\/public-desire-sandaly\/\" \/>\n<meta property=\"og:site_name\" content=\"Moje Blog\" \/>\n<meta property=\"article:modified_time\" content=\"2021-01-27T13:03:50+00:00\" \/>\n<meta property=\"og:image\" content=\"https:\/\/torebunia.pl\/sklep\/wp-content\/uploads\/2021\/01\/2c19963d209ac84c228c6550d6132d1740624857.jpg\" \/>\n\t<meta property=\"og:image:width\" content=\"855\" \/>\n\t<meta property=\"og:image:height\" content=\"1290\" \/>\n<meta name=\"twitter:card\" content=\"summary_large_image\" \/>\n<meta name=\"twitter:label1\" content=\"Est. reading time\">\n\t<meta name=\"twitter:data1\" content=\"1 minuta\">\n<script type=\"application\/ld+json\" class=\"yoast-schema-graph\">{\"@context\":\"https:\/\/schema.org\",\"@graph\":[{\"@type\":\"WebSite\",\"@id\":\"https:\/\/torebunia.pl\/sklep\/#website\",\"url\":\"https:\/\/torebunia.pl\/sklep\/\",\"name\":\"Moje Blog\",\"description\":\"Kolejna witryna WordPress\",\"potentialAction\":[{\"@type\":\"SearchAction\",\"target\":\"https:\/\/torebunia.pl\/sklep\/?s={search_term_string}\",\"query-input\":\"required name=search_term_string\"}],\"inLanguage\":\"pl-PL\"},{\"@type\":\"ImageObject\",\"@id\":\"https:\/\/torebunia.pl\/sklep\/produkt\/public-desire-sandaly\/#primaryimage\",\"inLanguage\":\"pl-PL\",\"url\":\"https:\/\/torebunia.pl\/sklep\/wp-content\/uploads\/2021\/01\/2c19963d209ac84c228c6550d6132d1740624857.jpg\",\"width\":855,\"height\":1290,\"caption\":\"Public Desire - Sanda\\u0142y\"},{\"@type\":\"WebPage\",\"@id\":\"https:\/\/torebunia.pl\/sklep\/produkt\/public-desire-sandaly\/#webpage\",\"url\":\"https:\/\/torebunia.pl\/sklep\/produkt\/public-desire-sandaly\/\",\"name\":\"Public Desire - Sanda\\u0142y\",\"isPartOf\":{\"@id\":\"https:\/\/torebunia.pl\/sklep\/#website\"},\"primaryImageOfPage\":{\"@id\":\"https:\/\/torebunia.pl\/sklep\/produkt\/public-desire-sandaly\/#primaryimage\"},\"datePublished\":\"2020-07-17T00:24:55+00:00\",\"dateModified\":\"2021-01-27T13:03:50+00:00\",\"inLanguage\":\"pl-PL\",\"potentialAction\":[{\"@type\":\"ReadAction\",\"target\":[\"https:\/\/torebunia.pl\/sklep\/produkt\/public-desire-sandaly\/\"]}]}]}<\/script>\n<!-- \/ Yoast SEO plugin. -->","_links":{"self":[{"href":"https:\/\/torebunia.pl\/sklep\/wp-json\/wp\/v2\/product\/7663","targetHints":{"allow":["GET"]}}],"collection":[{"href":"https:\/\/torebunia.pl\/sklep\/wp-json\/wp\/v2\/product"}],"about":[{"href":"https:\/\/torebunia.pl\/sklep\/wp-json\/wp\/v2\/types\/product"}],"replies":[{"embeddable":true,"href":"https:\/\/torebunia.pl\/sklep\/wp-json\/wp\/v2\/comments?post=7663"}],"wp:featuredmedia":[{"embeddable":true,"href":"https:\/\/torebunia.pl\/sklep\/wp-json\/wp\/v2\/media\/7664"}],"wp:attachment":[{"href":"https:\/\/torebunia.pl\/sklep\/wp-json\/wp\/v2\/media?parent=7663"}],"curies":[{"name":"wp","href":"https:\/\/api.w.org\/{rel}","templated":true}]}}