{"id":7265,"date":"2020-09-17T16:17:35","date_gmt":"2020-09-17T16:17:35","guid":{"rendered":"https:\/\/torebunia.pl\/sklep\/produkt\/levis-buty-3\/"},"modified":"2021-01-25T16:54:06","modified_gmt":"2021-01-25T16:54:06","slug":"levis-buty-3","status":"publish","type":"product","link":"https:\/\/torebunia.pl\/sklep\/produkt\/levis-buty-3\/","title":{"rendered":"Levi&#8217;s &#8211; Buty"},"content":{"rendered":"<p>Parametry produktu:<\/p>\n<ul>\n<li>cena: <strong>339.9 PLN<\/strong><\/li>\n<li>marka: <strong>Levi&#8217;s<\/strong><\/li>\n<li>p\u0142e\u0107: <strong>Female<\/strong><\/li>\n<li>kategoria: <strong>ONA \/ Obuwie \/ Sneakersy i sportowe \/ Sneakersy<\/strong><\/li>\n<li>kolor: <strong>czarny<\/strong><\/li>\n<\/ul>\n<p>Opis:<br \/>\nButy z kolekcji Levi&#8217;s. Model wykonany z po\u0142\u0105czenia sk\u00f3ry naturalnej, materia\u0142u tekstylnego i materia\u0142u syntetycznego. Informujemy, i\u017c ze wzgl\u0119du na polityk\u0119 ochrony znak\u00f3w towarowych marki Levi&#8217;s oko\u0142o 10% asortymentu posiada &#8222;pust\u0105 wszywk\u0119&#8221; (w kolorze czerwonym, bez logo marki, wy\u0142\u0105cznie z mi\u0119dzynarodowym symbolem zarejestrowanego znaku towarowego). &#8222;Pusta wszywka&#8221; jest zarejestrowanym znakiem towarowym marki Levi&#8217;s i opatrzone ni\u0105 modele s\u0105 pe\u0142nowarto\u015bciowymi, oryginalnymi produktami. W razie w\u0105tpliwo\u015bci prosimy o kontakt z Biurem Obs\u0142ugi Klienta. &#8211; Okr\u0105g\u0142y, lekko usztywniony nosek. &#8211; Komfortowa wk\u0142adka. &#8211; Usztywniony zapi\u0119tek. &#8211; Gumowa podeszwa. &#8211; Sznurowany model. &#8211; Tekstylne wn\u0119trze. &#8211; D\u0142ugo\u015b\u0107 wk\u0142adki wynosi: 23,5 cm. &#8211; Wymiary podane dla rozmiaru: 37. Materia\u0142: tekstylny Materia\u0142: syntetyczny Obcas: p\u0142aski Materia\u0142: sk\u00f3ra licowa Sk\u0142ad: Cholewka: Materia\u0142 syntetyczny, Materia\u0142 tekstylny, Sk\u00f3ra naturalna, Wn\u0119trze: Materia\u0142 tekstylny, Podeszwa: Materia\u0142 syntetyczny ID produktu: 4900-OBD2KY Kod producenta: 38372.0037<\/p>\n","protected":false},"excerpt":{"rendered":"<p>Parametry produktu: cena: 339.9 PLN marka: Levi&#8217;s p\u0142e\u0107: Female kategoria: ONA \/ Obuwie \/ Sneakersy i sportowe \/ Sneakersy kolor: czarny Opis: Buty z kolekcji Levi&#8217;s. Model wykonany z po\u0142\u0105czenia<\/p>\n","protected":false},"featured_media":7266,"comment_status":"closed","ping_status":"open","template":"","meta":[],"class_list":{"0":"post-7265","1":"product","2":"type-product","3":"status-publish","5":"hentry","6":"product_cat-obuwie","7":"product_cat-ona","8":"product_cat-sneakersy","9":"product_cat-sneakersy-i-sportowe","10":"product_tag-levis","11":"product_tag-levis-buty"},"yoast_head":"<!-- This site is optimized with the Yoast SEO plugin v15.6.2 - https:\/\/yoast.com\/wordpress\/plugins\/seo\/ -->\n<title>Levi&#039;s - Buty<\/title>\n<meta name=\"robots\" content=\"index, follow, max-snippet:-1, max-image-preview:large, max-video-preview:-1\" \/>\n<link rel=\"canonical\" href=\"https:\/\/torebunia.pl\/sklep\/produkt\/levis-buty-3\/\" \/>\n<meta property=\"og:locale\" content=\"pl_PL\" \/>\n<meta property=\"og:type\" content=\"article\" \/>\n<meta property=\"og:title\" content=\"Levi&#039;s - Buty\" \/>\n<meta property=\"og:description\" content=\"Parametry produktu: cena: 339.9 PLN marka: Levi&#8217;s p\u0142e\u0107: Female kategoria: ONA \/ Obuwie \/ Sneakersy i sportowe \/ Sneakersy kolor: czarny Opis: Buty z kolekcji Levi&#8217;s. Model wykonany z po\u0142\u0105czenia\" \/>\n<meta property=\"og:url\" content=\"https:\/\/torebunia.pl\/sklep\/produkt\/levis-buty-3\/\" \/>\n<meta property=\"og:site_name\" content=\"Moje Blog\" \/>\n<meta property=\"article:modified_time\" content=\"2021-01-25T16:54:06+00:00\" \/>\n<meta property=\"og:image\" content=\"https:\/\/torebunia.pl\/sklep\/wp-content\/uploads\/2021\/01\/2031f959f6b983e8e31e9335786f4963c068f222.jpg\" \/>\n\t<meta property=\"og:image:width\" content=\"855\" \/>\n\t<meta property=\"og:image:height\" content=\"1290\" \/>\n<meta name=\"twitter:card\" content=\"summary_large_image\" \/>\n<meta name=\"twitter:label1\" content=\"Est. reading time\">\n\t<meta name=\"twitter:data1\" content=\"1 minuta\">\n<script type=\"application\/ld+json\" class=\"yoast-schema-graph\">{\"@context\":\"https:\/\/schema.org\",\"@graph\":[{\"@type\":\"WebSite\",\"@id\":\"https:\/\/torebunia.pl\/sklep\/#website\",\"url\":\"https:\/\/torebunia.pl\/sklep\/\",\"name\":\"Moje Blog\",\"description\":\"Kolejna witryna WordPress\",\"potentialAction\":[{\"@type\":\"SearchAction\",\"target\":\"https:\/\/torebunia.pl\/sklep\/?s={search_term_string}\",\"query-input\":\"required name=search_term_string\"}],\"inLanguage\":\"pl-PL\"},{\"@type\":\"ImageObject\",\"@id\":\"https:\/\/torebunia.pl\/sklep\/produkt\/levis-buty-3\/#primaryimage\",\"inLanguage\":\"pl-PL\",\"url\":\"https:\/\/torebunia.pl\/sklep\/wp-content\/uploads\/2021\/01\/2031f959f6b983e8e31e9335786f4963c068f222.jpg\",\"width\":855,\"height\":1290,\"caption\":\"Levi's - Buty\"},{\"@type\":\"WebPage\",\"@id\":\"https:\/\/torebunia.pl\/sklep\/produkt\/levis-buty-3\/#webpage\",\"url\":\"https:\/\/torebunia.pl\/sklep\/produkt\/levis-buty-3\/\",\"name\":\"Levi's - Buty\",\"isPartOf\":{\"@id\":\"https:\/\/torebunia.pl\/sklep\/#website\"},\"primaryImageOfPage\":{\"@id\":\"https:\/\/torebunia.pl\/sklep\/produkt\/levis-buty-3\/#primaryimage\"},\"datePublished\":\"2020-09-17T16:17:35+00:00\",\"dateModified\":\"2021-01-25T16:54:06+00:00\",\"inLanguage\":\"pl-PL\",\"potentialAction\":[{\"@type\":\"ReadAction\",\"target\":[\"https:\/\/torebunia.pl\/sklep\/produkt\/levis-buty-3\/\"]}]}]}<\/script>\n<!-- \/ Yoast SEO plugin. -->","_links":{"self":[{"href":"https:\/\/torebunia.pl\/sklep\/wp-json\/wp\/v2\/product\/7265","targetHints":{"allow":["GET"]}}],"collection":[{"href":"https:\/\/torebunia.pl\/sklep\/wp-json\/wp\/v2\/product"}],"about":[{"href":"https:\/\/torebunia.pl\/sklep\/wp-json\/wp\/v2\/types\/product"}],"replies":[{"embeddable":true,"href":"https:\/\/torebunia.pl\/sklep\/wp-json\/wp\/v2\/comments?post=7265"}],"wp:featuredmedia":[{"embeddable":true,"href":"https:\/\/torebunia.pl\/sklep\/wp-json\/wp\/v2\/media\/7266"}],"wp:attachment":[{"href":"https:\/\/torebunia.pl\/sklep\/wp-json\/wp\/v2\/media?parent=7265"}],"curies":[{"name":"wp","href":"https:\/\/api.w.org\/{rel}","templated":true}]}}