{"id":7247,"date":"2020-11-07T03:18:20","date_gmt":"2020-11-07T03:18:20","guid":{"rendered":"https:\/\/torebunia.pl\/sklep\/produkt\/vagabond-baleriny-skorzane-maddie\/"},"modified":"2021-01-25T16:53:34","modified_gmt":"2021-01-25T16:53:34","slug":"vagabond-baleriny-skorzane-maddie","status":"publish","type":"product","link":"https:\/\/torebunia.pl\/sklep\/produkt\/vagabond-baleriny-skorzane-maddie\/","title":{"rendered":"Vagabond &#8211; Baleriny sk\u00f3rzane Maddie"},"content":{"rendered":"<p>Parametry produktu:<\/p>\n<ul>\n<li>cena: <strong>339.9 PLN<\/strong><\/li>\n<li>marka: <strong>Vagabond<\/strong><\/li>\n<li>p\u0142e\u0107: <strong>Female<\/strong><\/li>\n<li>kategoria: <strong>ONA \/ Obuwie \/ Baleriny<\/strong><\/li>\n<li>kolor: <strong>czarny<\/strong><\/li>\n<\/ul>\n<p>Opis:<br \/>\nBaleriny z kolekcji Vagabond. Model wykonany ze sk\u00f3ry naturalnej. &#8211; Mi\u0119kki nosek. &#8211; Gumowa podeszwa. &#8211; Komfortowe wn\u0119trze. &#8211; D\u0142ugo\u015b\u0107 wk\u0142adki wynosi: 24 cm. &#8211; Wymiary podane dla rozmiaru: 37. Obcas: p\u0142aski Materia\u0142: sk\u00f3ra licowa Sk\u0142ad: Cholewka: Sk\u00f3ra naturalna, Wn\u0119trze: Materia\u0142 tekstylny, Sk\u00f3ra naturalna, Podeszwa: Materia\u0142 syntetyczny ID produktu: 4901-OBD0N9 Kod producenta: 4704.101.20<\/p>\n","protected":false},"excerpt":{"rendered":"<p>Parametry produktu: cena: 339.9 PLN marka: Vagabond p\u0142e\u0107: Female kategoria: ONA \/ Obuwie \/ Baleriny kolor: czarny Opis: Baleriny z kolekcji Vagabond. Model wykonany ze sk\u00f3ry naturalnej. &#8211; Mi\u0119kki nosek.<\/p>\n","protected":false},"featured_media":7248,"comment_status":"closed","ping_status":"open","template":"","meta":[],"class_list":{"0":"post-7247","1":"product","2":"type-product","3":"status-publish","5":"hentry","6":"product_cat-baleriny","7":"product_cat-obuwie","8":"product_cat-ona","9":"product_tag-vagabond","10":"product_tag-vagabond-baleriny-skorzane-maddie"},"yoast_head":"<!-- This site is optimized with the Yoast SEO plugin v15.6.2 - https:\/\/yoast.com\/wordpress\/plugins\/seo\/ -->\n<title>Vagabond - Baleriny sk\u00f3rzane Maddie<\/title>\n<meta name=\"robots\" content=\"index, follow, max-snippet:-1, max-image-preview:large, max-video-preview:-1\" \/>\n<link rel=\"canonical\" href=\"https:\/\/torebunia.pl\/sklep\/produkt\/vagabond-baleriny-skorzane-maddie\/\" \/>\n<meta property=\"og:locale\" content=\"pl_PL\" \/>\n<meta property=\"og:type\" content=\"article\" \/>\n<meta property=\"og:title\" content=\"Vagabond - Baleriny sk\u00f3rzane Maddie\" \/>\n<meta property=\"og:description\" content=\"Parametry produktu: cena: 339.9 PLN marka: Vagabond p\u0142e\u0107: Female kategoria: ONA \/ Obuwie \/ Baleriny kolor: czarny Opis: Baleriny z kolekcji Vagabond. Model wykonany ze sk\u00f3ry naturalnej. &#8211; Mi\u0119kki nosek.\" \/>\n<meta property=\"og:url\" content=\"https:\/\/torebunia.pl\/sklep\/produkt\/vagabond-baleriny-skorzane-maddie\/\" \/>\n<meta property=\"og:site_name\" content=\"Moje Blog\" \/>\n<meta property=\"article:modified_time\" content=\"2021-01-25T16:53:34+00:00\" \/>\n<meta property=\"og:image\" content=\"https:\/\/torebunia.pl\/sklep\/wp-content\/uploads\/2021\/01\/c33da5d47506240b35bb61bee1c2f1b5e2fa8a7e.jpg\" \/>\n\t<meta property=\"og:image:width\" content=\"855\" \/>\n\t<meta property=\"og:image:height\" content=\"1290\" \/>\n<meta name=\"twitter:card\" content=\"summary_large_image\" \/>\n<script type=\"application\/ld+json\" class=\"yoast-schema-graph\">{\"@context\":\"https:\/\/schema.org\",\"@graph\":[{\"@type\":\"WebSite\",\"@id\":\"https:\/\/torebunia.pl\/sklep\/#website\",\"url\":\"https:\/\/torebunia.pl\/sklep\/\",\"name\":\"Moje Blog\",\"description\":\"Kolejna witryna WordPress\",\"potentialAction\":[{\"@type\":\"SearchAction\",\"target\":\"https:\/\/torebunia.pl\/sklep\/?s={search_term_string}\",\"query-input\":\"required name=search_term_string\"}],\"inLanguage\":\"pl-PL\"},{\"@type\":\"ImageObject\",\"@id\":\"https:\/\/torebunia.pl\/sklep\/produkt\/vagabond-baleriny-skorzane-maddie\/#primaryimage\",\"inLanguage\":\"pl-PL\",\"url\":\"https:\/\/torebunia.pl\/sklep\/wp-content\/uploads\/2021\/01\/c33da5d47506240b35bb61bee1c2f1b5e2fa8a7e.jpg\",\"width\":855,\"height\":1290,\"caption\":\"Vagabond - Baleriny sk\\u00f3rzane Maddie\"},{\"@type\":\"WebPage\",\"@id\":\"https:\/\/torebunia.pl\/sklep\/produkt\/vagabond-baleriny-skorzane-maddie\/#webpage\",\"url\":\"https:\/\/torebunia.pl\/sklep\/produkt\/vagabond-baleriny-skorzane-maddie\/\",\"name\":\"Vagabond - Baleriny sk\\u00f3rzane Maddie\",\"isPartOf\":{\"@id\":\"https:\/\/torebunia.pl\/sklep\/#website\"},\"primaryImageOfPage\":{\"@id\":\"https:\/\/torebunia.pl\/sklep\/produkt\/vagabond-baleriny-skorzane-maddie\/#primaryimage\"},\"datePublished\":\"2020-11-07T03:18:20+00:00\",\"dateModified\":\"2021-01-25T16:53:34+00:00\",\"inLanguage\":\"pl-PL\",\"potentialAction\":[{\"@type\":\"ReadAction\",\"target\":[\"https:\/\/torebunia.pl\/sklep\/produkt\/vagabond-baleriny-skorzane-maddie\/\"]}]}]}<\/script>\n<!-- \/ Yoast SEO plugin. -->","_links":{"self":[{"href":"https:\/\/torebunia.pl\/sklep\/wp-json\/wp\/v2\/product\/7247","targetHints":{"allow":["GET"]}}],"collection":[{"href":"https:\/\/torebunia.pl\/sklep\/wp-json\/wp\/v2\/product"}],"about":[{"href":"https:\/\/torebunia.pl\/sklep\/wp-json\/wp\/v2\/types\/product"}],"replies":[{"embeddable":true,"href":"https:\/\/torebunia.pl\/sklep\/wp-json\/wp\/v2\/comments?post=7247"}],"wp:featuredmedia":[{"embeddable":true,"href":"https:\/\/torebunia.pl\/sklep\/wp-json\/wp\/v2\/media\/7248"}],"wp:attachment":[{"href":"https:\/\/torebunia.pl\/sklep\/wp-json\/wp\/v2\/media?parent=7247"}],"curies":[{"name":"wp","href":"https:\/\/api.w.org\/{rel}","templated":true}]}}