{"id":7133,"date":"2021-01-21T06:31:44","date_gmt":"2021-01-21T06:31:44","guid":{"rendered":"https:\/\/torebunia.pl\/sklep\/produkt\/puma-plecak-4\/"},"modified":"2021-01-25T16:50:25","modified_gmt":"2021-01-25T16:50:25","slug":"puma-plecak-4","status":"publish","type":"product","link":"https:\/\/torebunia.pl\/sklep\/produkt\/puma-plecak-4\/","title":{"rendered":"Puma &#8211; Plecak"},"content":{"rendered":"<p>Parametry produktu:<\/p>\n<ul>\n<li>cena: <strong>89.9 PLN<\/strong><\/li>\n<li>marka: <strong>Puma<\/strong><\/li>\n<li>p\u0142e\u0107: <strong>Female<\/strong><\/li>\n<li>kategoria: <strong>ONA \/ Akcesoria \/ Plecaki<\/strong><\/li>\n<li>kolor: <strong>brzoskwiniowy<\/strong><\/li>\n<\/ul>\n<p>Opis:<br \/>\nPlecak z kolekcji Puma. Model wykonany z g\u0142adkiego materia\u0142u. &#8211; Jednokomorowy model. &#8211; Kiesze\u0144 z przodu. &#8211; Zapi\u0119cie na dwustronny suwak. &#8211; Uchwyt do r\u0119ki. &#8211; Regulowana d\u0142ugo\u015b\u0107 pask\u00f3w. &#8211; Mie\u015bci format A4. &#8211; G\u0142\u0119boko\u015b\u0107: 13,5 cm. &#8211; Wysoko\u015b\u0107: 43,5 cm. &#8211; Szeroko\u015b\u0107 u podstawy: 28 cm. Sk\u0142ad: 100 % Poliester, ID produktu: 4911-PKD02H Kod producenta: 075487<\/p>\n","protected":false},"excerpt":{"rendered":"<p>Parametry produktu: cena: 89.9 PLN marka: Puma p\u0142e\u0107: Female kategoria: ONA \/ Akcesoria \/ Plecaki kolor: brzoskwiniowy Opis: Plecak z kolekcji Puma. Model wykonany z g\u0142adkiego materia\u0142u. &#8211; Jednokomorowy model.<\/p>\n","protected":false},"featured_media":7134,"comment_status":"closed","ping_status":"open","template":"","meta":[],"class_list":{"0":"post-7133","1":"product","2":"type-product","3":"status-publish","5":"hentry","6":"product_cat-akcesoria","7":"product_cat-ona","8":"product_cat-plecaki","9":"product_tag-puma","10":"product_tag-puma-plecak"},"yoast_head":"<!-- This site is optimized with the Yoast SEO plugin v15.6.2 - https:\/\/yoast.com\/wordpress\/plugins\/seo\/ -->\n<title>Puma - Plecak<\/title>\n<meta name=\"robots\" content=\"index, follow, max-snippet:-1, max-image-preview:large, max-video-preview:-1\" \/>\n<link rel=\"canonical\" href=\"https:\/\/torebunia.pl\/sklep\/produkt\/puma-plecak-4\/\" \/>\n<meta property=\"og:locale\" content=\"pl_PL\" \/>\n<meta property=\"og:type\" content=\"article\" \/>\n<meta property=\"og:title\" content=\"Puma - Plecak\" \/>\n<meta property=\"og:description\" content=\"Parametry produktu: cena: 89.9 PLN marka: Puma p\u0142e\u0107: Female kategoria: ONA \/ Akcesoria \/ Plecaki kolor: brzoskwiniowy Opis: Plecak z kolekcji Puma. Model wykonany z g\u0142adkiego materia\u0142u. &#8211; Jednokomorowy model.\" \/>\n<meta property=\"og:url\" content=\"https:\/\/torebunia.pl\/sklep\/produkt\/puma-plecak-4\/\" \/>\n<meta property=\"og:site_name\" content=\"Moje Blog\" \/>\n<meta property=\"article:modified_time\" content=\"2021-01-25T16:50:25+00:00\" \/>\n<meta property=\"og:image\" content=\"https:\/\/torebunia.pl\/sklep\/wp-content\/uploads\/2021\/01\/64fd5cb0cc2d54da0d49295efcc84323326716fe.jpg\" \/>\n\t<meta property=\"og:image:width\" content=\"855\" \/>\n\t<meta property=\"og:image:height\" content=\"1290\" \/>\n<meta name=\"twitter:card\" content=\"summary_large_image\" \/>\n<script type=\"application\/ld+json\" class=\"yoast-schema-graph\">{\"@context\":\"https:\/\/schema.org\",\"@graph\":[{\"@type\":\"WebSite\",\"@id\":\"https:\/\/torebunia.pl\/sklep\/#website\",\"url\":\"https:\/\/torebunia.pl\/sklep\/\",\"name\":\"Moje Blog\",\"description\":\"Kolejna witryna WordPress\",\"potentialAction\":[{\"@type\":\"SearchAction\",\"target\":\"https:\/\/torebunia.pl\/sklep\/?s={search_term_string}\",\"query-input\":\"required name=search_term_string\"}],\"inLanguage\":\"pl-PL\"},{\"@type\":\"ImageObject\",\"@id\":\"https:\/\/torebunia.pl\/sklep\/produkt\/puma-plecak-4\/#primaryimage\",\"inLanguage\":\"pl-PL\",\"url\":\"https:\/\/torebunia.pl\/sklep\/wp-content\/uploads\/2021\/01\/64fd5cb0cc2d54da0d49295efcc84323326716fe.jpg\",\"width\":855,\"height\":1290,\"caption\":\"Puma - Plecak\"},{\"@type\":\"WebPage\",\"@id\":\"https:\/\/torebunia.pl\/sklep\/produkt\/puma-plecak-4\/#webpage\",\"url\":\"https:\/\/torebunia.pl\/sklep\/produkt\/puma-plecak-4\/\",\"name\":\"Puma - Plecak\",\"isPartOf\":{\"@id\":\"https:\/\/torebunia.pl\/sklep\/#website\"},\"primaryImageOfPage\":{\"@id\":\"https:\/\/torebunia.pl\/sklep\/produkt\/puma-plecak-4\/#primaryimage\"},\"datePublished\":\"2021-01-21T06:31:44+00:00\",\"dateModified\":\"2021-01-25T16:50:25+00:00\",\"inLanguage\":\"pl-PL\",\"potentialAction\":[{\"@type\":\"ReadAction\",\"target\":[\"https:\/\/torebunia.pl\/sklep\/produkt\/puma-plecak-4\/\"]}]}]}<\/script>\n<!-- \/ Yoast SEO plugin. -->","_links":{"self":[{"href":"https:\/\/torebunia.pl\/sklep\/wp-json\/wp\/v2\/product\/7133","targetHints":{"allow":["GET"]}}],"collection":[{"href":"https:\/\/torebunia.pl\/sklep\/wp-json\/wp\/v2\/product"}],"about":[{"href":"https:\/\/torebunia.pl\/sklep\/wp-json\/wp\/v2\/types\/product"}],"replies":[{"embeddable":true,"href":"https:\/\/torebunia.pl\/sklep\/wp-json\/wp\/v2\/comments?post=7133"}],"wp:featuredmedia":[{"embeddable":true,"href":"https:\/\/torebunia.pl\/sklep\/wp-json\/wp\/v2\/media\/7134"}],"wp:attachment":[{"href":"https:\/\/torebunia.pl\/sklep\/wp-json\/wp\/v2\/media?parent=7133"}],"curies":[{"name":"wp","href":"https:\/\/api.w.org\/{rel}","templated":true}]}}