{"id":7045,"date":"2020-12-18T18:29:55","date_gmt":"2020-12-18T18:29:55","guid":{"rendered":"https:\/\/torebunia.pl\/sklep\/produkt\/after-label-kurtka-puchowa-4\/"},"modified":"2021-01-27T12:53:20","modified_gmt":"2021-01-27T12:53:20","slug":"after-label-kurtka-puchowa-4","status":"publish","type":"product","link":"https:\/\/torebunia.pl\/sklep\/produkt\/after-label-kurtka-puchowa-4\/","title":{"rendered":"After Label &#8211; Kurtka puchowa"},"content":{"rendered":"<p>Parametry produktu:<\/p>\n<ul>\n<li>cena: <strong>2019.0 PLN<\/strong><\/li>\n<li>marka: <strong>After Label<\/strong><\/li>\n<li>p\u0142e\u0107: <strong>Female<\/strong><\/li>\n<li>kategoria: <strong>ONA \/ Odzie\u017c \/ Kurtki i p\u0142aszcze \/ Kurtki d\u0142ugie<\/strong><\/li>\n<li>kolor: <strong>czerwony<\/strong><\/li>\n<\/ul>\n<p>Opis:<br \/>\nKurtka puchowa z kolekcji After Label. Lekko ocieplony model wykonany z g\u0142adkiej tkaniny. &#8211; Prosty fason. &#8211; Model wodoodporny. &#8211; Zapi\u0119cie na zatrzaski. &#8211; W talii pasek. &#8211; Zapinane i wsuwane kieszenie zewn\u0119trzne. &#8211; Ocieplony model na podszewce. &#8211; Klasyczne klapy. &#8211; D\u0142ugo\u015b\u0107 r\u0119kawa: 60 cm. &#8211; D\u0142ugo\u015b\u0107: 112 cm. &#8211; Szeroko\u015b\u0107 pod pachami: 48 cm. &#8211; Szeroko\u015b\u0107 w ramionach: 37 cm. &#8211; Wymiary podane dla rozmiaru: XS. Podszewka: z podszewk\u0105 Kaptur: bez kaptura Ocieplenie: lekko ocieplane Ocieplenie: puchowe Ocieplenie: puchowe lekkie Sk\u0142ad: Podszewka: 100 % Poliamid, Wype\u0142nienie: 10 % Pierze, 90 % Puch, Materia\u0142 zasadniczy: 100 % Poliamid ID produktu: 4900-KUD0ZY Kod producenta: AL234.343K.460<\/p>\n","protected":false},"excerpt":{"rendered":"<p>Parametry produktu: cena: 2019.0 PLN marka: After Label p\u0142e\u0107: Female kategoria: ONA \/ Odzie\u017c \/ Kurtki i p\u0142aszcze \/ Kurtki d\u0142ugie kolor: czerwony Opis: Kurtka puchowa z kolekcji After Label.<\/p>\n","protected":false},"featured_media":7046,"comment_status":"closed","ping_status":"open","template":"","meta":[],"class_list":{"0":"post-7045","1":"product","2":"type-product","3":"status-publish","5":"hentry","6":"product_cat-kurtki-dlugie","7":"product_cat-kurtki-i-plaszcze","8":"product_cat-odziez","9":"product_cat-ona","10":"product_tag-after-label","11":"product_tag-after-label-kurtka-puchowa"},"yoast_head":"<!-- This site is optimized with the Yoast SEO plugin v15.6.2 - https:\/\/yoast.com\/wordpress\/plugins\/seo\/ -->\n<title>After Label - Kurtka puchowa<\/title>\n<meta name=\"robots\" content=\"index, follow, max-snippet:-1, max-image-preview:large, max-video-preview:-1\" \/>\n<link rel=\"canonical\" href=\"https:\/\/torebunia.pl\/sklep\/produkt\/after-label-kurtka-puchowa-4\/\" \/>\n<meta property=\"og:locale\" content=\"pl_PL\" \/>\n<meta property=\"og:type\" content=\"article\" \/>\n<meta property=\"og:title\" content=\"After Label - Kurtka puchowa\" \/>\n<meta property=\"og:description\" content=\"Parametry produktu: cena: 2019.0 PLN marka: After Label p\u0142e\u0107: Female kategoria: ONA \/ Odzie\u017c \/ Kurtki i p\u0142aszcze \/ Kurtki d\u0142ugie kolor: czerwony Opis: Kurtka puchowa z kolekcji After Label.\" \/>\n<meta property=\"og:url\" content=\"https:\/\/torebunia.pl\/sklep\/produkt\/after-label-kurtka-puchowa-4\/\" \/>\n<meta property=\"og:site_name\" content=\"Moje Blog\" \/>\n<meta property=\"article:modified_time\" content=\"2021-01-27T12:53:20+00:00\" \/>\n<meta property=\"og:image\" content=\"https:\/\/torebunia.pl\/sklep\/wp-content\/uploads\/2021\/01\/0e1daab887f74cc993c077fb747f54d4d9644f9e-1.jpg\" \/>\n\t<meta property=\"og:image:width\" content=\"855\" \/>\n\t<meta property=\"og:image:height\" content=\"1290\" \/>\n<meta name=\"twitter:card\" content=\"summary_large_image\" \/>\n<meta name=\"twitter:label1\" content=\"Est. reading time\">\n\t<meta name=\"twitter:data1\" content=\"1 minuta\">\n<script type=\"application\/ld+json\" class=\"yoast-schema-graph\">{\"@context\":\"https:\/\/schema.org\",\"@graph\":[{\"@type\":\"WebSite\",\"@id\":\"https:\/\/torebunia.pl\/sklep\/#website\",\"url\":\"https:\/\/torebunia.pl\/sklep\/\",\"name\":\"Moje Blog\",\"description\":\"Kolejna witryna WordPress\",\"potentialAction\":[{\"@type\":\"SearchAction\",\"target\":\"https:\/\/torebunia.pl\/sklep\/?s={search_term_string}\",\"query-input\":\"required name=search_term_string\"}],\"inLanguage\":\"pl-PL\"},{\"@type\":\"ImageObject\",\"@id\":\"https:\/\/torebunia.pl\/sklep\/produkt\/after-label-kurtka-puchowa-4\/#primaryimage\",\"inLanguage\":\"pl-PL\",\"url\":\"https:\/\/torebunia.pl\/sklep\/wp-content\/uploads\/2021\/01\/0e1daab887f74cc993c077fb747f54d4d9644f9e-1.jpg\",\"width\":855,\"height\":1290,\"caption\":\"After Label - Kurtka puchowa\"},{\"@type\":\"WebPage\",\"@id\":\"https:\/\/torebunia.pl\/sklep\/produkt\/after-label-kurtka-puchowa-4\/#webpage\",\"url\":\"https:\/\/torebunia.pl\/sklep\/produkt\/after-label-kurtka-puchowa-4\/\",\"name\":\"After Label - Kurtka puchowa\",\"isPartOf\":{\"@id\":\"https:\/\/torebunia.pl\/sklep\/#website\"},\"primaryImageOfPage\":{\"@id\":\"https:\/\/torebunia.pl\/sklep\/produkt\/after-label-kurtka-puchowa-4\/#primaryimage\"},\"datePublished\":\"2020-12-18T18:29:55+00:00\",\"dateModified\":\"2021-01-27T12:53:20+00:00\",\"inLanguage\":\"pl-PL\",\"potentialAction\":[{\"@type\":\"ReadAction\",\"target\":[\"https:\/\/torebunia.pl\/sklep\/produkt\/after-label-kurtka-puchowa-4\/\"]}]}]}<\/script>\n<!-- \/ Yoast SEO plugin. -->","_links":{"self":[{"href":"https:\/\/torebunia.pl\/sklep\/wp-json\/wp\/v2\/product\/7045","targetHints":{"allow":["GET"]}}],"collection":[{"href":"https:\/\/torebunia.pl\/sklep\/wp-json\/wp\/v2\/product"}],"about":[{"href":"https:\/\/torebunia.pl\/sklep\/wp-json\/wp\/v2\/types\/product"}],"replies":[{"embeddable":true,"href":"https:\/\/torebunia.pl\/sklep\/wp-json\/wp\/v2\/comments?post=7045"}],"wp:featuredmedia":[{"embeddable":true,"href":"https:\/\/torebunia.pl\/sklep\/wp-json\/wp\/v2\/media\/7046"}],"wp:attachment":[{"href":"https:\/\/torebunia.pl\/sklep\/wp-json\/wp\/v2\/media?parent=7045"}],"curies":[{"name":"wp","href":"https:\/\/api.w.org\/{rel}","templated":true}]}}