{"id":7027,"date":"2020-06-18T14:23:12","date_gmt":"2020-06-18T14:23:12","guid":{"rendered":"https:\/\/torebunia.pl\/sklep\/produkt\/g-star-raw-spodnica\/"},"modified":"2021-01-27T12:53:06","modified_gmt":"2021-01-27T12:53:06","slug":"g-star-raw-spodnica","status":"publish","type":"product","link":"https:\/\/torebunia.pl\/sklep\/produkt\/g-star-raw-spodnica\/","title":{"rendered":"G-Star Raw &#8211; Sp\u00f3dnica"},"content":{"rendered":"<p>Parametry produktu:<\/p>\n<ul>\n<li>cena: <strong>419.9 PLN<\/strong><\/li>\n<li>marka: <strong>G-Star Raw<\/strong><\/li>\n<li>p\u0142e\u0107: <strong>Female<\/strong><\/li>\n<li>kategoria: <strong>ONA \/ Odzie\u017c \/ Sp\u00f3dnice<\/strong><\/li>\n<li>kolor: <strong>niebieski<\/strong><\/li>\n<\/ul>\n<p>Opis:<br \/>\nSp\u00f3dnica z kolekcji G-Star Raw. Model o o\u0142\u00f3wkowym kroju, wykonany z denimu. &#8211; O\u0142\u00f3wkowy fason. &#8211; Zapinane kieszenie. &#8211; Podwy\u017cszona talia. &#8211; Zapi\u0119cie na guzik i suwak. Wz\u00f3r: g\u0142adkie D\u0142ugo\u015b\u0107: midi Materia\u0142: jeans Okazje: casual Fason: o\u0142\u00f3wkowy Sk\u0142ad: 91 % Bawe\u0142na, 2 % Elastan, 7 % Elastomultiester ID produktu: 4901-SDD071 Kod producenta: D15322.8968<\/p>\n","protected":false},"excerpt":{"rendered":"<p>Parametry produktu: cena: 419.9 PLN marka: G-Star Raw p\u0142e\u0107: Female kategoria: ONA \/ Odzie\u017c \/ Sp\u00f3dnice kolor: niebieski Opis: Sp\u00f3dnica z kolekcji G-Star Raw. Model o o\u0142\u00f3wkowym kroju, wykonany z<\/p>\n","protected":false},"featured_media":7028,"comment_status":"closed","ping_status":"open","template":"","meta":[],"class_list":{"0":"post-7027","1":"product","2":"type-product","3":"status-publish","5":"hentry","6":"product_cat-odziez","7":"product_cat-ona","8":"product_cat-spodnice","9":"product_tag-g-star-raw","10":"product_tag-g-star-raw-spodnica"},"yoast_head":"<!-- This site is optimized with the Yoast SEO plugin v15.6.2 - https:\/\/yoast.com\/wordpress\/plugins\/seo\/ -->\n<title>G-Star Raw - Sp\u00f3dnica<\/title>\n<meta name=\"robots\" content=\"index, follow, max-snippet:-1, max-image-preview:large, max-video-preview:-1\" \/>\n<link rel=\"canonical\" href=\"https:\/\/torebunia.pl\/sklep\/produkt\/g-star-raw-spodnica\/\" \/>\n<meta property=\"og:locale\" content=\"pl_PL\" \/>\n<meta property=\"og:type\" content=\"article\" \/>\n<meta property=\"og:title\" content=\"G-Star Raw - Sp\u00f3dnica\" \/>\n<meta property=\"og:description\" content=\"Parametry produktu: cena: 419.9 PLN marka: G-Star Raw p\u0142e\u0107: Female kategoria: ONA \/ Odzie\u017c \/ Sp\u00f3dnice kolor: niebieski Opis: Sp\u00f3dnica z kolekcji G-Star Raw. Model o o\u0142\u00f3wkowym kroju, wykonany z\" \/>\n<meta property=\"og:url\" content=\"https:\/\/torebunia.pl\/sklep\/produkt\/g-star-raw-spodnica\/\" \/>\n<meta property=\"og:site_name\" content=\"Moje Blog\" \/>\n<meta property=\"article:modified_time\" content=\"2021-01-27T12:53:06+00:00\" \/>\n<meta property=\"og:image\" content=\"https:\/\/torebunia.pl\/sklep\/wp-content\/uploads\/2021\/01\/b8c097c3895d3767011a862255c2bb47f2dce820.jpg\" \/>\n\t<meta property=\"og:image:width\" content=\"855\" \/>\n\t<meta property=\"og:image:height\" content=\"1290\" \/>\n<meta name=\"twitter:card\" content=\"summary_large_image\" \/>\n<script type=\"application\/ld+json\" class=\"yoast-schema-graph\">{\"@context\":\"https:\/\/schema.org\",\"@graph\":[{\"@type\":\"WebSite\",\"@id\":\"https:\/\/torebunia.pl\/sklep\/#website\",\"url\":\"https:\/\/torebunia.pl\/sklep\/\",\"name\":\"Moje Blog\",\"description\":\"Kolejna witryna WordPress\",\"potentialAction\":[{\"@type\":\"SearchAction\",\"target\":\"https:\/\/torebunia.pl\/sklep\/?s={search_term_string}\",\"query-input\":\"required name=search_term_string\"}],\"inLanguage\":\"pl-PL\"},{\"@type\":\"ImageObject\",\"@id\":\"https:\/\/torebunia.pl\/sklep\/produkt\/g-star-raw-spodnica\/#primaryimage\",\"inLanguage\":\"pl-PL\",\"url\":\"https:\/\/torebunia.pl\/sklep\/wp-content\/uploads\/2021\/01\/b8c097c3895d3767011a862255c2bb47f2dce820.jpg\",\"width\":855,\"height\":1290,\"caption\":\"G-Star Raw - Sp\\u00f3dnica\"},{\"@type\":\"WebPage\",\"@id\":\"https:\/\/torebunia.pl\/sklep\/produkt\/g-star-raw-spodnica\/#webpage\",\"url\":\"https:\/\/torebunia.pl\/sklep\/produkt\/g-star-raw-spodnica\/\",\"name\":\"G-Star Raw - Sp\\u00f3dnica\",\"isPartOf\":{\"@id\":\"https:\/\/torebunia.pl\/sklep\/#website\"},\"primaryImageOfPage\":{\"@id\":\"https:\/\/torebunia.pl\/sklep\/produkt\/g-star-raw-spodnica\/#primaryimage\"},\"datePublished\":\"2020-06-18T14:23:12+00:00\",\"dateModified\":\"2021-01-27T12:53:06+00:00\",\"inLanguage\":\"pl-PL\",\"potentialAction\":[{\"@type\":\"ReadAction\",\"target\":[\"https:\/\/torebunia.pl\/sklep\/produkt\/g-star-raw-spodnica\/\"]}]}]}<\/script>\n<!-- \/ Yoast SEO plugin. -->","_links":{"self":[{"href":"https:\/\/torebunia.pl\/sklep\/wp-json\/wp\/v2\/product\/7027","targetHints":{"allow":["GET"]}}],"collection":[{"href":"https:\/\/torebunia.pl\/sklep\/wp-json\/wp\/v2\/product"}],"about":[{"href":"https:\/\/torebunia.pl\/sklep\/wp-json\/wp\/v2\/types\/product"}],"replies":[{"embeddable":true,"href":"https:\/\/torebunia.pl\/sklep\/wp-json\/wp\/v2\/comments?post=7027"}],"wp:featuredmedia":[{"embeddable":true,"href":"https:\/\/torebunia.pl\/sklep\/wp-json\/wp\/v2\/media\/7028"}],"wp:attachment":[{"href":"https:\/\/torebunia.pl\/sklep\/wp-json\/wp\/v2\/media?parent=7027"}],"curies":[{"name":"wp","href":"https:\/\/api.w.org\/{rel}","templated":true}]}}