{"id":7017,"date":"2021-01-11T10:11:29","date_gmt":"2021-01-11T10:11:29","guid":{"rendered":"https:\/\/torebunia.pl\/sklep\/produkt\/answear-pasek-answear-lab-3\/"},"modified":"2021-01-27T12:52:59","modified_gmt":"2021-01-27T12:52:59","slug":"answear-pasek-answear-lab-3","status":"publish","type":"product","link":"https:\/\/torebunia.pl\/sklep\/produkt\/answear-pasek-answear-lab-3\/","title":{"rendered":"Answear &#8211; Pasek Answear Lab"},"content":{"rendered":"<p>Parametry produktu:<\/p>\n<ul>\n<li>cena: <strong>49.9 PLN<\/strong><\/li>\n<li>marka: <strong>ANSWEAR<\/strong><\/li>\n<li>p\u0142e\u0107: <strong>Female<\/strong><\/li>\n<li>kategoria: <strong>ONA \/ Akcesoria \/ Paski<\/strong><\/li>\n<li>kolor: <strong>be\u017cowy<\/strong><\/li>\n<\/ul>\n<p>Opis:<br \/>\nPasek z kolekcji Answear. Model wykonany z plecionego materia\u0142u. &#8211; D\u0142ugo\u015b\u0107 paska: 93 cm. &#8211; Szeroko\u015b\u0107 paska: 5,5 cm. &#8211; Wymiary podane dla paska o rozmiarze: 95. Materia\u0142: tekstylny Sk\u0142ad: 50 % Elastan, 50 % Poliester ID produktu: -100-PAD01M Kod producenta: SL002.DA<\/p>\n","protected":false},"excerpt":{"rendered":"<p>Parametry produktu: cena: 49.9 PLN marka: ANSWEAR p\u0142e\u0107: Female kategoria: ONA \/ Akcesoria \/ Paski kolor: be\u017cowy Opis: Pasek z kolekcji Answear. Model wykonany z plecionego materia\u0142u. &#8211; D\u0142ugo\u015b\u0107 paska:<\/p>\n","protected":false},"featured_media":7018,"comment_status":"closed","ping_status":"open","template":"","meta":[],"class_list":{"0":"post-7017","1":"product","2":"type-product","3":"status-publish","5":"hentry","6":"product_cat-akcesoria","7":"product_cat-ona","8":"product_cat-paski","9":"product_tag-answear","10":"product_tag-answear-pasek-answear-lab"},"yoast_head":"<!-- This site is optimized with the Yoast SEO plugin v15.6.2 - https:\/\/yoast.com\/wordpress\/plugins\/seo\/ -->\n<title>Answear - Pasek Answear Lab<\/title>\n<meta name=\"robots\" content=\"index, follow, max-snippet:-1, max-image-preview:large, max-video-preview:-1\" \/>\n<link rel=\"canonical\" href=\"https:\/\/torebunia.pl\/sklep\/produkt\/answear-pasek-answear-lab-3\/\" \/>\n<meta property=\"og:locale\" content=\"pl_PL\" \/>\n<meta property=\"og:type\" content=\"article\" \/>\n<meta property=\"og:title\" content=\"Answear - Pasek Answear Lab\" \/>\n<meta property=\"og:description\" content=\"Parametry produktu: cena: 49.9 PLN marka: ANSWEAR p\u0142e\u0107: Female kategoria: ONA \/ Akcesoria \/ Paski kolor: be\u017cowy Opis: Pasek z kolekcji Answear. Model wykonany z plecionego materia\u0142u. &#8211; D\u0142ugo\u015b\u0107 paska:\" \/>\n<meta property=\"og:url\" content=\"https:\/\/torebunia.pl\/sklep\/produkt\/answear-pasek-answear-lab-3\/\" \/>\n<meta property=\"og:site_name\" content=\"Moje Blog\" \/>\n<meta property=\"article:modified_time\" content=\"2021-01-27T12:52:59+00:00\" \/>\n<meta property=\"og:image\" content=\"https:\/\/torebunia.pl\/sklep\/wp-content\/uploads\/2021\/01\/f6681d5c32ac5e1b2227cd8b9208b18941f5a3b7.jpg\" \/>\n\t<meta property=\"og:image:width\" content=\"855\" \/>\n\t<meta property=\"og:image:height\" content=\"1290\" \/>\n<meta name=\"twitter:card\" content=\"summary_large_image\" \/>\n<script type=\"application\/ld+json\" class=\"yoast-schema-graph\">{\"@context\":\"https:\/\/schema.org\",\"@graph\":[{\"@type\":\"WebSite\",\"@id\":\"https:\/\/torebunia.pl\/sklep\/#website\",\"url\":\"https:\/\/torebunia.pl\/sklep\/\",\"name\":\"Moje Blog\",\"description\":\"Kolejna witryna WordPress\",\"potentialAction\":[{\"@type\":\"SearchAction\",\"target\":\"https:\/\/torebunia.pl\/sklep\/?s={search_term_string}\",\"query-input\":\"required name=search_term_string\"}],\"inLanguage\":\"pl-PL\"},{\"@type\":\"ImageObject\",\"@id\":\"https:\/\/torebunia.pl\/sklep\/produkt\/answear-pasek-answear-lab-3\/#primaryimage\",\"inLanguage\":\"pl-PL\",\"url\":\"https:\/\/torebunia.pl\/sklep\/wp-content\/uploads\/2021\/01\/f6681d5c32ac5e1b2227cd8b9208b18941f5a3b7.jpg\",\"width\":855,\"height\":1290,\"caption\":\"Answear - Pasek Answear Lab\"},{\"@type\":\"WebPage\",\"@id\":\"https:\/\/torebunia.pl\/sklep\/produkt\/answear-pasek-answear-lab-3\/#webpage\",\"url\":\"https:\/\/torebunia.pl\/sklep\/produkt\/answear-pasek-answear-lab-3\/\",\"name\":\"Answear - Pasek Answear Lab\",\"isPartOf\":{\"@id\":\"https:\/\/torebunia.pl\/sklep\/#website\"},\"primaryImageOfPage\":{\"@id\":\"https:\/\/torebunia.pl\/sklep\/produkt\/answear-pasek-answear-lab-3\/#primaryimage\"},\"datePublished\":\"2021-01-11T10:11:29+00:00\",\"dateModified\":\"2021-01-27T12:52:59+00:00\",\"inLanguage\":\"pl-PL\",\"potentialAction\":[{\"@type\":\"ReadAction\",\"target\":[\"https:\/\/torebunia.pl\/sklep\/produkt\/answear-pasek-answear-lab-3\/\"]}]}]}<\/script>\n<!-- \/ Yoast SEO plugin. -->","_links":{"self":[{"href":"https:\/\/torebunia.pl\/sklep\/wp-json\/wp\/v2\/product\/7017","targetHints":{"allow":["GET"]}}],"collection":[{"href":"https:\/\/torebunia.pl\/sklep\/wp-json\/wp\/v2\/product"}],"about":[{"href":"https:\/\/torebunia.pl\/sklep\/wp-json\/wp\/v2\/types\/product"}],"replies":[{"embeddable":true,"href":"https:\/\/torebunia.pl\/sklep\/wp-json\/wp\/v2\/comments?post=7017"}],"wp:featuredmedia":[{"embeddable":true,"href":"https:\/\/torebunia.pl\/sklep\/wp-json\/wp\/v2\/media\/7018"}],"wp:attachment":[{"href":"https:\/\/torebunia.pl\/sklep\/wp-json\/wp\/v2\/media?parent=7017"}],"curies":[{"name":"wp","href":"https:\/\/api.w.org\/{rel}","templated":true}]}}