{"id":6819,"date":"2020-04-24T02:36:22","date_gmt":"2020-04-24T02:36:22","guid":{"rendered":"https:\/\/torebunia.pl\/sklep\/produkt\/karl-lagerfeld-espadryle-2\/"},"modified":"2021-01-27T12:49:18","modified_gmt":"2021-01-27T12:49:18","slug":"karl-lagerfeld-espadryle-2","status":"publish","type":"product","link":"https:\/\/torebunia.pl\/sklep\/produkt\/karl-lagerfeld-espadryle-2\/","title":{"rendered":"Karl Lagerfeld &#8211; Espadryle"},"content":{"rendered":"<p>Parametry produktu:<\/p>\n<ul>\n<li>cena: <strong>639.9 PLN<\/strong><\/li>\n<li>marka: <strong>Karl Lagerfeld<\/strong><\/li>\n<li>p\u0142e\u0107: <strong>Female<\/strong><\/li>\n<li>kategoria: <strong>ONA \/ Obuwie \/ Espadryle<\/strong><\/li>\n<li>kolor: <strong>czarny<\/strong><\/li>\n<\/ul>\n<p>Opis:<br \/>\nEspadryle z kolekcji Karl Lagerfeld. Model wykonany z po\u0142\u0105czenia materia\u0142u tekstylnego i sk\u00f3ry ekologicznej. &#8211; Okr\u0105g\u0142y nosek. &#8211; Stabilna podeszwa. &#8211; Model na koturnie. &#8211; Sznurowany model. Materia\u0142: tekstylny Obcas: koturn Materia\u0142: imitacja sk\u00f3ry licowej Sk\u0142ad: Cholewka: Materia\u0142 syntetyczny, Materia\u0142 tekstylny, Wn\u0119trze: Sk\u00f3ra naturalna, Podeszwa: Materia\u0142 syntetyczny ID produktu: 4901-OBD2GA Kod producenta: KL32208<\/p>\n","protected":false},"excerpt":{"rendered":"<p>Parametry produktu: cena: 639.9 PLN marka: Karl Lagerfeld p\u0142e\u0107: Female kategoria: ONA \/ Obuwie \/ Espadryle kolor: czarny Opis: Espadryle z kolekcji Karl Lagerfeld. Model wykonany z po\u0142\u0105czenia materia\u0142u tekstylnego<\/p>\n","protected":false},"featured_media":6820,"comment_status":"closed","ping_status":"open","template":"","meta":[],"class_list":{"0":"post-6819","1":"product","2":"type-product","3":"status-publish","5":"hentry","6":"product_cat-espadryle","7":"product_cat-obuwie","8":"product_cat-ona","9":"product_tag-karl-lagerfeld","10":"product_tag-karl-lagerfeld-espadryle"},"yoast_head":"<!-- This site is optimized with the Yoast SEO plugin v15.6.2 - https:\/\/yoast.com\/wordpress\/plugins\/seo\/ -->\n<title>Karl Lagerfeld - Espadryle<\/title>\n<meta name=\"robots\" content=\"index, follow, max-snippet:-1, max-image-preview:large, max-video-preview:-1\" \/>\n<link rel=\"canonical\" href=\"https:\/\/torebunia.pl\/sklep\/produkt\/karl-lagerfeld-espadryle-2\/\" \/>\n<meta property=\"og:locale\" content=\"pl_PL\" \/>\n<meta property=\"og:type\" content=\"article\" \/>\n<meta property=\"og:title\" content=\"Karl Lagerfeld - Espadryle\" \/>\n<meta property=\"og:description\" content=\"Parametry produktu: cena: 639.9 PLN marka: Karl Lagerfeld p\u0142e\u0107: Female kategoria: ONA \/ Obuwie \/ Espadryle kolor: czarny Opis: Espadryle z kolekcji Karl Lagerfeld. Model wykonany z po\u0142\u0105czenia materia\u0142u tekstylnego\" \/>\n<meta property=\"og:url\" content=\"https:\/\/torebunia.pl\/sklep\/produkt\/karl-lagerfeld-espadryle-2\/\" \/>\n<meta property=\"og:site_name\" content=\"Moje Blog\" \/>\n<meta property=\"article:modified_time\" content=\"2021-01-27T12:49:18+00:00\" \/>\n<meta property=\"og:image\" content=\"https:\/\/torebunia.pl\/sklep\/wp-content\/uploads\/2021\/01\/64e213cc455d27b30257c49a3ec829204af2e6bb.jpg\" \/>\n\t<meta property=\"og:image:width\" content=\"855\" \/>\n\t<meta property=\"og:image:height\" content=\"1290\" \/>\n<meta name=\"twitter:card\" content=\"summary_large_image\" \/>\n<script type=\"application\/ld+json\" class=\"yoast-schema-graph\">{\"@context\":\"https:\/\/schema.org\",\"@graph\":[{\"@type\":\"WebSite\",\"@id\":\"https:\/\/torebunia.pl\/sklep\/#website\",\"url\":\"https:\/\/torebunia.pl\/sklep\/\",\"name\":\"Moje Blog\",\"description\":\"Kolejna witryna WordPress\",\"potentialAction\":[{\"@type\":\"SearchAction\",\"target\":\"https:\/\/torebunia.pl\/sklep\/?s={search_term_string}\",\"query-input\":\"required name=search_term_string\"}],\"inLanguage\":\"pl-PL\"},{\"@type\":\"ImageObject\",\"@id\":\"https:\/\/torebunia.pl\/sklep\/produkt\/karl-lagerfeld-espadryle-2\/#primaryimage\",\"inLanguage\":\"pl-PL\",\"url\":\"https:\/\/torebunia.pl\/sklep\/wp-content\/uploads\/2021\/01\/64e213cc455d27b30257c49a3ec829204af2e6bb.jpg\",\"width\":855,\"height\":1290,\"caption\":\"Karl Lagerfeld - Espadryle\"},{\"@type\":\"WebPage\",\"@id\":\"https:\/\/torebunia.pl\/sklep\/produkt\/karl-lagerfeld-espadryle-2\/#webpage\",\"url\":\"https:\/\/torebunia.pl\/sklep\/produkt\/karl-lagerfeld-espadryle-2\/\",\"name\":\"Karl Lagerfeld - Espadryle\",\"isPartOf\":{\"@id\":\"https:\/\/torebunia.pl\/sklep\/#website\"},\"primaryImageOfPage\":{\"@id\":\"https:\/\/torebunia.pl\/sklep\/produkt\/karl-lagerfeld-espadryle-2\/#primaryimage\"},\"datePublished\":\"2020-04-24T02:36:22+00:00\",\"dateModified\":\"2021-01-27T12:49:18+00:00\",\"inLanguage\":\"pl-PL\",\"potentialAction\":[{\"@type\":\"ReadAction\",\"target\":[\"https:\/\/torebunia.pl\/sklep\/produkt\/karl-lagerfeld-espadryle-2\/\"]}]}]}<\/script>\n<!-- \/ Yoast SEO plugin. -->","_links":{"self":[{"href":"https:\/\/torebunia.pl\/sklep\/wp-json\/wp\/v2\/product\/6819","targetHints":{"allow":["GET"]}}],"collection":[{"href":"https:\/\/torebunia.pl\/sklep\/wp-json\/wp\/v2\/product"}],"about":[{"href":"https:\/\/torebunia.pl\/sklep\/wp-json\/wp\/v2\/types\/product"}],"replies":[{"embeddable":true,"href":"https:\/\/torebunia.pl\/sklep\/wp-json\/wp\/v2\/comments?post=6819"}],"wp:featuredmedia":[{"embeddable":true,"href":"https:\/\/torebunia.pl\/sklep\/wp-json\/wp\/v2\/media\/6820"}],"wp:attachment":[{"href":"https:\/\/torebunia.pl\/sklep\/wp-json\/wp\/v2\/media?parent=6819"}],"curies":[{"name":"wp","href":"https:\/\/api.w.org\/{rel}","templated":true}]}}