{"id":6657,"date":"2021-01-25T14:51:18","date_gmt":"2021-01-25T14:51:18","guid":{"rendered":"https:\/\/torebunia.pl\/sklep\/produkt\/medicine-koszula-acid-bouquet\/"},"modified":"2021-01-27T12:47:19","modified_gmt":"2021-01-27T12:47:19","slug":"medicine-koszula-acid-bouquet","status":"publish","type":"product","link":"https:\/\/torebunia.pl\/sklep\/produkt\/medicine-koszula-acid-bouquet\/","title":{"rendered":"Medicine &#8211; Koszula Acid Bouquet"},"content":{"rendered":"<p>Parametry produktu:<\/p>\n<ul>\n<li>cena: <strong>89.9 PLN<\/strong><\/li>\n<li>marka: <strong>MEDICINE<\/strong><\/li>\n<li>p\u0142e\u0107: <strong>Female<\/strong><\/li>\n<li>kategoria: <strong>ONA \/ Odzie\u017c \/ Bluzki i koszule \/ Koszule<\/strong><\/li>\n<li>kolor: <strong>jasny oliwkowy<\/strong><\/li>\n<\/ul>\n<p>Opis:<br \/>\nKoszula z kolekcji Medicine. Model wykonany z g\u0142adkiej tkaniny. &#8211; Prosty fason. &#8211; Zapi\u0119cie na guziki. &#8211; R\u0119kawy z zapinanymi mankietami. &#8211; Kieszonka na piersi. &#8211; G\u0142adka tkanina. &#8211; Szeroko\u015b\u0107 pod pachami: 52 cm. &#8211; D\u0142ugo\u015b\u0107 r\u0119kawa: 57 cm. &#8211; D\u0142ugo\u015b\u0107: 72 cm. &#8211; Wymiary podane dla rozmiaru: S. Wz\u00f3r: g\u0142adkie Fason: regular R\u0119kaw: d\u0142ugi Ko\u0142nierzyk: klasyczny Okazje: casual Sk\u0142ad: 80 % Modal, 20 % Poliester ID produktu: 6910-KDD900 Kod producenta: RW19.KDD900<\/p>\n","protected":false},"excerpt":{"rendered":"<p>Parametry produktu: cena: 89.9 PLN marka: MEDICINE p\u0142e\u0107: Female kategoria: ONA \/ Odzie\u017c \/ Bluzki i koszule \/ Koszule kolor: jasny oliwkowy Opis: Koszula z kolekcji Medicine. Model wykonany z<\/p>\n","protected":false},"featured_media":6658,"comment_status":"closed","ping_status":"open","template":"","meta":[],"class_list":{"0":"post-6657","1":"product","2":"type-product","3":"status-publish","5":"hentry","6":"product_cat-bluzki-i-koszule","7":"product_cat-koszule","8":"product_cat-odziez","9":"product_cat-ona","10":"product_tag-medicine","11":"product_tag-medicine-koszula-acid-bouquet"},"yoast_head":"<!-- This site is optimized with the Yoast SEO plugin v15.6.2 - https:\/\/yoast.com\/wordpress\/plugins\/seo\/ -->\n<title>Medicine - Koszula Acid Bouquet<\/title>\n<meta name=\"robots\" content=\"index, follow, max-snippet:-1, max-image-preview:large, max-video-preview:-1\" \/>\n<link rel=\"canonical\" href=\"https:\/\/torebunia.pl\/sklep\/produkt\/medicine-koszula-acid-bouquet\/\" \/>\n<meta property=\"og:locale\" content=\"pl_PL\" \/>\n<meta property=\"og:type\" content=\"article\" \/>\n<meta property=\"og:title\" content=\"Medicine - Koszula Acid Bouquet\" \/>\n<meta property=\"og:description\" content=\"Parametry produktu: cena: 89.9 PLN marka: MEDICINE p\u0142e\u0107: Female kategoria: ONA \/ Odzie\u017c \/ Bluzki i koszule \/ Koszule kolor: jasny oliwkowy Opis: Koszula z kolekcji Medicine. Model wykonany z\" \/>\n<meta property=\"og:url\" content=\"https:\/\/torebunia.pl\/sklep\/produkt\/medicine-koszula-acid-bouquet\/\" \/>\n<meta property=\"og:site_name\" content=\"Moje Blog\" \/>\n<meta property=\"article:modified_time\" content=\"2021-01-27T12:47:19+00:00\" \/>\n<meta property=\"og:image\" content=\"https:\/\/torebunia.pl\/sklep\/wp-content\/uploads\/2021\/01\/0094e684b6c881116d32e1ffe4b7e47180f7e182.jpg\" \/>\n\t<meta property=\"og:image:width\" content=\"855\" \/>\n\t<meta property=\"og:image:height\" content=\"1290\" \/>\n<meta name=\"twitter:card\" content=\"summary_large_image\" \/>\n<script type=\"application\/ld+json\" class=\"yoast-schema-graph\">{\"@context\":\"https:\/\/schema.org\",\"@graph\":[{\"@type\":\"WebSite\",\"@id\":\"https:\/\/torebunia.pl\/sklep\/#website\",\"url\":\"https:\/\/torebunia.pl\/sklep\/\",\"name\":\"Moje Blog\",\"description\":\"Kolejna witryna WordPress\",\"potentialAction\":[{\"@type\":\"SearchAction\",\"target\":\"https:\/\/torebunia.pl\/sklep\/?s={search_term_string}\",\"query-input\":\"required name=search_term_string\"}],\"inLanguage\":\"pl-PL\"},{\"@type\":\"ImageObject\",\"@id\":\"https:\/\/torebunia.pl\/sklep\/produkt\/medicine-koszula-acid-bouquet\/#primaryimage\",\"inLanguage\":\"pl-PL\",\"url\":\"https:\/\/torebunia.pl\/sklep\/wp-content\/uploads\/2021\/01\/0094e684b6c881116d32e1ffe4b7e47180f7e182.jpg\",\"width\":855,\"height\":1290,\"caption\":\"Medicine - Koszula Acid Bouquet\"},{\"@type\":\"WebPage\",\"@id\":\"https:\/\/torebunia.pl\/sklep\/produkt\/medicine-koszula-acid-bouquet\/#webpage\",\"url\":\"https:\/\/torebunia.pl\/sklep\/produkt\/medicine-koszula-acid-bouquet\/\",\"name\":\"Medicine - Koszula Acid Bouquet\",\"isPartOf\":{\"@id\":\"https:\/\/torebunia.pl\/sklep\/#website\"},\"primaryImageOfPage\":{\"@id\":\"https:\/\/torebunia.pl\/sklep\/produkt\/medicine-koszula-acid-bouquet\/#primaryimage\"},\"datePublished\":\"2021-01-25T14:51:18+00:00\",\"dateModified\":\"2021-01-27T12:47:19+00:00\",\"inLanguage\":\"pl-PL\",\"potentialAction\":[{\"@type\":\"ReadAction\",\"target\":[\"https:\/\/torebunia.pl\/sklep\/produkt\/medicine-koszula-acid-bouquet\/\"]}]}]}<\/script>\n<!-- \/ Yoast SEO plugin. -->","_links":{"self":[{"href":"https:\/\/torebunia.pl\/sklep\/wp-json\/wp\/v2\/product\/6657","targetHints":{"allow":["GET"]}}],"collection":[{"href":"https:\/\/torebunia.pl\/sklep\/wp-json\/wp\/v2\/product"}],"about":[{"href":"https:\/\/torebunia.pl\/sklep\/wp-json\/wp\/v2\/types\/product"}],"replies":[{"embeddable":true,"href":"https:\/\/torebunia.pl\/sklep\/wp-json\/wp\/v2\/comments?post=6657"}],"wp:featuredmedia":[{"embeddable":true,"href":"https:\/\/torebunia.pl\/sklep\/wp-json\/wp\/v2\/media\/6658"}],"wp:attachment":[{"href":"https:\/\/torebunia.pl\/sklep\/wp-json\/wp\/v2\/media?parent=6657"}],"curies":[{"name":"wp","href":"https:\/\/api.w.org\/{rel}","templated":true}]}}