{"id":6487,"date":"2020-08-13T12:07:00","date_gmt":"2020-08-13T12:07:00","guid":{"rendered":"https:\/\/torebunia.pl\/sklep\/produkt\/lefrik-plecak\/"},"modified":"2021-01-25T16:32:19","modified_gmt":"2021-01-25T16:32:19","slug":"lefrik-plecak","status":"publish","type":"product","link":"https:\/\/torebunia.pl\/sklep\/produkt\/lefrik-plecak\/","title":{"rendered":"Lefrik &#8211; Plecak"},"content":{"rendered":"<p>Parametry produktu:<\/p>\n<ul>\n<li>cena: <strong>169.9 PLN<\/strong><\/li>\n<li>marka: <strong>Lefrik<\/strong><\/li>\n<li>p\u0142e\u0107: <strong>Female<\/strong><\/li>\n<li>kategoria: <strong>ONA \/ Akcesoria \/ Plecaki<\/strong><\/li>\n<li>kolor: <strong>brudny r\u00f3\u017c<\/strong><\/li>\n<\/ul>\n<p>Opis:<br \/>\nPlecak z kolekcji Lefrik. Model wykonany z materia\u0142u z nadrukiem. &#8211; Jednokomorowy model. &#8211; Uchwyt do r\u0119ki. &#8211; Regulowana d\u0142ugo\u015b\u0107 pask\u00f3w. &#8211; Nie mie\u015bci formatu A4. &#8211; G\u0142\u0119boko\u015b\u0107: 10,5 cm. &#8211; Wysoko\u015b\u0107: 30 cm. &#8211; Szeroko\u015b\u0107 u podstawy: 25 cm. Wz\u00f3r: nadruk Materia\u0142: tekstylny Wielko\u015b\u0107: nie mie\u015bci A4 Sk\u0142ad: 100 % Poliester z recyklingu ID produktu: 4900-PKD0BZ Kod producenta: SCOUT.MINI.D<\/p>\n","protected":false},"excerpt":{"rendered":"<p>Parametry produktu: cena: 169.9 PLN marka: Lefrik p\u0142e\u0107: Female kategoria: ONA \/ Akcesoria \/ Plecaki kolor: brudny r\u00f3\u017c Opis: Plecak z kolekcji Lefrik. Model wykonany z materia\u0142u z nadrukiem. &#8211;<\/p>\n","protected":false},"featured_media":6488,"comment_status":"closed","ping_status":"open","template":"","meta":[],"class_list":{"0":"post-6487","1":"product","2":"type-product","3":"status-publish","5":"hentry","6":"product_cat-akcesoria","7":"product_cat-ona","8":"product_cat-plecaki","9":"product_tag-lefrik","10":"product_tag-lefrik-plecak"},"yoast_head":"<!-- This site is optimized with the Yoast SEO plugin v15.6.2 - https:\/\/yoast.com\/wordpress\/plugins\/seo\/ -->\n<title>Lefrik - Plecak<\/title>\n<meta name=\"robots\" content=\"index, follow, max-snippet:-1, max-image-preview:large, max-video-preview:-1\" \/>\n<link rel=\"canonical\" href=\"https:\/\/torebunia.pl\/sklep\/produkt\/lefrik-plecak\/\" \/>\n<meta property=\"og:locale\" content=\"pl_PL\" \/>\n<meta property=\"og:type\" content=\"article\" \/>\n<meta property=\"og:title\" content=\"Lefrik - Plecak\" \/>\n<meta property=\"og:description\" content=\"Parametry produktu: cena: 169.9 PLN marka: Lefrik p\u0142e\u0107: Female kategoria: ONA \/ Akcesoria \/ Plecaki kolor: brudny r\u00f3\u017c Opis: Plecak z kolekcji Lefrik. Model wykonany z materia\u0142u z nadrukiem. &#8211;\" \/>\n<meta property=\"og:url\" content=\"https:\/\/torebunia.pl\/sklep\/produkt\/lefrik-plecak\/\" \/>\n<meta property=\"og:site_name\" content=\"Moje Blog\" \/>\n<meta property=\"article:modified_time\" content=\"2021-01-25T16:32:19+00:00\" \/>\n<meta property=\"og:image\" content=\"https:\/\/torebunia.pl\/sklep\/wp-content\/uploads\/2021\/01\/cafc09aa1b313e069e1e6ad37f10548b1692d7a6.jpg\" \/>\n\t<meta property=\"og:image:width\" content=\"855\" \/>\n\t<meta property=\"og:image:height\" content=\"1290\" \/>\n<meta name=\"twitter:card\" content=\"summary_large_image\" \/>\n<script type=\"application\/ld+json\" class=\"yoast-schema-graph\">{\"@context\":\"https:\/\/schema.org\",\"@graph\":[{\"@type\":\"WebSite\",\"@id\":\"https:\/\/torebunia.pl\/sklep\/#website\",\"url\":\"https:\/\/torebunia.pl\/sklep\/\",\"name\":\"Moje Blog\",\"description\":\"Kolejna witryna WordPress\",\"potentialAction\":[{\"@type\":\"SearchAction\",\"target\":\"https:\/\/torebunia.pl\/sklep\/?s={search_term_string}\",\"query-input\":\"required name=search_term_string\"}],\"inLanguage\":\"pl-PL\"},{\"@type\":\"ImageObject\",\"@id\":\"https:\/\/torebunia.pl\/sklep\/produkt\/lefrik-plecak\/#primaryimage\",\"inLanguage\":\"pl-PL\",\"url\":\"https:\/\/torebunia.pl\/sklep\/wp-content\/uploads\/2021\/01\/cafc09aa1b313e069e1e6ad37f10548b1692d7a6.jpg\",\"width\":855,\"height\":1290,\"caption\":\"Lefrik - Plecak\"},{\"@type\":\"WebPage\",\"@id\":\"https:\/\/torebunia.pl\/sklep\/produkt\/lefrik-plecak\/#webpage\",\"url\":\"https:\/\/torebunia.pl\/sklep\/produkt\/lefrik-plecak\/\",\"name\":\"Lefrik - Plecak\",\"isPartOf\":{\"@id\":\"https:\/\/torebunia.pl\/sklep\/#website\"},\"primaryImageOfPage\":{\"@id\":\"https:\/\/torebunia.pl\/sklep\/produkt\/lefrik-plecak\/#primaryimage\"},\"datePublished\":\"2020-08-13T12:07:00+00:00\",\"dateModified\":\"2021-01-25T16:32:19+00:00\",\"inLanguage\":\"pl-PL\",\"potentialAction\":[{\"@type\":\"ReadAction\",\"target\":[\"https:\/\/torebunia.pl\/sklep\/produkt\/lefrik-plecak\/\"]}]}]}<\/script>\n<!-- \/ Yoast SEO plugin. -->","_links":{"self":[{"href":"https:\/\/torebunia.pl\/sklep\/wp-json\/wp\/v2\/product\/6487","targetHints":{"allow":["GET"]}}],"collection":[{"href":"https:\/\/torebunia.pl\/sklep\/wp-json\/wp\/v2\/product"}],"about":[{"href":"https:\/\/torebunia.pl\/sklep\/wp-json\/wp\/v2\/types\/product"}],"replies":[{"embeddable":true,"href":"https:\/\/torebunia.pl\/sklep\/wp-json\/wp\/v2\/comments?post=6487"}],"wp:featuredmedia":[{"embeddable":true,"href":"https:\/\/torebunia.pl\/sklep\/wp-json\/wp\/v2\/media\/6488"}],"wp:attachment":[{"href":"https:\/\/torebunia.pl\/sklep\/wp-json\/wp\/v2\/media?parent=6487"}],"curies":[{"name":"wp","href":"https:\/\/api.w.org\/{rel}","templated":true}]}}