{"id":6465,"date":"2020-06-17T13:02:59","date_gmt":"2020-06-17T13:02:59","guid":{"rendered":"https:\/\/torebunia.pl\/sklep\/produkt\/noisy-may-spodnie-2\/"},"modified":"2021-01-25T16:31:43","modified_gmt":"2021-01-25T16:31:43","slug":"noisy-may-spodnie-2","status":"publish","type":"product","link":"https:\/\/torebunia.pl\/sklep\/produkt\/noisy-may-spodnie-2\/","title":{"rendered":"Noisy May &#8211; Spodnie"},"content":{"rendered":"<p>Parametry produktu:<\/p>\n<ul>\n<li>cena: <strong>129.9 PLN<\/strong><\/li>\n<li>marka: <strong>Noisy may<\/strong><\/li>\n<li>p\u0142e\u0107: <strong>Female<\/strong><\/li>\n<li>kategoria: <strong>ONA \/ Odzie\u017c \/ Spodnie i legginsy \/ Materia\u0142owe<\/strong><\/li>\n<li>kolor: <strong>czarny<\/strong><\/li>\n<\/ul>\n<p>Opis:<br \/>\nSpodnie z kolekcji Noisy May. Model wykonany z cienkiej, elastycznej tkaniny. &#8211; Dopasowany model. &#8211; Wsuwane kieszenie. &#8211; Podwy\u017cszona talia. &#8211; Zapi\u0119cie na guzik i suwak. &#8211; Szeroko\u015b\u0107 w pasie: 33,5 cm. &#8211; Szeroko\u015b\u0107 w biodrach: 38 cm. &#8211; Wysoko\u015b\u0107 stanu: 25,5 cm. &#8211; Szeroko\u015b\u0107 nogawki na dole: 11 cm. &#8211; Szeroko\u015b\u0107 nogawki: 23 cm. &#8211; D\u0142ugo\u015b\u0107: 101,5 cm. &#8211; Wymiary podane dla rozmiaru: S\/32. Wz\u00f3r: g\u0142adkie Materia\u0142: tkanina Fason: dopasowany Materia\u0142: z elastanem Talia: high Sk\u0142ad: 3 % Elastan, 20 % Nylon, 77 % Wiskoza ID produktu: 100-SPD00W Kod producenta: 27012746<\/p>\n","protected":false},"excerpt":{"rendered":"<p>Parametry produktu: cena: 129.9 PLN marka: Noisy may p\u0142e\u0107: Female kategoria: ONA \/ Odzie\u017c \/ Spodnie i legginsy \/ Materia\u0142owe kolor: czarny Opis: Spodnie z kolekcji Noisy May. Model wykonany<\/p>\n","protected":false},"featured_media":6466,"comment_status":"closed","ping_status":"open","template":"","meta":[],"class_list":{"0":"post-6465","1":"product","2":"type-product","3":"status-publish","5":"hentry","6":"product_cat-materialowe","7":"product_cat-odziez","8":"product_cat-ona","9":"product_cat-spodnie-i-legginsy","10":"product_tag-noisy-may","11":"product_tag-noisy-may-spodnie"},"yoast_head":"<!-- This site is optimized with the Yoast SEO plugin v15.6.2 - https:\/\/yoast.com\/wordpress\/plugins\/seo\/ -->\n<title>Noisy May - Spodnie<\/title>\n<meta name=\"robots\" content=\"index, follow, max-snippet:-1, max-image-preview:large, max-video-preview:-1\" \/>\n<link rel=\"canonical\" href=\"https:\/\/torebunia.pl\/sklep\/produkt\/noisy-may-spodnie-2\/\" \/>\n<meta property=\"og:locale\" content=\"pl_PL\" \/>\n<meta property=\"og:type\" content=\"article\" \/>\n<meta property=\"og:title\" content=\"Noisy May - Spodnie\" \/>\n<meta property=\"og:description\" content=\"Parametry produktu: cena: 129.9 PLN marka: Noisy may p\u0142e\u0107: Female kategoria: ONA \/ Odzie\u017c \/ Spodnie i legginsy \/ Materia\u0142owe kolor: czarny Opis: Spodnie z kolekcji Noisy May. Model wykonany\" \/>\n<meta property=\"og:url\" content=\"https:\/\/torebunia.pl\/sklep\/produkt\/noisy-may-spodnie-2\/\" \/>\n<meta property=\"og:site_name\" content=\"Moje Blog\" \/>\n<meta property=\"article:modified_time\" content=\"2021-01-25T16:31:43+00:00\" \/>\n<meta property=\"og:image\" content=\"https:\/\/torebunia.pl\/sklep\/wp-content\/uploads\/2021\/01\/8c8dc0625c238f21f64aae25790130a05a2aed9f.jpg\" \/>\n\t<meta property=\"og:image:width\" content=\"855\" \/>\n\t<meta property=\"og:image:height\" content=\"1290\" \/>\n<meta name=\"twitter:card\" content=\"summary_large_image\" \/>\n<meta name=\"twitter:label1\" content=\"Est. reading time\">\n\t<meta name=\"twitter:data1\" content=\"1 minuta\">\n<script type=\"application\/ld+json\" class=\"yoast-schema-graph\">{\"@context\":\"https:\/\/schema.org\",\"@graph\":[{\"@type\":\"WebSite\",\"@id\":\"https:\/\/torebunia.pl\/sklep\/#website\",\"url\":\"https:\/\/torebunia.pl\/sklep\/\",\"name\":\"Moje Blog\",\"description\":\"Kolejna witryna WordPress\",\"potentialAction\":[{\"@type\":\"SearchAction\",\"target\":\"https:\/\/torebunia.pl\/sklep\/?s={search_term_string}\",\"query-input\":\"required name=search_term_string\"}],\"inLanguage\":\"pl-PL\"},{\"@type\":\"ImageObject\",\"@id\":\"https:\/\/torebunia.pl\/sklep\/produkt\/noisy-may-spodnie-2\/#primaryimage\",\"inLanguage\":\"pl-PL\",\"url\":\"https:\/\/torebunia.pl\/sklep\/wp-content\/uploads\/2021\/01\/8c8dc0625c238f21f64aae25790130a05a2aed9f.jpg\",\"width\":855,\"height\":1290,\"caption\":\"Noisy May - Spodnie\"},{\"@type\":\"WebPage\",\"@id\":\"https:\/\/torebunia.pl\/sklep\/produkt\/noisy-may-spodnie-2\/#webpage\",\"url\":\"https:\/\/torebunia.pl\/sklep\/produkt\/noisy-may-spodnie-2\/\",\"name\":\"Noisy May - Spodnie\",\"isPartOf\":{\"@id\":\"https:\/\/torebunia.pl\/sklep\/#website\"},\"primaryImageOfPage\":{\"@id\":\"https:\/\/torebunia.pl\/sklep\/produkt\/noisy-may-spodnie-2\/#primaryimage\"},\"datePublished\":\"2020-06-17T13:02:59+00:00\",\"dateModified\":\"2021-01-25T16:31:43+00:00\",\"inLanguage\":\"pl-PL\",\"potentialAction\":[{\"@type\":\"ReadAction\",\"target\":[\"https:\/\/torebunia.pl\/sklep\/produkt\/noisy-may-spodnie-2\/\"]}]}]}<\/script>\n<!-- \/ Yoast SEO plugin. -->","_links":{"self":[{"href":"https:\/\/torebunia.pl\/sklep\/wp-json\/wp\/v2\/product\/6465","targetHints":{"allow":["GET"]}}],"collection":[{"href":"https:\/\/torebunia.pl\/sklep\/wp-json\/wp\/v2\/product"}],"about":[{"href":"https:\/\/torebunia.pl\/sklep\/wp-json\/wp\/v2\/types\/product"}],"replies":[{"embeddable":true,"href":"https:\/\/torebunia.pl\/sklep\/wp-json\/wp\/v2\/comments?post=6465"}],"wp:featuredmedia":[{"embeddable":true,"href":"https:\/\/torebunia.pl\/sklep\/wp-json\/wp\/v2\/media\/6466"}],"wp:attachment":[{"href":"https:\/\/torebunia.pl\/sklep\/wp-json\/wp\/v2\/media?parent=6465"}],"curies":[{"name":"wp","href":"https:\/\/api.w.org\/{rel}","templated":true}]}}