{"id":6411,"date":"2020-06-20T05:56:57","date_gmt":"2020-06-20T05:56:57","guid":{"rendered":"https:\/\/torebunia.pl\/sklep\/produkt\/rains-saszetka\/"},"modified":"2021-01-25T16:30:06","modified_gmt":"2021-01-25T16:30:06","slug":"rains-saszetka","status":"publish","type":"product","link":"https:\/\/torebunia.pl\/sklep\/produkt\/rains-saszetka\/","title":{"rendered":"Rains &#8211; Saszetka"},"content":{"rendered":"<p>Parametry produktu:<\/p>\n<ul>\n<li>cena: <strong>249.9 PLN<\/strong><\/li>\n<li>marka: <strong>Rains<\/strong><\/li>\n<li>p\u0142e\u0107: <strong>Female<\/strong><\/li>\n<li>kategoria: <strong>ONA \/ Akcesoria \/ Torebki \/ Nerki i saszetki<\/strong><\/li>\n<li>kolor: <strong>czarny<\/strong><\/li>\n<\/ul>\n<p>Opis:<br \/>\nMa\u0142a saszetka z kolekcji Rains. zapinany model wykonany z po\u0142\u0105czenia materia\u0142u tekstylnego i sk\u00f3ry ekologicznej. &#8211; Torba do noszenia na ramieniu. &#8211; Nieodpinany d\u0142ugi pasek z regulacj\u0105. &#8211; Nie mie\u015bci formatu A4. Wz\u00f3r: g\u0142adkie Materia\u0142: tekstylny Wielko\u015b\u0107: nie mie\u015bci A4 Materia\u0142: imitacja sk\u00f3ry licowej Sk\u0142ad: 50 % Poliester, 50 % Poliuretan ID produktu: -100-TOU006 Kod producenta: 1309.01<\/p>\n","protected":false},"excerpt":{"rendered":"<p>Parametry produktu: cena: 249.9 PLN marka: Rains p\u0142e\u0107: Female kategoria: ONA \/ Akcesoria \/ Torebki \/ Nerki i saszetki kolor: czarny Opis: Ma\u0142a saszetka z kolekcji Rains. zapinany model wykonany<\/p>\n","protected":false},"featured_media":6412,"comment_status":"closed","ping_status":"open","template":"","meta":[],"class_list":{"0":"post-6411","1":"product","2":"type-product","3":"status-publish","5":"hentry","6":"product_cat-akcesoria","7":"product_cat-nerki-i-saszetki","8":"product_cat-ona","9":"product_cat-torebki","10":"product_tag-rains","11":"product_tag-rains-saszetka"},"yoast_head":"<!-- This site is optimized with the Yoast SEO plugin v15.6.2 - https:\/\/yoast.com\/wordpress\/plugins\/seo\/ -->\n<title>Rains - Saszetka<\/title>\n<meta name=\"robots\" content=\"index, follow, max-snippet:-1, max-image-preview:large, max-video-preview:-1\" \/>\n<link rel=\"canonical\" href=\"https:\/\/torebunia.pl\/sklep\/produkt\/rains-saszetka\/\" \/>\n<meta property=\"og:locale\" content=\"pl_PL\" \/>\n<meta property=\"og:type\" content=\"article\" \/>\n<meta property=\"og:title\" content=\"Rains - Saszetka\" \/>\n<meta property=\"og:description\" content=\"Parametry produktu: cena: 249.9 PLN marka: Rains p\u0142e\u0107: Female kategoria: ONA \/ Akcesoria \/ Torebki \/ Nerki i saszetki kolor: czarny Opis: Ma\u0142a saszetka z kolekcji Rains. zapinany model wykonany\" \/>\n<meta property=\"og:url\" content=\"https:\/\/torebunia.pl\/sklep\/produkt\/rains-saszetka\/\" \/>\n<meta property=\"og:site_name\" content=\"Moje Blog\" \/>\n<meta property=\"article:modified_time\" content=\"2021-01-25T16:30:06+00:00\" \/>\n<meta property=\"og:image\" content=\"https:\/\/torebunia.pl\/sklep\/wp-content\/uploads\/2021\/01\/79f31f925736e0fe5181ff6dab1de1573a15ee91.jpg\" \/>\n\t<meta property=\"og:image:width\" content=\"855\" \/>\n\t<meta property=\"og:image:height\" content=\"1290\" \/>\n<meta name=\"twitter:card\" content=\"summary_large_image\" \/>\n<script type=\"application\/ld+json\" class=\"yoast-schema-graph\">{\"@context\":\"https:\/\/schema.org\",\"@graph\":[{\"@type\":\"WebSite\",\"@id\":\"https:\/\/torebunia.pl\/sklep\/#website\",\"url\":\"https:\/\/torebunia.pl\/sklep\/\",\"name\":\"Moje Blog\",\"description\":\"Kolejna witryna WordPress\",\"potentialAction\":[{\"@type\":\"SearchAction\",\"target\":\"https:\/\/torebunia.pl\/sklep\/?s={search_term_string}\",\"query-input\":\"required name=search_term_string\"}],\"inLanguage\":\"pl-PL\"},{\"@type\":\"ImageObject\",\"@id\":\"https:\/\/torebunia.pl\/sklep\/produkt\/rains-saszetka\/#primaryimage\",\"inLanguage\":\"pl-PL\",\"url\":\"https:\/\/torebunia.pl\/sklep\/wp-content\/uploads\/2021\/01\/79f31f925736e0fe5181ff6dab1de1573a15ee91.jpg\",\"width\":855,\"height\":1290,\"caption\":\"Rains - Saszetka\"},{\"@type\":\"WebPage\",\"@id\":\"https:\/\/torebunia.pl\/sklep\/produkt\/rains-saszetka\/#webpage\",\"url\":\"https:\/\/torebunia.pl\/sklep\/produkt\/rains-saszetka\/\",\"name\":\"Rains - Saszetka\",\"isPartOf\":{\"@id\":\"https:\/\/torebunia.pl\/sklep\/#website\"},\"primaryImageOfPage\":{\"@id\":\"https:\/\/torebunia.pl\/sklep\/produkt\/rains-saszetka\/#primaryimage\"},\"datePublished\":\"2020-06-20T05:56:57+00:00\",\"dateModified\":\"2021-01-25T16:30:06+00:00\",\"inLanguage\":\"pl-PL\",\"potentialAction\":[{\"@type\":\"ReadAction\",\"target\":[\"https:\/\/torebunia.pl\/sklep\/produkt\/rains-saszetka\/\"]}]}]}<\/script>\n<!-- \/ Yoast SEO plugin. -->","_links":{"self":[{"href":"https:\/\/torebunia.pl\/sklep\/wp-json\/wp\/v2\/product\/6411","targetHints":{"allow":["GET"]}}],"collection":[{"href":"https:\/\/torebunia.pl\/sklep\/wp-json\/wp\/v2\/product"}],"about":[{"href":"https:\/\/torebunia.pl\/sklep\/wp-json\/wp\/v2\/types\/product"}],"replies":[{"embeddable":true,"href":"https:\/\/torebunia.pl\/sklep\/wp-json\/wp\/v2\/comments?post=6411"}],"wp:featuredmedia":[{"embeddable":true,"href":"https:\/\/torebunia.pl\/sklep\/wp-json\/wp\/v2\/media\/6412"}],"wp:attachment":[{"href":"https:\/\/torebunia.pl\/sklep\/wp-json\/wp\/v2\/media?parent=6411"}],"curies":[{"name":"wp","href":"https:\/\/api.w.org\/{rel}","templated":true}]}}