{"id":6401,"date":"2020-05-17T23:25:48","date_gmt":"2020-05-17T23:25:48","guid":{"rendered":"https:\/\/torebunia.pl\/sklep\/produkt\/lacoste-torebka-dwustronna\/"},"modified":"2021-01-25T16:29:47","modified_gmt":"2021-01-25T16:29:47","slug":"lacoste-torebka-dwustronna","status":"publish","type":"product","link":"https:\/\/torebunia.pl\/sklep\/produkt\/lacoste-torebka-dwustronna\/","title":{"rendered":"Lacoste &#8211; Torebka dwustronna"},"content":{"rendered":"<p>Parametry produktu:<\/p>\n<ul>\n<li>cena: <strong>599.9 PLN<\/strong><\/li>\n<li>marka: <strong>Lacoste<\/strong><\/li>\n<li>p\u0142e\u0107: <strong>Female<\/strong><\/li>\n<li>kategoria: <strong>ONA \/ Akcesoria \/ Torebki \/ Shopper i tote<\/strong><\/li>\n<li>kolor: <strong>kremowy<\/strong><\/li>\n<\/ul>\n<p>Opis:<br \/>\nDu\u017ca torebka typu shopper z kolekcji Lacoste. zapinany wykonany ze sk\u00f3ry ekologicznej. &#8211; Model dwustronny. &#8211; Niezapinana komora. &#8211; Torebka do noszenia na ramieniu. &#8211; D\u0142ugie uchwyty. &#8211; Mie\u015bci format A4. &#8211; D\u0142ugo\u015b\u0107 uchwyt\u00f3w: 55 cm. &#8211; G\u0142\u0119boko\u015b\u0107: 14 cm. &#8211; Wysoko\u015b\u0107: 30 cm. &#8211; Szeroko\u015b\u0107 u podstawy: 34 cm. Wz\u00f3r: g\u0142adkie Wielko\u015b\u0107: mie\u015bci A4 Materia\u0142: imitacja sk\u00f3ry licowej Pasek: bez paska Sk\u0142ad: 100 % PVC ID produktu: 4901-TOD12P Kod producenta: NF2994AS<\/p>\n","protected":false},"excerpt":{"rendered":"<p>Parametry produktu: cena: 599.9 PLN marka: Lacoste p\u0142e\u0107: Female kategoria: ONA \/ Akcesoria \/ Torebki \/ Shopper i tote kolor: kremowy Opis: Du\u017ca torebka typu shopper z kolekcji Lacoste. zapinany<\/p>\n","protected":false},"featured_media":6402,"comment_status":"closed","ping_status":"open","template":"","meta":[],"class_list":{"0":"post-6401","1":"product","2":"type-product","3":"status-publish","5":"hentry","6":"product_cat-akcesoria","7":"product_cat-ona","8":"product_cat-shopper-i-tote","9":"product_cat-torebki","10":"product_tag-lacoste","11":"product_tag-lacoste-torebka-dwustronna"},"yoast_head":"<!-- This site is optimized with the Yoast SEO plugin v15.6.2 - https:\/\/yoast.com\/wordpress\/plugins\/seo\/ -->\n<title>Lacoste - Torebka dwustronna<\/title>\n<meta name=\"robots\" content=\"index, follow, max-snippet:-1, max-image-preview:large, max-video-preview:-1\" \/>\n<link rel=\"canonical\" href=\"https:\/\/torebunia.pl\/sklep\/produkt\/lacoste-torebka-dwustronna\/\" \/>\n<meta property=\"og:locale\" content=\"pl_PL\" \/>\n<meta property=\"og:type\" content=\"article\" \/>\n<meta property=\"og:title\" content=\"Lacoste - Torebka dwustronna\" \/>\n<meta property=\"og:description\" content=\"Parametry produktu: cena: 599.9 PLN marka: Lacoste p\u0142e\u0107: Female kategoria: ONA \/ Akcesoria \/ Torebki \/ Shopper i tote kolor: kremowy Opis: Du\u017ca torebka typu shopper z kolekcji Lacoste. zapinany\" \/>\n<meta property=\"og:url\" content=\"https:\/\/torebunia.pl\/sklep\/produkt\/lacoste-torebka-dwustronna\/\" \/>\n<meta property=\"og:site_name\" content=\"Moje Blog\" \/>\n<meta property=\"article:modified_time\" content=\"2021-01-25T16:29:47+00:00\" \/>\n<meta property=\"og:image\" content=\"https:\/\/torebunia.pl\/sklep\/wp-content\/uploads\/2021\/01\/f506e4515fab3d9bf97ffbfdf3ff15c5dc5acdc6.jpg\" \/>\n\t<meta property=\"og:image:width\" content=\"855\" \/>\n\t<meta property=\"og:image:height\" content=\"1290\" \/>\n<meta name=\"twitter:card\" content=\"summary_large_image\" \/>\n<script type=\"application\/ld+json\" class=\"yoast-schema-graph\">{\"@context\":\"https:\/\/schema.org\",\"@graph\":[{\"@type\":\"WebSite\",\"@id\":\"https:\/\/torebunia.pl\/sklep\/#website\",\"url\":\"https:\/\/torebunia.pl\/sklep\/\",\"name\":\"Moje Blog\",\"description\":\"Kolejna witryna WordPress\",\"potentialAction\":[{\"@type\":\"SearchAction\",\"target\":\"https:\/\/torebunia.pl\/sklep\/?s={search_term_string}\",\"query-input\":\"required name=search_term_string\"}],\"inLanguage\":\"pl-PL\"},{\"@type\":\"ImageObject\",\"@id\":\"https:\/\/torebunia.pl\/sklep\/produkt\/lacoste-torebka-dwustronna\/#primaryimage\",\"inLanguage\":\"pl-PL\",\"url\":\"https:\/\/torebunia.pl\/sklep\/wp-content\/uploads\/2021\/01\/f506e4515fab3d9bf97ffbfdf3ff15c5dc5acdc6.jpg\",\"width\":855,\"height\":1290,\"caption\":\"Lacoste - Torebka dwustronna\"},{\"@type\":\"WebPage\",\"@id\":\"https:\/\/torebunia.pl\/sklep\/produkt\/lacoste-torebka-dwustronna\/#webpage\",\"url\":\"https:\/\/torebunia.pl\/sklep\/produkt\/lacoste-torebka-dwustronna\/\",\"name\":\"Lacoste - Torebka dwustronna\",\"isPartOf\":{\"@id\":\"https:\/\/torebunia.pl\/sklep\/#website\"},\"primaryImageOfPage\":{\"@id\":\"https:\/\/torebunia.pl\/sklep\/produkt\/lacoste-torebka-dwustronna\/#primaryimage\"},\"datePublished\":\"2020-05-17T23:25:48+00:00\",\"dateModified\":\"2021-01-25T16:29:47+00:00\",\"inLanguage\":\"pl-PL\",\"potentialAction\":[{\"@type\":\"ReadAction\",\"target\":[\"https:\/\/torebunia.pl\/sklep\/produkt\/lacoste-torebka-dwustronna\/\"]}]}]}<\/script>\n<!-- \/ Yoast SEO plugin. -->","_links":{"self":[{"href":"https:\/\/torebunia.pl\/sklep\/wp-json\/wp\/v2\/product\/6401","targetHints":{"allow":["GET"]}}],"collection":[{"href":"https:\/\/torebunia.pl\/sklep\/wp-json\/wp\/v2\/product"}],"about":[{"href":"https:\/\/torebunia.pl\/sklep\/wp-json\/wp\/v2\/types\/product"}],"replies":[{"embeddable":true,"href":"https:\/\/torebunia.pl\/sklep\/wp-json\/wp\/v2\/comments?post=6401"}],"wp:featuredmedia":[{"embeddable":true,"href":"https:\/\/torebunia.pl\/sklep\/wp-json\/wp\/v2\/media\/6402"}],"wp:attachment":[{"href":"https:\/\/torebunia.pl\/sklep\/wp-json\/wp\/v2\/media?parent=6401"}],"curies":[{"name":"wp","href":"https:\/\/api.w.org\/{rel}","templated":true}]}}