{"id":6327,"date":"2021-01-24T13:22:14","date_gmt":"2021-01-24T13:22:14","guid":{"rendered":"https:\/\/torebunia.pl\/sklep\/produkt\/vans-bluza-3\/"},"modified":"2021-01-25T16:27:40","modified_gmt":"2021-01-25T16:27:40","slug":"vans-bluza-3","status":"publish","type":"product","link":"https:\/\/torebunia.pl\/sklep\/produkt\/vans-bluza-3\/","title":{"rendered":"Vans &#8211; Bluza"},"content":{"rendered":"<p>Parametry produktu:<\/p>\n<ul>\n<li>cena: <strong>299.9 PLN<\/strong><\/li>\n<li>marka: <strong>Vans<\/strong><\/li>\n<li>p\u0142e\u0107: <strong>Female<\/strong><\/li>\n<li>kategoria: <strong>ONA \/ Odzie\u017c \/ Bluzy \/ Przez g\u0142ow\u0119<\/strong><\/li>\n<li>kolor: <strong>bia\u0142y<\/strong><\/li>\n<\/ul>\n<p>Opis:<br \/>\nBluza z kapturem z kolekcji Vans. Model wykonany z dzianiny z nadrukiem. &#8211; D\u0142ugi r\u0119kaw. &#8211; Prosty fason. &#8211; Kiesze\u0144 z przodu. &#8211; Kaptur \u015bci\u0105gany troczkami. &#8211; Model z nadrukiem. &#8211; D\u0142ugo\u015b\u0107 r\u0119kawa: 67 cm. &#8211; D\u0142ugo\u015b\u0107: 53 cm. &#8211; Szeroko\u015b\u0107 pod pachami: 52 cm. &#8211; Wymiary podane dla rozmiaru: S. Wz\u00f3r: nadruk Materia\u0142: bawe\u0142na Kaptur: z kapturem Sk\u0142ad: 100 % Bawe\u0142na ID produktu: 4900-BLD0NJ Kod producenta: VN0A4BEQWHT1<\/p>\n","protected":false},"excerpt":{"rendered":"<p>Parametry produktu: cena: 299.9 PLN marka: Vans p\u0142e\u0107: Female kategoria: ONA \/ Odzie\u017c \/ Bluzy \/ Przez g\u0142ow\u0119 kolor: bia\u0142y Opis: Bluza z kapturem z kolekcji Vans. Model wykonany z<\/p>\n","protected":false},"featured_media":6328,"comment_status":"closed","ping_status":"open","template":"","meta":[],"class_list":{"0":"post-6327","1":"product","2":"type-product","3":"status-publish","5":"hentry","6":"product_cat-bluzy","7":"product_cat-odziez","8":"product_cat-ona","9":"product_cat-przez-glowe","10":"product_tag-vans","11":"product_tag-vans-bluza"},"yoast_head":"<!-- This site is optimized with the Yoast SEO plugin v15.6.2 - https:\/\/yoast.com\/wordpress\/plugins\/seo\/ -->\n<title>Vans - Bluza<\/title>\n<meta name=\"robots\" content=\"index, follow, max-snippet:-1, max-image-preview:large, max-video-preview:-1\" \/>\n<link rel=\"canonical\" href=\"https:\/\/torebunia.pl\/sklep\/produkt\/vans-bluza-3\/\" \/>\n<meta property=\"og:locale\" content=\"pl_PL\" \/>\n<meta property=\"og:type\" content=\"article\" \/>\n<meta property=\"og:title\" content=\"Vans - Bluza\" \/>\n<meta property=\"og:description\" content=\"Parametry produktu: cena: 299.9 PLN marka: Vans p\u0142e\u0107: Female kategoria: ONA \/ Odzie\u017c \/ Bluzy \/ Przez g\u0142ow\u0119 kolor: bia\u0142y Opis: Bluza z kapturem z kolekcji Vans. Model wykonany z\" \/>\n<meta property=\"og:url\" content=\"https:\/\/torebunia.pl\/sklep\/produkt\/vans-bluza-3\/\" \/>\n<meta property=\"og:site_name\" content=\"Moje Blog\" \/>\n<meta property=\"article:modified_time\" content=\"2021-01-25T16:27:40+00:00\" \/>\n<meta property=\"og:image\" content=\"https:\/\/torebunia.pl\/sklep\/wp-content\/uploads\/2021\/01\/aa1609d656f1468a8d6a9cc4edf8f7cf32eb4022.jpg\" \/>\n\t<meta property=\"og:image:width\" content=\"855\" \/>\n\t<meta property=\"og:image:height\" content=\"1290\" \/>\n<meta name=\"twitter:card\" content=\"summary_large_image\" \/>\n<script type=\"application\/ld+json\" class=\"yoast-schema-graph\">{\"@context\":\"https:\/\/schema.org\",\"@graph\":[{\"@type\":\"WebSite\",\"@id\":\"https:\/\/torebunia.pl\/sklep\/#website\",\"url\":\"https:\/\/torebunia.pl\/sklep\/\",\"name\":\"Moje Blog\",\"description\":\"Kolejna witryna WordPress\",\"potentialAction\":[{\"@type\":\"SearchAction\",\"target\":\"https:\/\/torebunia.pl\/sklep\/?s={search_term_string}\",\"query-input\":\"required name=search_term_string\"}],\"inLanguage\":\"pl-PL\"},{\"@type\":\"ImageObject\",\"@id\":\"https:\/\/torebunia.pl\/sklep\/produkt\/vans-bluza-3\/#primaryimage\",\"inLanguage\":\"pl-PL\",\"url\":\"https:\/\/torebunia.pl\/sklep\/wp-content\/uploads\/2021\/01\/aa1609d656f1468a8d6a9cc4edf8f7cf32eb4022.jpg\",\"width\":855,\"height\":1290,\"caption\":\"Vans - Bluza\"},{\"@type\":\"WebPage\",\"@id\":\"https:\/\/torebunia.pl\/sklep\/produkt\/vans-bluza-3\/#webpage\",\"url\":\"https:\/\/torebunia.pl\/sklep\/produkt\/vans-bluza-3\/\",\"name\":\"Vans - Bluza\",\"isPartOf\":{\"@id\":\"https:\/\/torebunia.pl\/sklep\/#website\"},\"primaryImageOfPage\":{\"@id\":\"https:\/\/torebunia.pl\/sklep\/produkt\/vans-bluza-3\/#primaryimage\"},\"datePublished\":\"2021-01-24T13:22:14+00:00\",\"dateModified\":\"2021-01-25T16:27:40+00:00\",\"inLanguage\":\"pl-PL\",\"potentialAction\":[{\"@type\":\"ReadAction\",\"target\":[\"https:\/\/torebunia.pl\/sklep\/produkt\/vans-bluza-3\/\"]}]}]}<\/script>\n<!-- \/ Yoast SEO plugin. -->","_links":{"self":[{"href":"https:\/\/torebunia.pl\/sklep\/wp-json\/wp\/v2\/product\/6327","targetHints":{"allow":["GET"]}}],"collection":[{"href":"https:\/\/torebunia.pl\/sklep\/wp-json\/wp\/v2\/product"}],"about":[{"href":"https:\/\/torebunia.pl\/sklep\/wp-json\/wp\/v2\/types\/product"}],"replies":[{"embeddable":true,"href":"https:\/\/torebunia.pl\/sklep\/wp-json\/wp\/v2\/comments?post=6327"}],"wp:featuredmedia":[{"embeddable":true,"href":"https:\/\/torebunia.pl\/sklep\/wp-json\/wp\/v2\/media\/6328"}],"wp:attachment":[{"href":"https:\/\/torebunia.pl\/sklep\/wp-json\/wp\/v2\/media?parent=6327"}],"curies":[{"name":"wp","href":"https:\/\/api.w.org\/{rel}","templated":true}]}}