{"id":6197,"date":"2021-01-02T04:50:20","date_gmt":"2021-01-02T04:50:20","guid":{"rendered":"https:\/\/torebunia.pl\/sklep\/produkt\/mango-zakiet-boreal\/"},"modified":"2021-01-27T12:39:06","modified_gmt":"2021-01-27T12:39:06","slug":"mango-zakiet-boreal","status":"publish","type":"product","link":"https:\/\/torebunia.pl\/sklep\/produkt\/mango-zakiet-boreal\/","title":{"rendered":"Mango &#8211; \u017bakiet BOREAL"},"content":{"rendered":"<p>Parametry produktu:<\/p>\n<ul>\n<li>cena: <strong>139.99 PLN<\/strong><\/li>\n<li>marka: <strong>Mango<\/strong><\/li>\n<li>p\u0142e\u0107: <strong>Female<\/strong><\/li>\n<li>kategoria: <strong>ONA \/ Odzie\u017c \/ Marynarki i kamizelki \/ Marynarki<\/strong><\/li>\n<li>kolor: <strong>blady niebieski<\/strong><\/li>\n<\/ul>\n<p>Opis:<br \/>\nMarynarka z kolekcji Mango. Model wykonany z g\u0142adkiej tkaniny. &#8211; Prosty fason. &#8211; Zapi\u0119cie na guzik. &#8211; Z przodu kieszonki. &#8211; Klasyczne klapy. &#8211; Model na podszewce. &#8211; G\u0142adka tkanina. Wz\u00f3r: g\u0142adkie Materia\u0142: tkanina Podszewka: z podszewk\u0105 Fason: jednorz\u0119dowy Sk\u0142ad: Podszewka: 55 % Poliester, 45 % Wiskoza, Materia\u0142 zasadniczy: 2 % Elastan, 66 % Poliester, 32 % Wiskoza, Podszewka r\u0119kaw\u00f3w: 100 % Poliester ID produktu: -100-KZD00A Kod producenta: 77095914<\/p>\n","protected":false},"excerpt":{"rendered":"<p>Parametry produktu: cena: 139.99 PLN marka: Mango p\u0142e\u0107: Female kategoria: ONA \/ Odzie\u017c \/ Marynarki i kamizelki \/ Marynarki kolor: blady niebieski Opis: Marynarka z kolekcji Mango. Model wykonany z<\/p>\n","protected":false},"featured_media":6198,"comment_status":"closed","ping_status":"open","template":"","meta":[],"class_list":{"0":"post-6197","1":"product","2":"type-product","3":"status-publish","5":"hentry","6":"product_cat-marynarki","7":"product_cat-marynarki-i-kamizelki","8":"product_cat-odziez","9":"product_cat-ona","10":"product_tag-mango","11":"product_tag-mango-zakiet-boreal"},"yoast_head":"<!-- This site is optimized with the Yoast SEO plugin v15.6.2 - https:\/\/yoast.com\/wordpress\/plugins\/seo\/ -->\n<title>Mango - \u017bakiet BOREAL<\/title>\n<meta name=\"robots\" content=\"index, follow, max-snippet:-1, max-image-preview:large, max-video-preview:-1\" \/>\n<link rel=\"canonical\" href=\"https:\/\/torebunia.pl\/sklep\/produkt\/mango-zakiet-boreal\/\" \/>\n<meta property=\"og:locale\" content=\"pl_PL\" \/>\n<meta property=\"og:type\" content=\"article\" \/>\n<meta property=\"og:title\" content=\"Mango - \u017bakiet BOREAL\" \/>\n<meta property=\"og:description\" content=\"Parametry produktu: cena: 139.99 PLN marka: Mango p\u0142e\u0107: Female kategoria: ONA \/ Odzie\u017c \/ Marynarki i kamizelki \/ Marynarki kolor: blady niebieski Opis: Marynarka z kolekcji Mango. Model wykonany z\" \/>\n<meta property=\"og:url\" content=\"https:\/\/torebunia.pl\/sklep\/produkt\/mango-zakiet-boreal\/\" \/>\n<meta property=\"og:site_name\" content=\"Moje Blog\" \/>\n<meta property=\"article:modified_time\" content=\"2021-01-27T12:39:06+00:00\" \/>\n<meta property=\"og:image\" content=\"https:\/\/torebunia.pl\/sklep\/wp-content\/uploads\/2021\/01\/88adc841a12b445c6bd62427ae59bef46f42d2da.jpg\" \/>\n\t<meta property=\"og:image:width\" content=\"855\" \/>\n\t<meta property=\"og:image:height\" content=\"1290\" \/>\n<meta name=\"twitter:card\" content=\"summary_large_image\" \/>\n<script type=\"application\/ld+json\" class=\"yoast-schema-graph\">{\"@context\":\"https:\/\/schema.org\",\"@graph\":[{\"@type\":\"WebSite\",\"@id\":\"https:\/\/torebunia.pl\/sklep\/#website\",\"url\":\"https:\/\/torebunia.pl\/sklep\/\",\"name\":\"Moje Blog\",\"description\":\"Kolejna witryna WordPress\",\"potentialAction\":[{\"@type\":\"SearchAction\",\"target\":\"https:\/\/torebunia.pl\/sklep\/?s={search_term_string}\",\"query-input\":\"required name=search_term_string\"}],\"inLanguage\":\"pl-PL\"},{\"@type\":\"ImageObject\",\"@id\":\"https:\/\/torebunia.pl\/sklep\/produkt\/mango-zakiet-boreal\/#primaryimage\",\"inLanguage\":\"pl-PL\",\"url\":\"https:\/\/torebunia.pl\/sklep\/wp-content\/uploads\/2021\/01\/88adc841a12b445c6bd62427ae59bef46f42d2da.jpg\",\"width\":855,\"height\":1290,\"caption\":\"Mango - \\u017bakiet BOREAL\"},{\"@type\":\"WebPage\",\"@id\":\"https:\/\/torebunia.pl\/sklep\/produkt\/mango-zakiet-boreal\/#webpage\",\"url\":\"https:\/\/torebunia.pl\/sklep\/produkt\/mango-zakiet-boreal\/\",\"name\":\"Mango - \\u017bakiet BOREAL\",\"isPartOf\":{\"@id\":\"https:\/\/torebunia.pl\/sklep\/#website\"},\"primaryImageOfPage\":{\"@id\":\"https:\/\/torebunia.pl\/sklep\/produkt\/mango-zakiet-boreal\/#primaryimage\"},\"datePublished\":\"2021-01-02T04:50:20+00:00\",\"dateModified\":\"2021-01-27T12:39:06+00:00\",\"inLanguage\":\"pl-PL\",\"potentialAction\":[{\"@type\":\"ReadAction\",\"target\":[\"https:\/\/torebunia.pl\/sklep\/produkt\/mango-zakiet-boreal\/\"]}]}]}<\/script>\n<!-- \/ Yoast SEO plugin. -->","_links":{"self":[{"href":"https:\/\/torebunia.pl\/sklep\/wp-json\/wp\/v2\/product\/6197","targetHints":{"allow":["GET"]}}],"collection":[{"href":"https:\/\/torebunia.pl\/sklep\/wp-json\/wp\/v2\/product"}],"about":[{"href":"https:\/\/torebunia.pl\/sklep\/wp-json\/wp\/v2\/types\/product"}],"replies":[{"embeddable":true,"href":"https:\/\/torebunia.pl\/sklep\/wp-json\/wp\/v2\/comments?post=6197"}],"wp:featuredmedia":[{"embeddable":true,"href":"https:\/\/torebunia.pl\/sklep\/wp-json\/wp\/v2\/media\/6198"}],"wp:attachment":[{"href":"https:\/\/torebunia.pl\/sklep\/wp-json\/wp\/v2\/media?parent=6197"}],"curies":[{"name":"wp","href":"https:\/\/api.w.org\/{rel}","templated":true}]}}