{"id":6127,"date":"2020-06-16T18:20:06","date_gmt":"2020-06-16T18:20:06","guid":{"rendered":"https:\/\/torebunia.pl\/sklep\/produkt\/noisy-may-koszula\/"},"modified":"2021-01-27T12:38:17","modified_gmt":"2021-01-27T12:38:17","slug":"noisy-may-koszula","status":"publish","type":"product","link":"https:\/\/torebunia.pl\/sklep\/produkt\/noisy-may-koszula\/","title":{"rendered":"Noisy May &#8211; Koszula"},"content":{"rendered":"<p>Parametry produktu:<\/p>\n<ul>\n<li>cena: <strong>129.9 PLN<\/strong><\/li>\n<li>marka: <strong>Noisy may<\/strong><\/li>\n<li>p\u0142e\u0107: <strong>Female<\/strong><\/li>\n<li>kategoria: <strong>ONA \/ Odzie\u017c \/ Bluzki i koszule \/ Koszule<\/strong><\/li>\n<li>kolor: <strong>czarny<\/strong><\/li>\n<\/ul>\n<p>Opis:<br \/>\nKoszula z kolekcji Noisy May. Model wykonany z p\u00f3\u0142przezroczystej tkaniny. &#8211; Prosty fason. &#8211; Zapi\u0119cie na guziki. &#8211; Kieszonki na piersi. &#8211; R\u0119kawy z zapinanymi mankietami. &#8211; G\u0142adka tkanina. &#8211; D\u0142ugo\u015b\u0107 r\u0119kawa(mierzona od ko\u0142nierzyka): 76 cm. &#8211; Szeroko\u015b\u0107 pod pachami: 56 cm. &#8211; D\u0142ugo\u015b\u0107: 82 cm. &#8211; Wymiary podane dla rozmiaru: S. Wz\u00f3r: g\u0142adkie Fason: regular R\u0119kaw: d\u0142ugi Ko\u0142nierzyk: klasyczny Okazje: casual Sk\u0142ad: 100 % Poliester ID produktu: 4901-KDD049 Kod producenta: 27010987<\/p>\n","protected":false},"excerpt":{"rendered":"<p>Parametry produktu: cena: 129.9 PLN marka: Noisy may p\u0142e\u0107: Female kategoria: ONA \/ Odzie\u017c \/ Bluzki i koszule \/ Koszule kolor: czarny Opis: Koszula z kolekcji Noisy May. Model wykonany<\/p>\n","protected":false},"featured_media":6128,"comment_status":"closed","ping_status":"open","template":"","meta":[],"class_list":{"0":"post-6127","1":"product","2":"type-product","3":"status-publish","5":"hentry","6":"product_cat-bluzki-i-koszule","7":"product_cat-koszule","8":"product_cat-odziez","9":"product_cat-ona","10":"product_tag-noisy-may","11":"product_tag-noisy-may-koszula"},"yoast_head":"<!-- This site is optimized with the Yoast SEO plugin v15.6.2 - https:\/\/yoast.com\/wordpress\/plugins\/seo\/ -->\n<title>Noisy May - Koszula<\/title>\n<meta name=\"robots\" content=\"index, follow, max-snippet:-1, max-image-preview:large, max-video-preview:-1\" \/>\n<link rel=\"canonical\" href=\"https:\/\/torebunia.pl\/sklep\/produkt\/noisy-may-koszula\/\" \/>\n<meta property=\"og:locale\" content=\"pl_PL\" \/>\n<meta property=\"og:type\" content=\"article\" \/>\n<meta property=\"og:title\" content=\"Noisy May - Koszula\" \/>\n<meta property=\"og:description\" content=\"Parametry produktu: cena: 129.9 PLN marka: Noisy may p\u0142e\u0107: Female kategoria: ONA \/ Odzie\u017c \/ Bluzki i koszule \/ Koszule kolor: czarny Opis: Koszula z kolekcji Noisy May. Model wykonany\" \/>\n<meta property=\"og:url\" content=\"https:\/\/torebunia.pl\/sklep\/produkt\/noisy-may-koszula\/\" \/>\n<meta property=\"og:site_name\" content=\"Moje Blog\" \/>\n<meta property=\"article:modified_time\" content=\"2021-01-27T12:38:17+00:00\" \/>\n<meta property=\"og:image\" content=\"https:\/\/torebunia.pl\/sklep\/wp-content\/uploads\/2021\/01\/73597084a2d15718f59fc38d3e06837ce8e0d359.jpg\" \/>\n\t<meta property=\"og:image:width\" content=\"855\" \/>\n\t<meta property=\"og:image:height\" content=\"1290\" \/>\n<meta name=\"twitter:card\" content=\"summary_large_image\" \/>\n<meta name=\"twitter:label1\" content=\"Est. reading time\">\n\t<meta name=\"twitter:data1\" content=\"1 minuta\">\n<script type=\"application\/ld+json\" class=\"yoast-schema-graph\">{\"@context\":\"https:\/\/schema.org\",\"@graph\":[{\"@type\":\"WebSite\",\"@id\":\"https:\/\/torebunia.pl\/sklep\/#website\",\"url\":\"https:\/\/torebunia.pl\/sklep\/\",\"name\":\"Moje Blog\",\"description\":\"Kolejna witryna WordPress\",\"potentialAction\":[{\"@type\":\"SearchAction\",\"target\":\"https:\/\/torebunia.pl\/sklep\/?s={search_term_string}\",\"query-input\":\"required name=search_term_string\"}],\"inLanguage\":\"pl-PL\"},{\"@type\":\"ImageObject\",\"@id\":\"https:\/\/torebunia.pl\/sklep\/produkt\/noisy-may-koszula\/#primaryimage\",\"inLanguage\":\"pl-PL\",\"url\":\"https:\/\/torebunia.pl\/sklep\/wp-content\/uploads\/2021\/01\/73597084a2d15718f59fc38d3e06837ce8e0d359.jpg\",\"width\":855,\"height\":1290,\"caption\":\"Noisy May - Koszula\"},{\"@type\":\"WebPage\",\"@id\":\"https:\/\/torebunia.pl\/sklep\/produkt\/noisy-may-koszula\/#webpage\",\"url\":\"https:\/\/torebunia.pl\/sklep\/produkt\/noisy-may-koszula\/\",\"name\":\"Noisy May - Koszula\",\"isPartOf\":{\"@id\":\"https:\/\/torebunia.pl\/sklep\/#website\"},\"primaryImageOfPage\":{\"@id\":\"https:\/\/torebunia.pl\/sklep\/produkt\/noisy-may-koszula\/#primaryimage\"},\"datePublished\":\"2020-06-16T18:20:06+00:00\",\"dateModified\":\"2021-01-27T12:38:17+00:00\",\"inLanguage\":\"pl-PL\",\"potentialAction\":[{\"@type\":\"ReadAction\",\"target\":[\"https:\/\/torebunia.pl\/sklep\/produkt\/noisy-may-koszula\/\"]}]}]}<\/script>\n<!-- \/ Yoast SEO plugin. -->","_links":{"self":[{"href":"https:\/\/torebunia.pl\/sklep\/wp-json\/wp\/v2\/product\/6127","targetHints":{"allow":["GET"]}}],"collection":[{"href":"https:\/\/torebunia.pl\/sklep\/wp-json\/wp\/v2\/product"}],"about":[{"href":"https:\/\/torebunia.pl\/sklep\/wp-json\/wp\/v2\/types\/product"}],"replies":[{"embeddable":true,"href":"https:\/\/torebunia.pl\/sklep\/wp-json\/wp\/v2\/comments?post=6127"}],"wp:featuredmedia":[{"embeddable":true,"href":"https:\/\/torebunia.pl\/sklep\/wp-json\/wp\/v2\/media\/6128"}],"wp:attachment":[{"href":"https:\/\/torebunia.pl\/sklep\/wp-json\/wp\/v2\/media?parent=6127"}],"curies":[{"name":"wp","href":"https:\/\/api.w.org\/{rel}","templated":true}]}}