{"id":6111,"date":"2020-04-19T00:55:32","date_gmt":"2020-04-19T00:55:32","guid":{"rendered":"https:\/\/torebunia.pl\/sklep\/produkt\/answear-bluza-10\/"},"modified":"2021-01-27T12:38:06","modified_gmt":"2021-01-27T12:38:06","slug":"answear-bluza-10","status":"publish","type":"product","link":"https:\/\/torebunia.pl\/sklep\/produkt\/answear-bluza-10\/","title":{"rendered":"Answear &#8211; Bluza"},"content":{"rendered":"<p>Parametry produktu:<\/p>\n<ul>\n<li>cena: <strong>119.9 PLN<\/strong><\/li>\n<li>marka: <strong>ANSWEAR<\/strong><\/li>\n<li>p\u0142e\u0107: <strong>Female<\/strong><\/li>\n<li>kategoria: <strong>ONA \/ Odzie\u017c \/ Bluzy \/ Przez g\u0142ow\u0119<\/strong><\/li>\n<li>kolor: <strong>\u017c\u00f3\u0142ty<\/strong><\/li>\n<\/ul>\n<p>Opis:<br \/>\nBluza z kolekcji Answear. Model wykonany z g\u0142adkiej dzianiny. &#8211; Prosty fason. &#8211; R\u0119kawy wyko\u0144czone \u015bci\u0105gaczem. &#8211; Okr\u0105g\u0142y dekolt. &#8211; Elastyczny materia\u0142. &#8211; D\u0142ugo\u015b\u0107 r\u0119kawa: 57 cm. &#8211; D\u0142ugo\u015b\u0107: 65 cm. &#8211; Szeroko\u015b\u0107 pod pachami: 52 cm. &#8211; Wymiary podane dla rozmiaru: S. Wz\u00f3r: g\u0142adkie Materia\u0142: bawe\u0142na Kaptur: bez kaptura Sk\u0142ad: 100 % Bawe\u0142na ID produktu: -100-BLD00E Kod producenta: 1905A.KX<\/p>\n","protected":false},"excerpt":{"rendered":"<p>Parametry produktu: cena: 119.9 PLN marka: ANSWEAR p\u0142e\u0107: Female kategoria: ONA \/ Odzie\u017c \/ Bluzy \/ Przez g\u0142ow\u0119 kolor: \u017c\u00f3\u0142ty Opis: Bluza z kolekcji Answear. Model wykonany z g\u0142adkiej dzianiny.<\/p>\n","protected":false},"featured_media":6112,"comment_status":"closed","ping_status":"open","template":"","meta":[],"class_list":{"0":"post-6111","1":"product","2":"type-product","3":"status-publish","5":"hentry","6":"product_cat-bluzy","7":"product_cat-odziez","8":"product_cat-ona","9":"product_cat-przez-glowe","10":"product_tag-answear","11":"product_tag-answear-bluza"},"yoast_head":"<!-- This site is optimized with the Yoast SEO plugin v15.6.2 - https:\/\/yoast.com\/wordpress\/plugins\/seo\/ -->\n<title>Answear - Bluza<\/title>\n<meta name=\"robots\" content=\"index, follow, max-snippet:-1, max-image-preview:large, max-video-preview:-1\" \/>\n<link rel=\"canonical\" href=\"https:\/\/torebunia.pl\/sklep\/produkt\/answear-bluza-10\/\" \/>\n<meta property=\"og:locale\" content=\"pl_PL\" \/>\n<meta property=\"og:type\" content=\"article\" \/>\n<meta property=\"og:title\" content=\"Answear - Bluza\" \/>\n<meta property=\"og:description\" content=\"Parametry produktu: cena: 119.9 PLN marka: ANSWEAR p\u0142e\u0107: Female kategoria: ONA \/ Odzie\u017c \/ Bluzy \/ Przez g\u0142ow\u0119 kolor: \u017c\u00f3\u0142ty Opis: Bluza z kolekcji Answear. Model wykonany z g\u0142adkiej dzianiny.\" \/>\n<meta property=\"og:url\" content=\"https:\/\/torebunia.pl\/sklep\/produkt\/answear-bluza-10\/\" \/>\n<meta property=\"og:site_name\" content=\"Moje Blog\" \/>\n<meta property=\"article:modified_time\" content=\"2021-01-27T12:38:06+00:00\" \/>\n<meta property=\"og:image\" content=\"https:\/\/torebunia.pl\/sklep\/wp-content\/uploads\/2021\/01\/d2a6914004ba2eca5f527098f52d48c09e2ff477.jpg\" \/>\n\t<meta property=\"og:image:width\" content=\"855\" \/>\n\t<meta property=\"og:image:height\" content=\"1290\" \/>\n<meta name=\"twitter:card\" content=\"summary_large_image\" \/>\n<script type=\"application\/ld+json\" class=\"yoast-schema-graph\">{\"@context\":\"https:\/\/schema.org\",\"@graph\":[{\"@type\":\"WebSite\",\"@id\":\"https:\/\/torebunia.pl\/sklep\/#website\",\"url\":\"https:\/\/torebunia.pl\/sklep\/\",\"name\":\"Moje Blog\",\"description\":\"Kolejna witryna WordPress\",\"potentialAction\":[{\"@type\":\"SearchAction\",\"target\":\"https:\/\/torebunia.pl\/sklep\/?s={search_term_string}\",\"query-input\":\"required name=search_term_string\"}],\"inLanguage\":\"pl-PL\"},{\"@type\":\"ImageObject\",\"@id\":\"https:\/\/torebunia.pl\/sklep\/produkt\/answear-bluza-10\/#primaryimage\",\"inLanguage\":\"pl-PL\",\"url\":\"https:\/\/torebunia.pl\/sklep\/wp-content\/uploads\/2021\/01\/d2a6914004ba2eca5f527098f52d48c09e2ff477.jpg\",\"width\":855,\"height\":1290,\"caption\":\"Answear - Bluza\"},{\"@type\":\"WebPage\",\"@id\":\"https:\/\/torebunia.pl\/sklep\/produkt\/answear-bluza-10\/#webpage\",\"url\":\"https:\/\/torebunia.pl\/sklep\/produkt\/answear-bluza-10\/\",\"name\":\"Answear - Bluza\",\"isPartOf\":{\"@id\":\"https:\/\/torebunia.pl\/sklep\/#website\"},\"primaryImageOfPage\":{\"@id\":\"https:\/\/torebunia.pl\/sklep\/produkt\/answear-bluza-10\/#primaryimage\"},\"datePublished\":\"2020-04-19T00:55:32+00:00\",\"dateModified\":\"2021-01-27T12:38:06+00:00\",\"inLanguage\":\"pl-PL\",\"potentialAction\":[{\"@type\":\"ReadAction\",\"target\":[\"https:\/\/torebunia.pl\/sklep\/produkt\/answear-bluza-10\/\"]}]}]}<\/script>\n<!-- \/ Yoast SEO plugin. -->","_links":{"self":[{"href":"https:\/\/torebunia.pl\/sklep\/wp-json\/wp\/v2\/product\/6111","targetHints":{"allow":["GET"]}}],"collection":[{"href":"https:\/\/torebunia.pl\/sklep\/wp-json\/wp\/v2\/product"}],"about":[{"href":"https:\/\/torebunia.pl\/sklep\/wp-json\/wp\/v2\/types\/product"}],"replies":[{"embeddable":true,"href":"https:\/\/torebunia.pl\/sklep\/wp-json\/wp\/v2\/comments?post=6111"}],"wp:featuredmedia":[{"embeddable":true,"href":"https:\/\/torebunia.pl\/sklep\/wp-json\/wp\/v2\/media\/6112"}],"wp:attachment":[{"href":"https:\/\/torebunia.pl\/sklep\/wp-json\/wp\/v2\/media?parent=6111"}],"curies":[{"name":"wp","href":"https:\/\/api.w.org\/{rel}","templated":true}]}}