{"id":6021,"date":"2020-06-10T04:55:48","date_gmt":"2020-06-10T04:55:48","guid":{"rendered":"https:\/\/torebunia.pl\/sklep\/produkt\/g-star-raw-jeansy-3301\/"},"modified":"2021-01-27T12:34:09","modified_gmt":"2021-01-27T12:34:09","slug":"g-star-raw-jeansy-3301","status":"publish","type":"product","link":"https:\/\/torebunia.pl\/sklep\/produkt\/g-star-raw-jeansy-3301\/","title":{"rendered":"G-Star Raw &#8211; Jeansy 3301"},"content":{"rendered":"<p>Parametry produktu:<\/p>\n<ul>\n<li>cena: <strong>559.9 PLN<\/strong><\/li>\n<li>marka: <strong>G-Star Raw<\/strong><\/li>\n<li>p\u0142e\u0107: <strong>Female<\/strong><\/li>\n<li>kategoria: <strong>ONA \/ Odzie\u017c \/ Jeansy<\/strong><\/li>\n<li>kolor: <strong>czarny<\/strong><\/li>\n<\/ul>\n<p>Opis:<br \/>\nJeansy z kolekcji G-Star Raw w fasonie skinny z regularn\u0105 tali\u0105. Model wykonany ze spranego denimu. &#8211; Fason skinny. &#8211; Regularna talia. &#8211; Wsuwane kieszenie. &#8211; Zapi\u0119cie na guzik i suwak. &#8211; Ozdobnie sprany denim. Sk\u0142ad: 91 % Bawe\u0142na, 2 % Elastan, 7 % Elastomultiester ID produktu: 4900-SJM07S Kod producenta: D15943.A634.B429<\/p>\n","protected":false},"excerpt":{"rendered":"<p>Parametry produktu: cena: 559.9 PLN marka: G-Star Raw p\u0142e\u0107: Female kategoria: ONA \/ Odzie\u017c \/ Jeansy kolor: czarny Opis: Jeansy z kolekcji G-Star Raw w fasonie skinny z regularn\u0105 tali\u0105.<\/p>\n","protected":false},"featured_media":6022,"comment_status":"closed","ping_status":"open","template":"","meta":[],"class_list":{"0":"post-6021","1":"product","2":"type-product","3":"status-publish","5":"hentry","6":"product_cat-jeansy","7":"product_cat-odziez","8":"product_cat-ona","9":"product_tag-g-star-raw","10":"product_tag-g-star-raw-jeansy-3301"},"yoast_head":"<!-- This site is optimized with the Yoast SEO plugin v15.6.2 - https:\/\/yoast.com\/wordpress\/plugins\/seo\/ -->\n<title>G-Star Raw - Jeansy 3301<\/title>\n<meta name=\"robots\" content=\"index, follow, max-snippet:-1, max-image-preview:large, max-video-preview:-1\" \/>\n<link rel=\"canonical\" href=\"https:\/\/torebunia.pl\/sklep\/produkt\/g-star-raw-jeansy-3301\/\" \/>\n<meta property=\"og:locale\" content=\"pl_PL\" \/>\n<meta property=\"og:type\" content=\"article\" \/>\n<meta property=\"og:title\" content=\"G-Star Raw - Jeansy 3301\" \/>\n<meta property=\"og:description\" content=\"Parametry produktu: cena: 559.9 PLN marka: G-Star Raw p\u0142e\u0107: Female kategoria: ONA \/ Odzie\u017c \/ Jeansy kolor: czarny Opis: Jeansy z kolekcji G-Star Raw w fasonie skinny z regularn\u0105 tali\u0105.\" \/>\n<meta property=\"og:url\" content=\"https:\/\/torebunia.pl\/sklep\/produkt\/g-star-raw-jeansy-3301\/\" \/>\n<meta property=\"og:site_name\" content=\"Moje Blog\" \/>\n<meta property=\"article:modified_time\" content=\"2021-01-27T12:34:09+00:00\" \/>\n<meta property=\"og:image\" content=\"https:\/\/torebunia.pl\/sklep\/wp-content\/uploads\/2021\/01\/505def35e25f5e616358271434c7a7c95decc535.jpg\" \/>\n\t<meta property=\"og:image:width\" content=\"855\" \/>\n\t<meta property=\"og:image:height\" content=\"1290\" \/>\n<meta name=\"twitter:card\" content=\"summary_large_image\" \/>\n<script type=\"application\/ld+json\" class=\"yoast-schema-graph\">{\"@context\":\"https:\/\/schema.org\",\"@graph\":[{\"@type\":\"WebSite\",\"@id\":\"https:\/\/torebunia.pl\/sklep\/#website\",\"url\":\"https:\/\/torebunia.pl\/sklep\/\",\"name\":\"Moje Blog\",\"description\":\"Kolejna witryna WordPress\",\"potentialAction\":[{\"@type\":\"SearchAction\",\"target\":\"https:\/\/torebunia.pl\/sklep\/?s={search_term_string}\",\"query-input\":\"required name=search_term_string\"}],\"inLanguage\":\"pl-PL\"},{\"@type\":\"ImageObject\",\"@id\":\"https:\/\/torebunia.pl\/sklep\/produkt\/g-star-raw-jeansy-3301\/#primaryimage\",\"inLanguage\":\"pl-PL\",\"url\":\"https:\/\/torebunia.pl\/sklep\/wp-content\/uploads\/2021\/01\/505def35e25f5e616358271434c7a7c95decc535.jpg\",\"width\":855,\"height\":1290,\"caption\":\"G-Star Raw - Jeansy 3301\"},{\"@type\":\"WebPage\",\"@id\":\"https:\/\/torebunia.pl\/sklep\/produkt\/g-star-raw-jeansy-3301\/#webpage\",\"url\":\"https:\/\/torebunia.pl\/sklep\/produkt\/g-star-raw-jeansy-3301\/\",\"name\":\"G-Star Raw - Jeansy 3301\",\"isPartOf\":{\"@id\":\"https:\/\/torebunia.pl\/sklep\/#website\"},\"primaryImageOfPage\":{\"@id\":\"https:\/\/torebunia.pl\/sklep\/produkt\/g-star-raw-jeansy-3301\/#primaryimage\"},\"datePublished\":\"2020-06-10T04:55:48+00:00\",\"dateModified\":\"2021-01-27T12:34:09+00:00\",\"inLanguage\":\"pl-PL\",\"potentialAction\":[{\"@type\":\"ReadAction\",\"target\":[\"https:\/\/torebunia.pl\/sklep\/produkt\/g-star-raw-jeansy-3301\/\"]}]}]}<\/script>\n<!-- \/ Yoast SEO plugin. -->","_links":{"self":[{"href":"https:\/\/torebunia.pl\/sklep\/wp-json\/wp\/v2\/product\/6021","targetHints":{"allow":["GET"]}}],"collection":[{"href":"https:\/\/torebunia.pl\/sklep\/wp-json\/wp\/v2\/product"}],"about":[{"href":"https:\/\/torebunia.pl\/sklep\/wp-json\/wp\/v2\/types\/product"}],"replies":[{"embeddable":true,"href":"https:\/\/torebunia.pl\/sklep\/wp-json\/wp\/v2\/comments?post=6021"}],"wp:featuredmedia":[{"embeddable":true,"href":"https:\/\/torebunia.pl\/sklep\/wp-json\/wp\/v2\/media\/6022"}],"wp:attachment":[{"href":"https:\/\/torebunia.pl\/sklep\/wp-json\/wp\/v2\/media?parent=6021"}],"curies":[{"name":"wp","href":"https:\/\/api.w.org\/{rel}","templated":true}]}}