{"id":5975,"date":"2020-08-10T21:17:37","date_gmt":"2020-08-10T21:17:37","guid":{"rendered":"https:\/\/torebunia.pl\/sklep\/produkt\/emu-australia-sniegowce-ore\/"},"modified":"2021-01-27T12:33:28","modified_gmt":"2021-01-27T12:33:28","slug":"emu-australia-sniegowce-ore","status":"publish","type":"product","link":"https:\/\/torebunia.pl\/sklep\/produkt\/emu-australia-sniegowce-ore\/","title":{"rendered":"Emu Australia &#8211; \u015aniegowce Ore"},"content":{"rendered":"<p>Parametry produktu:<\/p>\n<ul>\n<li>cena: <strong>639.9 PLN<\/strong><\/li>\n<li>marka: <strong>Emu Australia<\/strong><\/li>\n<li>p\u0142e\u0107: <strong>Female<\/strong><\/li>\n<li>kategoria: <strong>ONA \/ Obuwie \/ \u015aniegowce<\/strong><\/li>\n<li>kolor: <strong>czarny<\/strong><\/li>\n<\/ul>\n<p>Opis:<br \/>\n\u015aniegowce z kolekcji Emu Australia. Model wykonany ze sk\u00f3ry naturalnej. &#8211; Posiada certyfikat Woolmark, przyznawany produktom z naturalnej, czystej we\u0142ny, kt\u00f3re zosta\u0142y wyprodukowane w manufakturach spe\u0142niaj\u0105cych odpowiednie, wysokie standardy. &#8211; Wn\u0119trze obuwia wykonane zosta\u0142o z wysokogatunkowej we\u0142ny merynos\u00f3w (australijskich owiec), co zapewnia lepsze utrzymywanie ciep\u0142a oraz dobr\u0105 cyrkulacj\u0119 powietrza. &#8211; Opatentowana, elastyczna podeszwa EMU sk\u0142ada si\u0119 z trzech warstw, co wspomaga odpowiedni\u0105 amortyzacj\u0119. Specjalnie zaprojektowany wz\u00f3r naci\u0119\u0107 zapewnia idealn\u0105 przyczepno\u015b\u0107 do pod\u0142o\u017ca. &#8211; Podwy\u017cszona odporno\u015b\u0107 na wod\u0119. &#8211; Ocieplony model. &#8211; Mi\u0119kki nosek. &#8211; Gumowa podeszwa. &#8211; Usztywniony zapi\u0119tek. &#8211; D\u0142ugo\u015b\u0107 wk\u0142adki wynosi: 23 cm. &#8211; Wymiary podane dla rozmiaru: 37. Materia\u0142: sk\u00f3ra zamszowa Obcas: p\u0142aski Ocieplenie: ocieplane Zapi\u0119cie: brak zapi\u0119cia Sk\u0142ad: Cholewka: Sk\u00f3ra naturalna, Wn\u0119trze: We\u0142na, Podeszwa: Materia\u0142 syntetyczny, ID produktu: 4920-OBD0K3 Kod producenta: W11788<\/p>\n","protected":false},"excerpt":{"rendered":"<p>Parametry produktu: cena: 639.9 PLN marka: Emu Australia p\u0142e\u0107: Female kategoria: ONA \/ Obuwie \/ \u015aniegowce kolor: czarny Opis: \u015aniegowce z kolekcji Emu Australia. Model wykonany ze sk\u00f3ry naturalnej. &#8211;<\/p>\n","protected":false},"featured_media":5976,"comment_status":"closed","ping_status":"open","template":"","meta":[],"class_list":{"0":"post-5975","1":"product","2":"type-product","3":"status-publish","5":"hentry","6":"product_cat-obuwie","7":"product_cat-ona","8":"product_cat-sniegowce","9":"product_tag-emu-australia","10":"product_tag-emu-australia-sniegowce-ore"},"yoast_head":"<!-- This site is optimized with the Yoast SEO plugin v15.6.2 - https:\/\/yoast.com\/wordpress\/plugins\/seo\/ -->\n<title>Emu Australia - \u015aniegowce Ore<\/title>\n<meta name=\"robots\" content=\"index, follow, max-snippet:-1, max-image-preview:large, max-video-preview:-1\" \/>\n<link rel=\"canonical\" href=\"https:\/\/torebunia.pl\/sklep\/produkt\/emu-australia-sniegowce-ore\/\" \/>\n<meta property=\"og:locale\" content=\"pl_PL\" \/>\n<meta property=\"og:type\" content=\"article\" \/>\n<meta property=\"og:title\" content=\"Emu Australia - \u015aniegowce Ore\" \/>\n<meta property=\"og:description\" content=\"Parametry produktu: cena: 639.9 PLN marka: Emu Australia p\u0142e\u0107: Female kategoria: ONA \/ Obuwie \/ \u015aniegowce kolor: czarny Opis: \u015aniegowce z kolekcji Emu Australia. Model wykonany ze sk\u00f3ry naturalnej. &#8211;\" \/>\n<meta property=\"og:url\" content=\"https:\/\/torebunia.pl\/sklep\/produkt\/emu-australia-sniegowce-ore\/\" \/>\n<meta property=\"og:site_name\" content=\"Moje Blog\" \/>\n<meta property=\"article:modified_time\" content=\"2021-01-27T12:33:28+00:00\" \/>\n<meta property=\"og:image\" content=\"https:\/\/torebunia.pl\/sklep\/wp-content\/uploads\/2021\/01\/655edccc3d597852c55d557947c0d6b5906206d5.jpg\" \/>\n\t<meta property=\"og:image:width\" content=\"855\" \/>\n\t<meta property=\"og:image:height\" content=\"1290\" \/>\n<meta name=\"twitter:card\" content=\"summary_large_image\" \/>\n<meta name=\"twitter:label1\" content=\"Est. reading time\">\n\t<meta name=\"twitter:data1\" content=\"1 minuta\">\n<script type=\"application\/ld+json\" class=\"yoast-schema-graph\">{\"@context\":\"https:\/\/schema.org\",\"@graph\":[{\"@type\":\"WebSite\",\"@id\":\"https:\/\/torebunia.pl\/sklep\/#website\",\"url\":\"https:\/\/torebunia.pl\/sklep\/\",\"name\":\"Moje Blog\",\"description\":\"Kolejna witryna WordPress\",\"potentialAction\":[{\"@type\":\"SearchAction\",\"target\":\"https:\/\/torebunia.pl\/sklep\/?s={search_term_string}\",\"query-input\":\"required name=search_term_string\"}],\"inLanguage\":\"pl-PL\"},{\"@type\":\"ImageObject\",\"@id\":\"https:\/\/torebunia.pl\/sklep\/produkt\/emu-australia-sniegowce-ore\/#primaryimage\",\"inLanguage\":\"pl-PL\",\"url\":\"https:\/\/torebunia.pl\/sklep\/wp-content\/uploads\/2021\/01\/655edccc3d597852c55d557947c0d6b5906206d5.jpg\",\"width\":855,\"height\":1290,\"caption\":\"Emu Australia - \\u015aniegowce Ore\"},{\"@type\":\"WebPage\",\"@id\":\"https:\/\/torebunia.pl\/sklep\/produkt\/emu-australia-sniegowce-ore\/#webpage\",\"url\":\"https:\/\/torebunia.pl\/sklep\/produkt\/emu-australia-sniegowce-ore\/\",\"name\":\"Emu Australia - \\u015aniegowce Ore\",\"isPartOf\":{\"@id\":\"https:\/\/torebunia.pl\/sklep\/#website\"},\"primaryImageOfPage\":{\"@id\":\"https:\/\/torebunia.pl\/sklep\/produkt\/emu-australia-sniegowce-ore\/#primaryimage\"},\"datePublished\":\"2020-08-10T21:17:37+00:00\",\"dateModified\":\"2021-01-27T12:33:28+00:00\",\"inLanguage\":\"pl-PL\",\"potentialAction\":[{\"@type\":\"ReadAction\",\"target\":[\"https:\/\/torebunia.pl\/sklep\/produkt\/emu-australia-sniegowce-ore\/\"]}]}]}<\/script>\n<!-- \/ Yoast SEO plugin. -->","_links":{"self":[{"href":"https:\/\/torebunia.pl\/sklep\/wp-json\/wp\/v2\/product\/5975","targetHints":{"allow":["GET"]}}],"collection":[{"href":"https:\/\/torebunia.pl\/sklep\/wp-json\/wp\/v2\/product"}],"about":[{"href":"https:\/\/torebunia.pl\/sklep\/wp-json\/wp\/v2\/types\/product"}],"replies":[{"embeddable":true,"href":"https:\/\/torebunia.pl\/sklep\/wp-json\/wp\/v2\/comments?post=5975"}],"wp:featuredmedia":[{"embeddable":true,"href":"https:\/\/torebunia.pl\/sklep\/wp-json\/wp\/v2\/media\/5976"}],"wp:attachment":[{"href":"https:\/\/torebunia.pl\/sklep\/wp-json\/wp\/v2\/media?parent=5975"}],"curies":[{"name":"wp","href":"https:\/\/api.w.org\/{rel}","templated":true}]}}