{"id":5895,"date":"2020-05-29T21:54:44","date_gmt":"2020-05-29T21:54:44","guid":{"rendered":"https:\/\/torebunia.pl\/sklep\/produkt\/columbia-kurtka-6\/"},"modified":"2021-01-27T12:32:26","modified_gmt":"2021-01-27T12:32:26","slug":"columbia-kurtka-6","status":"publish","type":"product","link":"https:\/\/torebunia.pl\/sklep\/produkt\/columbia-kurtka-6\/","title":{"rendered":"Columbia &#8211; Kurtka"},"content":{"rendered":"<p>Parametry produktu:<\/p>\n<ul>\n<li>cena: <strong>1049.0 PLN<\/strong><\/li>\n<li>marka: <strong>Columbia<\/strong><\/li>\n<li>p\u0142e\u0107: <strong>Female<\/strong><\/li>\n<li>kategoria: <strong>ONA \/ Odzie\u017c \/ Kurtki i p\u0142aszcze \/ Kurtki d\u0142ugie<\/strong><\/li>\n<li>kolor: <strong>czarny<\/strong><\/li>\n<\/ul>\n<p>Opis:<br \/>\nKurtka z kolekcji Columbia. Ocieplony model wykonany z g\u0142adkiego materia\u0142u. &#8211; Technologia Omni-Tech\u00ae dzi\u0119ki mikroporowatej oddychaj\u0105cej membranie i uszczelnionych szwach pokrytych trwa\u0142\u0105, wodoszczeln\u0105 pow\u0142ok\u0105 zapewnia pe\u0142n\u0105 ochron\u0119 przed nag\u0142ymi zmianami pogody. &#8211; Ocieplony model na podszewce. &#8211; Prosty fason. &#8211; Zapinane kieszenie. &#8211; Zapi\u0119cie na zamek i rzep. &#8211; Odpinany kaptur z troczkami. &#8211; D\u0142ugo\u015b\u0107 r\u0119kawa: 64 cm. &#8211; D\u0142ugo\u015b\u0107: 83 cm. &#8211; Szeroko\u015b\u0107 pod pachami: 49 cm. &#8211; Szeroko\u015b\u0107 w ramionach: 40 cm. &#8211; Wymiary podane dla rozmiaru: S. Podszewka: z podszewk\u0105 Kaptur: z kapturem Ocieplenie: ocieplane Sk\u0142ad: Podszewka: 100 % Poliester, Wype\u0142nienie: 85 % Poliester z recyklingu, 15 % Poliester, Materia\u0142 zasadniczy: 100 % Poliamid ID produktu: 4900-KUD0TN Kod producenta: 1912062<\/p>\n","protected":false},"excerpt":{"rendered":"<p>Parametry produktu: cena: 1049.0 PLN marka: Columbia p\u0142e\u0107: Female kategoria: ONA \/ Odzie\u017c \/ Kurtki i p\u0142aszcze \/ Kurtki d\u0142ugie kolor: czarny Opis: Kurtka z kolekcji Columbia. Ocieplony model wykonany<\/p>\n","protected":false},"featured_media":5896,"comment_status":"closed","ping_status":"open","template":"","meta":[],"class_list":{"0":"post-5895","1":"product","2":"type-product","3":"status-publish","5":"hentry","6":"product_cat-kurtki-dlugie","7":"product_cat-kurtki-i-plaszcze","8":"product_cat-odziez","9":"product_cat-ona","10":"product_tag-columbia","11":"product_tag-columbia-kurtka"},"yoast_head":"<!-- This site is optimized with the Yoast SEO plugin v15.6.2 - https:\/\/yoast.com\/wordpress\/plugins\/seo\/ -->\n<title>Columbia - Kurtka<\/title>\n<meta name=\"robots\" content=\"index, follow, max-snippet:-1, max-image-preview:large, max-video-preview:-1\" \/>\n<link rel=\"canonical\" href=\"https:\/\/torebunia.pl\/sklep\/produkt\/columbia-kurtka-6\/\" \/>\n<meta property=\"og:locale\" content=\"pl_PL\" \/>\n<meta property=\"og:type\" content=\"article\" \/>\n<meta property=\"og:title\" content=\"Columbia - Kurtka\" \/>\n<meta property=\"og:description\" content=\"Parametry produktu: cena: 1049.0 PLN marka: Columbia p\u0142e\u0107: Female kategoria: ONA \/ Odzie\u017c \/ Kurtki i p\u0142aszcze \/ Kurtki d\u0142ugie kolor: czarny Opis: Kurtka z kolekcji Columbia. Ocieplony model wykonany\" \/>\n<meta property=\"og:url\" content=\"https:\/\/torebunia.pl\/sklep\/produkt\/columbia-kurtka-6\/\" \/>\n<meta property=\"og:site_name\" content=\"Moje Blog\" \/>\n<meta property=\"article:modified_time\" content=\"2021-01-27T12:32:26+00:00\" \/>\n<meta property=\"og:image\" content=\"https:\/\/torebunia.pl\/sklep\/wp-content\/uploads\/2021\/01\/a8b46fae79aea57544971c85a2f2918426bce7d0.jpg\" \/>\n\t<meta property=\"og:image:width\" content=\"855\" \/>\n\t<meta property=\"og:image:height\" content=\"1290\" \/>\n<meta name=\"twitter:card\" content=\"summary_large_image\" \/>\n<meta name=\"twitter:label1\" content=\"Est. reading time\">\n\t<meta name=\"twitter:data1\" content=\"1 minuta\">\n<script type=\"application\/ld+json\" class=\"yoast-schema-graph\">{\"@context\":\"https:\/\/schema.org\",\"@graph\":[{\"@type\":\"WebSite\",\"@id\":\"https:\/\/torebunia.pl\/sklep\/#website\",\"url\":\"https:\/\/torebunia.pl\/sklep\/\",\"name\":\"Moje Blog\",\"description\":\"Kolejna witryna WordPress\",\"potentialAction\":[{\"@type\":\"SearchAction\",\"target\":\"https:\/\/torebunia.pl\/sklep\/?s={search_term_string}\",\"query-input\":\"required name=search_term_string\"}],\"inLanguage\":\"pl-PL\"},{\"@type\":\"ImageObject\",\"@id\":\"https:\/\/torebunia.pl\/sklep\/produkt\/columbia-kurtka-6\/#primaryimage\",\"inLanguage\":\"pl-PL\",\"url\":\"https:\/\/torebunia.pl\/sklep\/wp-content\/uploads\/2021\/01\/a8b46fae79aea57544971c85a2f2918426bce7d0.jpg\",\"width\":855,\"height\":1290,\"caption\":\"Columbia - Kurtka\"},{\"@type\":\"WebPage\",\"@id\":\"https:\/\/torebunia.pl\/sklep\/produkt\/columbia-kurtka-6\/#webpage\",\"url\":\"https:\/\/torebunia.pl\/sklep\/produkt\/columbia-kurtka-6\/\",\"name\":\"Columbia - Kurtka\",\"isPartOf\":{\"@id\":\"https:\/\/torebunia.pl\/sklep\/#website\"},\"primaryImageOfPage\":{\"@id\":\"https:\/\/torebunia.pl\/sklep\/produkt\/columbia-kurtka-6\/#primaryimage\"},\"datePublished\":\"2020-05-29T21:54:44+00:00\",\"dateModified\":\"2021-01-27T12:32:26+00:00\",\"inLanguage\":\"pl-PL\",\"potentialAction\":[{\"@type\":\"ReadAction\",\"target\":[\"https:\/\/torebunia.pl\/sklep\/produkt\/columbia-kurtka-6\/\"]}]}]}<\/script>\n<!-- \/ Yoast SEO plugin. -->","_links":{"self":[{"href":"https:\/\/torebunia.pl\/sklep\/wp-json\/wp\/v2\/product\/5895","targetHints":{"allow":["GET"]}}],"collection":[{"href":"https:\/\/torebunia.pl\/sklep\/wp-json\/wp\/v2\/product"}],"about":[{"href":"https:\/\/torebunia.pl\/sklep\/wp-json\/wp\/v2\/types\/product"}],"replies":[{"embeddable":true,"href":"https:\/\/torebunia.pl\/sklep\/wp-json\/wp\/v2\/comments?post=5895"}],"wp:featuredmedia":[{"embeddable":true,"href":"https:\/\/torebunia.pl\/sklep\/wp-json\/wp\/v2\/media\/5896"}],"wp:attachment":[{"href":"https:\/\/torebunia.pl\/sklep\/wp-json\/wp\/v2\/media?parent=5895"}],"curies":[{"name":"wp","href":"https:\/\/api.w.org\/{rel}","templated":true}]}}