{"id":5855,"date":"2020-11-13T19:48:03","date_gmt":"2020-11-13T19:48:03","guid":{"rendered":"https:\/\/torebunia.pl\/sklep\/produkt\/g-star-raw-sukienka\/"},"modified":"2021-01-27T12:31:54","modified_gmt":"2021-01-27T12:31:54","slug":"g-star-raw-sukienka","status":"publish","type":"product","link":"https:\/\/torebunia.pl\/sklep\/produkt\/g-star-raw-sukienka\/","title":{"rendered":"G-Star Raw &#8211; Sukienka"},"content":{"rendered":"<p>Parametry produktu:<\/p>\n<ul>\n<li>cena: <strong>329.9 PLN<\/strong><\/li>\n<li>marka: <strong>G-Star Raw<\/strong><\/li>\n<li>p\u0142e\u0107: <strong>Female<\/strong><\/li>\n<li>kategoria: <strong>ONA \/ Odzie\u017c \/ Sukienki<\/strong><\/li>\n<li>kolor: <strong>granatowy<\/strong><\/li>\n<\/ul>\n<p>Opis:<br \/>\nSukienka z kolekcji G-Star Raw. Prosty model wykonany z cienkiej, elastycznej dzianiny. &#8211; Prosty fason. &#8211; Kr\u00f3tki r\u0119kaw. &#8211; Cienka, elastyczna dzianina. &#8211; G\u0142adka dzianina. Wz\u00f3r: g\u0142adkie Materia\u0142: dzianina D\u0142ugo\u015b\u0107: mini Dekolt: okr\u0105g\u0142y R\u0119kaw: kr\u00f3tki Okazje: casual Fason: prosty Sk\u0142ad: 100 % Bawe\u0142na organiczna ID produktu: 4900-SUD0TE Kod producenta: D17175.4107.B564<\/p>\n","protected":false},"excerpt":{"rendered":"<p>Parametry produktu: cena: 329.9 PLN marka: G-Star Raw p\u0142e\u0107: Female kategoria: ONA \/ Odzie\u017c \/ Sukienki kolor: granatowy Opis: Sukienka z kolekcji G-Star Raw. Prosty model wykonany z cienkiej, elastycznej<\/p>\n","protected":false},"featured_media":5856,"comment_status":"closed","ping_status":"open","template":"","meta":[],"class_list":{"0":"post-5855","1":"product","2":"type-product","3":"status-publish","5":"hentry","6":"product_cat-odziez","7":"product_cat-ona","8":"product_cat-sukienki","9":"product_tag-g-star-raw","10":"product_tag-g-star-raw-sukienka"},"yoast_head":"<!-- This site is optimized with the Yoast SEO plugin v15.6.2 - https:\/\/yoast.com\/wordpress\/plugins\/seo\/ -->\n<title>G-Star Raw - Sukienka<\/title>\n<meta name=\"robots\" content=\"index, follow, max-snippet:-1, max-image-preview:large, max-video-preview:-1\" \/>\n<link rel=\"canonical\" href=\"https:\/\/torebunia.pl\/sklep\/produkt\/g-star-raw-sukienka\/\" \/>\n<meta property=\"og:locale\" content=\"pl_PL\" \/>\n<meta property=\"og:type\" content=\"article\" \/>\n<meta property=\"og:title\" content=\"G-Star Raw - Sukienka\" \/>\n<meta property=\"og:description\" content=\"Parametry produktu: cena: 329.9 PLN marka: G-Star Raw p\u0142e\u0107: Female kategoria: ONA \/ Odzie\u017c \/ Sukienki kolor: granatowy Opis: Sukienka z kolekcji G-Star Raw. Prosty model wykonany z cienkiej, elastycznej\" \/>\n<meta property=\"og:url\" content=\"https:\/\/torebunia.pl\/sklep\/produkt\/g-star-raw-sukienka\/\" \/>\n<meta property=\"og:site_name\" content=\"Moje Blog\" \/>\n<meta property=\"article:modified_time\" content=\"2021-01-27T12:31:54+00:00\" \/>\n<meta property=\"og:image\" content=\"https:\/\/torebunia.pl\/sklep\/wp-content\/uploads\/2021\/01\/c4368aa1c4728624060501f1c37110f72cb366c9.jpg\" \/>\n\t<meta property=\"og:image:width\" content=\"855\" \/>\n\t<meta property=\"og:image:height\" content=\"1290\" \/>\n<meta name=\"twitter:card\" content=\"summary_large_image\" \/>\n<script type=\"application\/ld+json\" class=\"yoast-schema-graph\">{\"@context\":\"https:\/\/schema.org\",\"@graph\":[{\"@type\":\"WebSite\",\"@id\":\"https:\/\/torebunia.pl\/sklep\/#website\",\"url\":\"https:\/\/torebunia.pl\/sklep\/\",\"name\":\"Moje Blog\",\"description\":\"Kolejna witryna WordPress\",\"potentialAction\":[{\"@type\":\"SearchAction\",\"target\":\"https:\/\/torebunia.pl\/sklep\/?s={search_term_string}\",\"query-input\":\"required name=search_term_string\"}],\"inLanguage\":\"pl-PL\"},{\"@type\":\"ImageObject\",\"@id\":\"https:\/\/torebunia.pl\/sklep\/produkt\/g-star-raw-sukienka\/#primaryimage\",\"inLanguage\":\"pl-PL\",\"url\":\"https:\/\/torebunia.pl\/sklep\/wp-content\/uploads\/2021\/01\/c4368aa1c4728624060501f1c37110f72cb366c9.jpg\",\"width\":855,\"height\":1290,\"caption\":\"G-Star Raw - Sukienka\"},{\"@type\":\"WebPage\",\"@id\":\"https:\/\/torebunia.pl\/sklep\/produkt\/g-star-raw-sukienka\/#webpage\",\"url\":\"https:\/\/torebunia.pl\/sklep\/produkt\/g-star-raw-sukienka\/\",\"name\":\"G-Star Raw - Sukienka\",\"isPartOf\":{\"@id\":\"https:\/\/torebunia.pl\/sklep\/#website\"},\"primaryImageOfPage\":{\"@id\":\"https:\/\/torebunia.pl\/sklep\/produkt\/g-star-raw-sukienka\/#primaryimage\"},\"datePublished\":\"2020-11-13T19:48:03+00:00\",\"dateModified\":\"2021-01-27T12:31:54+00:00\",\"inLanguage\":\"pl-PL\",\"potentialAction\":[{\"@type\":\"ReadAction\",\"target\":[\"https:\/\/torebunia.pl\/sklep\/produkt\/g-star-raw-sukienka\/\"]}]}]}<\/script>\n<!-- \/ Yoast SEO plugin. -->","_links":{"self":[{"href":"https:\/\/torebunia.pl\/sklep\/wp-json\/wp\/v2\/product\/5855","targetHints":{"allow":["GET"]}}],"collection":[{"href":"https:\/\/torebunia.pl\/sklep\/wp-json\/wp\/v2\/product"}],"about":[{"href":"https:\/\/torebunia.pl\/sklep\/wp-json\/wp\/v2\/types\/product"}],"replies":[{"embeddable":true,"href":"https:\/\/torebunia.pl\/sklep\/wp-json\/wp\/v2\/comments?post=5855"}],"wp:featuredmedia":[{"embeddable":true,"href":"https:\/\/torebunia.pl\/sklep\/wp-json\/wp\/v2\/media\/5856"}],"wp:attachment":[{"href":"https:\/\/torebunia.pl\/sklep\/wp-json\/wp\/v2\/media?parent=5855"}],"curies":[{"name":"wp","href":"https:\/\/api.w.org\/{rel}","templated":true}]}}