{"id":5851,"date":"2020-07-01T18:17:10","date_gmt":"2020-07-01T18:17:10","guid":{"rendered":"https:\/\/torebunia.pl\/sklep\/produkt\/reebok-buty-cl-lthr\/"},"modified":"2021-01-27T12:31:51","modified_gmt":"2021-01-27T12:31:51","slug":"reebok-buty-cl-lthr","status":"publish","type":"product","link":"https:\/\/torebunia.pl\/sklep\/produkt\/reebok-buty-cl-lthr\/","title":{"rendered":"Reebok &#8211; Buty Cl Lthr"},"content":{"rendered":"<p>Parametry produktu:<\/p>\n<ul>\n<li>cena: <strong>329.9 PLN<\/strong><\/li>\n<li>marka: <strong>Reebok<\/strong><\/li>\n<li>p\u0142e\u0107: <strong>Female<\/strong><\/li>\n<li>kategoria: <strong>ONA \/ Obuwie \/ Sneakersy i sportowe \/ Sneakersy<\/strong><\/li>\n<li>kolor: <strong>czarny<\/strong><\/li>\n<\/ul>\n<p>Opis:<br \/>\nButy z kolekcji Reebok. Model wykonany ze sk\u00f3ry naturalnej. &#8211; Podeszwa NON-MARKING: niebrudz\u0105ca, gumowa podeszwa zewn\u0119trzna, zapewniaj\u0105ca doskona\u0142\u0105 przyczepno\u015b\u0107. &#8211; Lekko usztywniony nosek. &#8211; Antypo\u015blizgowa, \u017c\u0142obiona podeszwa. &#8211; Usztywniony zapi\u0119tek. &#8211; Tekstylna wk\u0142adka. &#8211; Komfortowe wn\u0119trze. &#8211; D\u0142ugo\u015b\u0107 wk\u0142adki wynosi: 25,5 cm. &#8211; Wymiary podane dla rozmiaru: 39. Materia\u0142: tekstylny Obcas: p\u0142aski Materia\u0142: sk\u00f3ra licowa Sk\u0142ad: Cholewka: Sk\u00f3ra naturalna Wn\u0119trze: Materia\u0142 tekstylny Podeszwa: Materia\u0142 syntetyczny ID produktu: 4931-OBD08E Kod producenta: 3912<\/p>\n","protected":false},"excerpt":{"rendered":"<p>Parametry produktu: cena: 329.9 PLN marka: Reebok p\u0142e\u0107: Female kategoria: ONA \/ Obuwie \/ Sneakersy i sportowe \/ Sneakersy kolor: czarny Opis: Buty z kolekcji Reebok. Model wykonany ze sk\u00f3ry<\/p>\n","protected":false},"featured_media":5852,"comment_status":"closed","ping_status":"open","template":"","meta":[],"class_list":{"0":"post-5851","1":"product","2":"type-product","3":"status-publish","5":"hentry","6":"product_cat-obuwie","7":"product_cat-ona","8":"product_cat-sneakersy","9":"product_cat-sneakersy-i-sportowe","10":"product_tag-reebok","11":"product_tag-reebok-buty-cl-lthr"},"yoast_head":"<!-- This site is optimized with the Yoast SEO plugin v15.6.2 - https:\/\/yoast.com\/wordpress\/plugins\/seo\/ -->\n<title>Reebok - Buty Cl Lthr<\/title>\n<meta name=\"robots\" content=\"index, follow, max-snippet:-1, max-image-preview:large, max-video-preview:-1\" \/>\n<link rel=\"canonical\" href=\"https:\/\/torebunia.pl\/sklep\/produkt\/reebok-buty-cl-lthr\/\" \/>\n<meta property=\"og:locale\" content=\"pl_PL\" \/>\n<meta property=\"og:type\" content=\"article\" \/>\n<meta property=\"og:title\" content=\"Reebok - Buty Cl Lthr\" \/>\n<meta property=\"og:description\" content=\"Parametry produktu: cena: 329.9 PLN marka: Reebok p\u0142e\u0107: Female kategoria: ONA \/ Obuwie \/ Sneakersy i sportowe \/ Sneakersy kolor: czarny Opis: Buty z kolekcji Reebok. Model wykonany ze sk\u00f3ry\" \/>\n<meta property=\"og:url\" content=\"https:\/\/torebunia.pl\/sklep\/produkt\/reebok-buty-cl-lthr\/\" \/>\n<meta property=\"og:site_name\" content=\"Moje Blog\" \/>\n<meta property=\"article:modified_time\" content=\"2021-01-27T12:31:51+00:00\" \/>\n<meta property=\"og:image\" content=\"https:\/\/torebunia.pl\/sklep\/wp-content\/uploads\/2021\/01\/1e9c67334cf5ff2b979f15805044eacd489cf046.jpg\" \/>\n\t<meta property=\"og:image:width\" content=\"855\" \/>\n\t<meta property=\"og:image:height\" content=\"1290\" \/>\n<meta name=\"twitter:card\" content=\"summary_large_image\" \/>\n<meta name=\"twitter:label1\" content=\"Est. reading time\">\n\t<meta name=\"twitter:data1\" content=\"1 minuta\">\n<script type=\"application\/ld+json\" class=\"yoast-schema-graph\">{\"@context\":\"https:\/\/schema.org\",\"@graph\":[{\"@type\":\"WebSite\",\"@id\":\"https:\/\/torebunia.pl\/sklep\/#website\",\"url\":\"https:\/\/torebunia.pl\/sklep\/\",\"name\":\"Moje Blog\",\"description\":\"Kolejna witryna WordPress\",\"potentialAction\":[{\"@type\":\"SearchAction\",\"target\":\"https:\/\/torebunia.pl\/sklep\/?s={search_term_string}\",\"query-input\":\"required name=search_term_string\"}],\"inLanguage\":\"pl-PL\"},{\"@type\":\"ImageObject\",\"@id\":\"https:\/\/torebunia.pl\/sklep\/produkt\/reebok-buty-cl-lthr\/#primaryimage\",\"inLanguage\":\"pl-PL\",\"url\":\"https:\/\/torebunia.pl\/sklep\/wp-content\/uploads\/2021\/01\/1e9c67334cf5ff2b979f15805044eacd489cf046.jpg\",\"width\":855,\"height\":1290,\"caption\":\"Reebok - Buty Cl Lthr\"},{\"@type\":\"WebPage\",\"@id\":\"https:\/\/torebunia.pl\/sklep\/produkt\/reebok-buty-cl-lthr\/#webpage\",\"url\":\"https:\/\/torebunia.pl\/sklep\/produkt\/reebok-buty-cl-lthr\/\",\"name\":\"Reebok - Buty Cl Lthr\",\"isPartOf\":{\"@id\":\"https:\/\/torebunia.pl\/sklep\/#website\"},\"primaryImageOfPage\":{\"@id\":\"https:\/\/torebunia.pl\/sklep\/produkt\/reebok-buty-cl-lthr\/#primaryimage\"},\"datePublished\":\"2020-07-01T18:17:10+00:00\",\"dateModified\":\"2021-01-27T12:31:51+00:00\",\"inLanguage\":\"pl-PL\",\"potentialAction\":[{\"@type\":\"ReadAction\",\"target\":[\"https:\/\/torebunia.pl\/sklep\/produkt\/reebok-buty-cl-lthr\/\"]}]}]}<\/script>\n<!-- \/ Yoast SEO plugin. -->","_links":{"self":[{"href":"https:\/\/torebunia.pl\/sklep\/wp-json\/wp\/v2\/product\/5851","targetHints":{"allow":["GET"]}}],"collection":[{"href":"https:\/\/torebunia.pl\/sklep\/wp-json\/wp\/v2\/product"}],"about":[{"href":"https:\/\/torebunia.pl\/sklep\/wp-json\/wp\/v2\/types\/product"}],"replies":[{"embeddable":true,"href":"https:\/\/torebunia.pl\/sklep\/wp-json\/wp\/v2\/comments?post=5851"}],"wp:featuredmedia":[{"embeddable":true,"href":"https:\/\/torebunia.pl\/sklep\/wp-json\/wp\/v2\/media\/5852"}],"wp:attachment":[{"href":"https:\/\/torebunia.pl\/sklep\/wp-json\/wp\/v2\/media?parent=5851"}],"curies":[{"name":"wp","href":"https:\/\/api.w.org\/{rel}","templated":true}]}}