{"id":5819,"date":"2020-06-29T11:13:09","date_gmt":"2020-06-29T11:13:09","guid":{"rendered":"https:\/\/torebunia.pl\/sklep\/produkt\/tommy-hilfiger-plecak\/"},"modified":"2021-01-27T12:31:28","modified_gmt":"2021-01-27T12:31:28","slug":"tommy-hilfiger-plecak","status":"publish","type":"product","link":"https:\/\/torebunia.pl\/sklep\/produkt\/tommy-hilfiger-plecak\/","title":{"rendered":"Tommy Hilfiger &#8211; Plecak"},"content":{"rendered":"<p>Parametry produktu:<\/p>\n<ul>\n<li>cena: <strong>399.9 PLN<\/strong><\/li>\n<li>marka: <strong>Tommy Hilfiger<\/strong><\/li>\n<li>p\u0142e\u0107: <strong>Female<\/strong><\/li>\n<li>kategoria: <strong>ONA \/ Akcesoria \/ Plecaki<\/strong><\/li>\n<li>kolor: <strong>niebieski<\/strong><\/li>\n<\/ul>\n<p>Opis:<br \/>\nPlecak z kolekcji Tommy Hilfiger. Model wykonany z g\u0142adkiego materia\u0142u. &#8211; Jednokomorowy model. &#8211; Kiesze\u0144 z przodu. &#8211; Wewn\u0105trz dodatkowe kieszenie. &#8211; Uchwyt do r\u0119ki. &#8211; Regulowana d\u0142ugo\u015b\u0107 pask\u00f3w. &#8211; Nie mie\u015bci formatu A4. &#8211; G\u0142\u0119boko\u015b\u0107: 12 cm. &#8211; Wysoko\u015b\u0107: 30,5 cm. &#8211; Szeroko\u015b\u0107 u podstawy: 20 cm. Sk\u0142ad: 64 % Bawe\u0142na, 33 % Poliester, 3 % Poliuretan ID produktu: 4921-PKD04R Kod producenta: AW0AW05086<\/p>\n","protected":false},"excerpt":{"rendered":"<p>Parametry produktu: cena: 399.9 PLN marka: Tommy Hilfiger p\u0142e\u0107: Female kategoria: ONA \/ Akcesoria \/ Plecaki kolor: niebieski Opis: Plecak z kolekcji Tommy Hilfiger. Model wykonany z g\u0142adkiego materia\u0142u. &#8211;<\/p>\n","protected":false},"featured_media":5820,"comment_status":"closed","ping_status":"open","template":"","meta":[],"class_list":{"0":"post-5819","1":"product","2":"type-product","3":"status-publish","5":"hentry","6":"product_cat-akcesoria","7":"product_cat-ona","8":"product_cat-plecaki","9":"product_tag-tommy-hilfiger","10":"product_tag-tommy-hilfiger-plecak"},"yoast_head":"<!-- This site is optimized with the Yoast SEO plugin v15.6.2 - https:\/\/yoast.com\/wordpress\/plugins\/seo\/ -->\n<title>Tommy Hilfiger - Plecak<\/title>\n<meta name=\"robots\" content=\"index, follow, max-snippet:-1, max-image-preview:large, max-video-preview:-1\" \/>\n<link rel=\"canonical\" href=\"https:\/\/torebunia.pl\/sklep\/produkt\/tommy-hilfiger-plecak\/\" \/>\n<meta property=\"og:locale\" content=\"pl_PL\" \/>\n<meta property=\"og:type\" content=\"article\" \/>\n<meta property=\"og:title\" content=\"Tommy Hilfiger - Plecak\" \/>\n<meta property=\"og:description\" content=\"Parametry produktu: cena: 399.9 PLN marka: Tommy Hilfiger p\u0142e\u0107: Female kategoria: ONA \/ Akcesoria \/ Plecaki kolor: niebieski Opis: Plecak z kolekcji Tommy Hilfiger. Model wykonany z g\u0142adkiego materia\u0142u. &#8211;\" \/>\n<meta property=\"og:url\" content=\"https:\/\/torebunia.pl\/sklep\/produkt\/tommy-hilfiger-plecak\/\" \/>\n<meta property=\"og:site_name\" content=\"Moje Blog\" \/>\n<meta property=\"article:modified_time\" content=\"2021-01-27T12:31:28+00:00\" \/>\n<meta property=\"og:image\" content=\"https:\/\/torebunia.pl\/sklep\/wp-content\/uploads\/2021\/01\/19894cf14c0141f2722f7bf8f421a8cda62e58c3.jpg\" \/>\n\t<meta property=\"og:image:width\" content=\"855\" \/>\n\t<meta property=\"og:image:height\" content=\"1290\" \/>\n<meta name=\"twitter:card\" content=\"summary_large_image\" \/>\n<script type=\"application\/ld+json\" class=\"yoast-schema-graph\">{\"@context\":\"https:\/\/schema.org\",\"@graph\":[{\"@type\":\"WebSite\",\"@id\":\"https:\/\/torebunia.pl\/sklep\/#website\",\"url\":\"https:\/\/torebunia.pl\/sklep\/\",\"name\":\"Moje Blog\",\"description\":\"Kolejna witryna WordPress\",\"potentialAction\":[{\"@type\":\"SearchAction\",\"target\":\"https:\/\/torebunia.pl\/sklep\/?s={search_term_string}\",\"query-input\":\"required name=search_term_string\"}],\"inLanguage\":\"pl-PL\"},{\"@type\":\"ImageObject\",\"@id\":\"https:\/\/torebunia.pl\/sklep\/produkt\/tommy-hilfiger-plecak\/#primaryimage\",\"inLanguage\":\"pl-PL\",\"url\":\"https:\/\/torebunia.pl\/sklep\/wp-content\/uploads\/2021\/01\/19894cf14c0141f2722f7bf8f421a8cda62e58c3.jpg\",\"width\":855,\"height\":1290,\"caption\":\"Tommy Hilfiger - Plecak\"},{\"@type\":\"WebPage\",\"@id\":\"https:\/\/torebunia.pl\/sklep\/produkt\/tommy-hilfiger-plecak\/#webpage\",\"url\":\"https:\/\/torebunia.pl\/sklep\/produkt\/tommy-hilfiger-plecak\/\",\"name\":\"Tommy Hilfiger - Plecak\",\"isPartOf\":{\"@id\":\"https:\/\/torebunia.pl\/sklep\/#website\"},\"primaryImageOfPage\":{\"@id\":\"https:\/\/torebunia.pl\/sklep\/produkt\/tommy-hilfiger-plecak\/#primaryimage\"},\"datePublished\":\"2020-06-29T11:13:09+00:00\",\"dateModified\":\"2021-01-27T12:31:28+00:00\",\"inLanguage\":\"pl-PL\",\"potentialAction\":[{\"@type\":\"ReadAction\",\"target\":[\"https:\/\/torebunia.pl\/sklep\/produkt\/tommy-hilfiger-plecak\/\"]}]}]}<\/script>\n<!-- \/ Yoast SEO plugin. -->","_links":{"self":[{"href":"https:\/\/torebunia.pl\/sklep\/wp-json\/wp\/v2\/product\/5819","targetHints":{"allow":["GET"]}}],"collection":[{"href":"https:\/\/torebunia.pl\/sklep\/wp-json\/wp\/v2\/product"}],"about":[{"href":"https:\/\/torebunia.pl\/sklep\/wp-json\/wp\/v2\/types\/product"}],"replies":[{"embeddable":true,"href":"https:\/\/torebunia.pl\/sklep\/wp-json\/wp\/v2\/comments?post=5819"}],"wp:featuredmedia":[{"embeddable":true,"href":"https:\/\/torebunia.pl\/sklep\/wp-json\/wp\/v2\/media\/5820"}],"wp:attachment":[{"href":"https:\/\/torebunia.pl\/sklep\/wp-json\/wp\/v2\/media?parent=5819"}],"curies":[{"name":"wp","href":"https:\/\/api.w.org\/{rel}","templated":true}]}}