{"id":5757,"date":"2020-04-29T22:59:55","date_gmt":"2020-04-29T22:59:55","guid":{"rendered":"https:\/\/torebunia.pl\/sklep\/produkt\/aruelle-pizama-christy\/"},"modified":"2021-01-27T12:30:37","modified_gmt":"2021-01-27T12:30:37","slug":"aruelle-pizama-christy","status":"publish","type":"product","link":"https:\/\/torebunia.pl\/sklep\/produkt\/aruelle-pizama-christy\/","title":{"rendered":"Aruelle &#8211; Pi\u017cama Christy"},"content":{"rendered":"<p>Parametry produktu:<\/p>\n<ul>\n<li>cena: <strong>169.9 PLN<\/strong><\/li>\n<li>marka: <strong>Aruelle<\/strong><\/li>\n<li>p\u0142e\u0107: <strong>Female<\/strong><\/li>\n<li>kategoria: <strong>ONA \/ Odzie\u017c \/ Bielizna \/ Pi\u017camy<\/strong><\/li>\n<li>kolor: <strong>szary<\/strong><\/li>\n<\/ul>\n<p>Opis:<br \/>\nPi\u017cama z kolekcji Aruelle. Model wykonany z wzorzystej, bawe\u0142nianej tkaniny. &#8211; Lu\u017any fason. &#8211; Model z ko\u0142nierzykiem. &#8211; Zapi\u0119cie na guziki. Wz\u00f3r: wzorzyste Materia\u0142: tkanina Rodzaj: komplet Materia\u0142: bawe\u0142na Sk\u0142ad: 100 % Bawe\u0142na ID produktu: -100-BID00T Kod producenta: Christy.lo<\/p>\n","protected":false},"excerpt":{"rendered":"<p>Parametry produktu: cena: 169.9 PLN marka: Aruelle p\u0142e\u0107: Female kategoria: ONA \/ Odzie\u017c \/ Bielizna \/ Pi\u017camy kolor: szary Opis: Pi\u017cama z kolekcji Aruelle. Model wykonany z wzorzystej, bawe\u0142nianej tkaniny.<\/p>\n","protected":false},"featured_media":5758,"comment_status":"closed","ping_status":"open","template":"","meta":[],"class_list":{"0":"post-5757","1":"product","2":"type-product","3":"status-publish","5":"hentry","6":"product_cat-bielizna","7":"product_cat-odziez","8":"product_cat-ona","9":"product_cat-pizamy","10":"product_tag-aruelle","11":"product_tag-aruelle-pizama-christy"},"yoast_head":"<!-- This site is optimized with the Yoast SEO plugin v15.6.2 - https:\/\/yoast.com\/wordpress\/plugins\/seo\/ -->\n<title>Aruelle - Pi\u017cama Christy<\/title>\n<meta name=\"robots\" content=\"index, follow, max-snippet:-1, max-image-preview:large, max-video-preview:-1\" \/>\n<link rel=\"canonical\" href=\"https:\/\/torebunia.pl\/sklep\/produkt\/aruelle-pizama-christy\/\" \/>\n<meta property=\"og:locale\" content=\"pl_PL\" \/>\n<meta property=\"og:type\" content=\"article\" \/>\n<meta property=\"og:title\" content=\"Aruelle - Pi\u017cama Christy\" \/>\n<meta property=\"og:description\" content=\"Parametry produktu: cena: 169.9 PLN marka: Aruelle p\u0142e\u0107: Female kategoria: ONA \/ Odzie\u017c \/ Bielizna \/ Pi\u017camy kolor: szary Opis: Pi\u017cama z kolekcji Aruelle. Model wykonany z wzorzystej, bawe\u0142nianej tkaniny.\" \/>\n<meta property=\"og:url\" content=\"https:\/\/torebunia.pl\/sklep\/produkt\/aruelle-pizama-christy\/\" \/>\n<meta property=\"og:site_name\" content=\"Moje Blog\" \/>\n<meta property=\"article:modified_time\" content=\"2021-01-27T12:30:37+00:00\" \/>\n<meta property=\"og:image\" content=\"https:\/\/torebunia.pl\/sklep\/wp-content\/uploads\/2021\/01\/45610638c46f009cdd831bd65def3338dacc48b5.jpg\" \/>\n\t<meta property=\"og:image:width\" content=\"855\" \/>\n\t<meta property=\"og:image:height\" content=\"1290\" \/>\n<meta name=\"twitter:card\" content=\"summary_large_image\" \/>\n<script type=\"application\/ld+json\" class=\"yoast-schema-graph\">{\"@context\":\"https:\/\/schema.org\",\"@graph\":[{\"@type\":\"WebSite\",\"@id\":\"https:\/\/torebunia.pl\/sklep\/#website\",\"url\":\"https:\/\/torebunia.pl\/sklep\/\",\"name\":\"Moje Blog\",\"description\":\"Kolejna witryna WordPress\",\"potentialAction\":[{\"@type\":\"SearchAction\",\"target\":\"https:\/\/torebunia.pl\/sklep\/?s={search_term_string}\",\"query-input\":\"required name=search_term_string\"}],\"inLanguage\":\"pl-PL\"},{\"@type\":\"ImageObject\",\"@id\":\"https:\/\/torebunia.pl\/sklep\/produkt\/aruelle-pizama-christy\/#primaryimage\",\"inLanguage\":\"pl-PL\",\"url\":\"https:\/\/torebunia.pl\/sklep\/wp-content\/uploads\/2021\/01\/45610638c46f009cdd831bd65def3338dacc48b5.jpg\",\"width\":855,\"height\":1290,\"caption\":\"Aruelle - Pi\\u017cama Christy\"},{\"@type\":\"WebPage\",\"@id\":\"https:\/\/torebunia.pl\/sklep\/produkt\/aruelle-pizama-christy\/#webpage\",\"url\":\"https:\/\/torebunia.pl\/sklep\/produkt\/aruelle-pizama-christy\/\",\"name\":\"Aruelle - Pi\\u017cama Christy\",\"isPartOf\":{\"@id\":\"https:\/\/torebunia.pl\/sklep\/#website\"},\"primaryImageOfPage\":{\"@id\":\"https:\/\/torebunia.pl\/sklep\/produkt\/aruelle-pizama-christy\/#primaryimage\"},\"datePublished\":\"2020-04-29T22:59:55+00:00\",\"dateModified\":\"2021-01-27T12:30:37+00:00\",\"inLanguage\":\"pl-PL\",\"potentialAction\":[{\"@type\":\"ReadAction\",\"target\":[\"https:\/\/torebunia.pl\/sklep\/produkt\/aruelle-pizama-christy\/\"]}]}]}<\/script>\n<!-- \/ Yoast SEO plugin. -->","_links":{"self":[{"href":"https:\/\/torebunia.pl\/sklep\/wp-json\/wp\/v2\/product\/5757","targetHints":{"allow":["GET"]}}],"collection":[{"href":"https:\/\/torebunia.pl\/sklep\/wp-json\/wp\/v2\/product"}],"about":[{"href":"https:\/\/torebunia.pl\/sklep\/wp-json\/wp\/v2\/types\/product"}],"replies":[{"embeddable":true,"href":"https:\/\/torebunia.pl\/sklep\/wp-json\/wp\/v2\/comments?post=5757"}],"wp:featuredmedia":[{"embeddable":true,"href":"https:\/\/torebunia.pl\/sklep\/wp-json\/wp\/v2\/media\/5758"}],"wp:attachment":[{"href":"https:\/\/torebunia.pl\/sklep\/wp-json\/wp\/v2\/media?parent=5757"}],"curies":[{"name":"wp","href":"https:\/\/api.w.org\/{rel}","templated":true}]}}