{"id":5755,"date":"2020-04-26T15:16:56","date_gmt":"2020-04-26T15:16:56","guid":{"rendered":"https:\/\/torebunia.pl\/sklep\/produkt\/rains-kurtka-przeciwdeszczowa\/"},"modified":"2021-01-27T12:30:36","modified_gmt":"2021-01-27T12:30:36","slug":"rains-kurtka-przeciwdeszczowa","status":"publish","type":"product","link":"https:\/\/torebunia.pl\/sklep\/produkt\/rains-kurtka-przeciwdeszczowa\/","title":{"rendered":"Rains &#8211; Kurtka przeciwdeszczowa"},"content":{"rendered":"<p>Parametry produktu:<\/p>\n<ul>\n<li>cena: <strong>519.9 PLN<\/strong><\/li>\n<li>marka: <strong>Rains<\/strong><\/li>\n<li>p\u0142e\u0107: <strong>Female<\/strong><\/li>\n<li>kategoria: <strong>ONA \/ ON \/ Odzie\u017c \/ Kurtki i p\u0142aszcze<\/strong><\/li>\n<li>kolor: <strong>bia\u0142y<\/strong><\/li>\n<\/ul>\n<p>Opis:<br \/>\nKurtka przeciwdeszczowa z kolekcji Rains. Nieocieplony model wykonany z g\u0142adkiego materia\u0142u. &#8211; Prosty fason. &#8211; Wsuwane kieszenie. &#8211; Zapi\u0119cie na zatrzaski. &#8211; Kaptur \u015bci\u0105gany troczkami. &#8211; D\u0142ugo\u015b\u0107 r\u0119kawa: 69 cm. &#8211; D\u0142ugo\u015b\u0107: 97 cm. &#8211; Szeroko\u015b\u0107 pod pachami: 57 cm. &#8211; Szeroko\u015b\u0107 w ramionach: 46 cm. &#8211; Wymiary podane dla rozmiaru: M\/L. Podszewka: bez podszewki Kaptur: z kapturem Ocieplenie: nieocieplane Sk\u0142ad: 100 % Poliuretan ID produktu: -100-KUU00C Kod producenta: 1269.99<\/p>\n","protected":false},"excerpt":{"rendered":"<p>Parametry produktu: cena: 519.9 PLN marka: Rains p\u0142e\u0107: Female kategoria: ONA \/ ON \/ Odzie\u017c \/ Kurtki i p\u0142aszcze kolor: bia\u0142y Opis: Kurtka przeciwdeszczowa z kolekcji Rains. Nieocieplony model wykonany<\/p>\n","protected":false},"featured_media":5756,"comment_status":"closed","ping_status":"open","template":"","meta":[],"class_list":{"0":"post-5755","1":"product","2":"type-product","3":"status-publish","5":"hentry","6":"product_cat-kurtki-i-plaszcze","7":"product_cat-odziez","8":"product_cat-on","9":"product_cat-ona","10":"product_tag-rains","11":"product_tag-rains-kurtka-przeciwdeszczowa"},"yoast_head":"<!-- This site is optimized with the Yoast SEO plugin v15.6.2 - https:\/\/yoast.com\/wordpress\/plugins\/seo\/ -->\n<title>Rains - Kurtka przeciwdeszczowa<\/title>\n<meta name=\"robots\" content=\"index, follow, max-snippet:-1, max-image-preview:large, max-video-preview:-1\" \/>\n<link rel=\"canonical\" href=\"https:\/\/torebunia.pl\/sklep\/produkt\/rains-kurtka-przeciwdeszczowa\/\" \/>\n<meta property=\"og:locale\" content=\"pl_PL\" \/>\n<meta property=\"og:type\" content=\"article\" \/>\n<meta property=\"og:title\" content=\"Rains - Kurtka przeciwdeszczowa\" \/>\n<meta property=\"og:description\" content=\"Parametry produktu: cena: 519.9 PLN marka: Rains p\u0142e\u0107: Female kategoria: ONA \/ ON \/ Odzie\u017c \/ Kurtki i p\u0142aszcze kolor: bia\u0142y Opis: Kurtka przeciwdeszczowa z kolekcji Rains. Nieocieplony model wykonany\" \/>\n<meta property=\"og:url\" content=\"https:\/\/torebunia.pl\/sklep\/produkt\/rains-kurtka-przeciwdeszczowa\/\" \/>\n<meta property=\"og:site_name\" content=\"Moje Blog\" \/>\n<meta property=\"article:modified_time\" content=\"2021-01-27T12:30:36+00:00\" \/>\n<meta property=\"og:image\" content=\"https:\/\/torebunia.pl\/sklep\/wp-content\/uploads\/2021\/01\/f95c9e62b7871d11fd10a7900434f23774f8f5e3.jpg\" \/>\n\t<meta property=\"og:image:width\" content=\"855\" \/>\n\t<meta property=\"og:image:height\" content=\"1290\" \/>\n<meta name=\"twitter:card\" content=\"summary_large_image\" \/>\n<script type=\"application\/ld+json\" class=\"yoast-schema-graph\">{\"@context\":\"https:\/\/schema.org\",\"@graph\":[{\"@type\":\"WebSite\",\"@id\":\"https:\/\/torebunia.pl\/sklep\/#website\",\"url\":\"https:\/\/torebunia.pl\/sklep\/\",\"name\":\"Moje Blog\",\"description\":\"Kolejna witryna WordPress\",\"potentialAction\":[{\"@type\":\"SearchAction\",\"target\":\"https:\/\/torebunia.pl\/sklep\/?s={search_term_string}\",\"query-input\":\"required name=search_term_string\"}],\"inLanguage\":\"pl-PL\"},{\"@type\":\"ImageObject\",\"@id\":\"https:\/\/torebunia.pl\/sklep\/produkt\/rains-kurtka-przeciwdeszczowa\/#primaryimage\",\"inLanguage\":\"pl-PL\",\"url\":\"https:\/\/torebunia.pl\/sklep\/wp-content\/uploads\/2021\/01\/f95c9e62b7871d11fd10a7900434f23774f8f5e3.jpg\",\"width\":855,\"height\":1290,\"caption\":\"Rains - Kurtka przeciwdeszczowa\"},{\"@type\":\"WebPage\",\"@id\":\"https:\/\/torebunia.pl\/sklep\/produkt\/rains-kurtka-przeciwdeszczowa\/#webpage\",\"url\":\"https:\/\/torebunia.pl\/sklep\/produkt\/rains-kurtka-przeciwdeszczowa\/\",\"name\":\"Rains - Kurtka przeciwdeszczowa\",\"isPartOf\":{\"@id\":\"https:\/\/torebunia.pl\/sklep\/#website\"},\"primaryImageOfPage\":{\"@id\":\"https:\/\/torebunia.pl\/sklep\/produkt\/rains-kurtka-przeciwdeszczowa\/#primaryimage\"},\"datePublished\":\"2020-04-26T15:16:56+00:00\",\"dateModified\":\"2021-01-27T12:30:36+00:00\",\"inLanguage\":\"pl-PL\",\"potentialAction\":[{\"@type\":\"ReadAction\",\"target\":[\"https:\/\/torebunia.pl\/sklep\/produkt\/rains-kurtka-przeciwdeszczowa\/\"]}]}]}<\/script>\n<!-- \/ Yoast SEO plugin. -->","_links":{"self":[{"href":"https:\/\/torebunia.pl\/sklep\/wp-json\/wp\/v2\/product\/5755","targetHints":{"allow":["GET"]}}],"collection":[{"href":"https:\/\/torebunia.pl\/sklep\/wp-json\/wp\/v2\/product"}],"about":[{"href":"https:\/\/torebunia.pl\/sklep\/wp-json\/wp\/v2\/types\/product"}],"replies":[{"embeddable":true,"href":"https:\/\/torebunia.pl\/sklep\/wp-json\/wp\/v2\/comments?post=5755"}],"wp:featuredmedia":[{"embeddable":true,"href":"https:\/\/torebunia.pl\/sklep\/wp-json\/wp\/v2\/media\/5756"}],"wp:attachment":[{"href":"https:\/\/torebunia.pl\/sklep\/wp-json\/wp\/v2\/media?parent=5755"}],"curies":[{"name":"wp","href":"https:\/\/api.w.org\/{rel}","templated":true}]}}