{"id":5663,"date":"2020-03-22T12:52:56","date_gmt":"2020-03-22T12:52:56","guid":{"rendered":"https:\/\/torebunia.pl\/sklep\/produkt\/answear-lab-szalik\/"},"modified":"2021-01-27T11:55:19","modified_gmt":"2021-01-27T11:55:19","slug":"answear-lab-szalik","status":"publish","type":"product","link":"https:\/\/torebunia.pl\/sklep\/produkt\/answear-lab-szalik\/","title":{"rendered":"Answear Lab &#8211; Szalik"},"content":{"rendered":"<p>Parametry produktu:<\/p>\n<ul>\n<li>cena: <strong>69.9 PLN<\/strong><\/li>\n<li>marka: <strong>Answear Lab<\/strong><\/li>\n<li>p\u0142e\u0107: <strong>Female<\/strong><\/li>\n<li>kategoria: <strong>ONA \/ Akcesoria \/ Szaliki i chusty \/ Szaliki<\/strong><\/li>\n<li>kolor: <strong>ciemny zielony<\/strong><\/li>\n<\/ul>\n<p>Opis:<br \/>\nSzalik z kolekcji Answear Lab. Model wykonany z g\u0142adkiej dzianiny. &#8211; Wymiary: 180 x 67 cm. Wz\u00f3r: g\u0142adkie Materia\u0142: dzianina Sk\u0142ad: 95 % Kaszmir, 5 % Wiskoza ID produktu: -100-SAD006 Kod producenta: WZ20.SAD006<\/p>\n","protected":false},"excerpt":{"rendered":"<p>Parametry produktu: cena: 69.9 PLN marka: Answear Lab p\u0142e\u0107: Female kategoria: ONA \/ Akcesoria \/ Szaliki i chusty \/ Szaliki kolor: ciemny zielony Opis: Szalik z kolekcji Answear Lab. Model<\/p>\n","protected":false},"featured_media":5664,"comment_status":"closed","ping_status":"open","template":"","meta":[],"class_list":{"0":"post-5663","1":"product","2":"type-product","3":"status-publish","5":"hentry","6":"product_cat-akcesoria","7":"product_cat-ona","8":"product_cat-szaliki","9":"product_cat-szaliki-i-chusty","10":"product_tag-answear-lab","11":"product_tag-answear-lab-szalik"},"yoast_head":"<!-- This site is optimized with the Yoast SEO plugin v15.6.2 - https:\/\/yoast.com\/wordpress\/plugins\/seo\/ -->\n<title>Answear Lab - Szalik<\/title>\n<meta name=\"robots\" content=\"index, follow, max-snippet:-1, max-image-preview:large, max-video-preview:-1\" \/>\n<link rel=\"canonical\" href=\"https:\/\/torebunia.pl\/sklep\/produkt\/answear-lab-szalik\/\" \/>\n<meta property=\"og:locale\" content=\"pl_PL\" \/>\n<meta property=\"og:type\" content=\"article\" \/>\n<meta property=\"og:title\" content=\"Answear Lab - Szalik\" \/>\n<meta property=\"og:description\" content=\"Parametry produktu: cena: 69.9 PLN marka: Answear Lab p\u0142e\u0107: Female kategoria: ONA \/ Akcesoria \/ Szaliki i chusty \/ Szaliki kolor: ciemny zielony Opis: Szalik z kolekcji Answear Lab. Model\" \/>\n<meta property=\"og:url\" content=\"https:\/\/torebunia.pl\/sklep\/produkt\/answear-lab-szalik\/\" \/>\n<meta property=\"og:site_name\" content=\"Moje Blog\" \/>\n<meta property=\"article:modified_time\" content=\"2021-01-27T11:55:19+00:00\" \/>\n<meta property=\"og:image\" content=\"https:\/\/torebunia.pl\/sklep\/wp-content\/uploads\/2021\/01\/0be8145d4de75e3531198e801d0ba991df343269.jpg\" \/>\n\t<meta property=\"og:image:width\" content=\"855\" \/>\n\t<meta property=\"og:image:height\" content=\"1290\" \/>\n<meta name=\"twitter:card\" content=\"summary_large_image\" \/>\n<script type=\"application\/ld+json\" class=\"yoast-schema-graph\">{\"@context\":\"https:\/\/schema.org\",\"@graph\":[{\"@type\":\"WebSite\",\"@id\":\"https:\/\/torebunia.pl\/sklep\/#website\",\"url\":\"https:\/\/torebunia.pl\/sklep\/\",\"name\":\"Moje Blog\",\"description\":\"Kolejna witryna WordPress\",\"potentialAction\":[{\"@type\":\"SearchAction\",\"target\":\"https:\/\/torebunia.pl\/sklep\/?s={search_term_string}\",\"query-input\":\"required name=search_term_string\"}],\"inLanguage\":\"pl-PL\"},{\"@type\":\"ImageObject\",\"@id\":\"https:\/\/torebunia.pl\/sklep\/produkt\/answear-lab-szalik\/#primaryimage\",\"inLanguage\":\"pl-PL\",\"url\":\"https:\/\/torebunia.pl\/sklep\/wp-content\/uploads\/2021\/01\/0be8145d4de75e3531198e801d0ba991df343269.jpg\",\"width\":855,\"height\":1290,\"caption\":\"Answear Lab - Szalik\"},{\"@type\":\"WebPage\",\"@id\":\"https:\/\/torebunia.pl\/sklep\/produkt\/answear-lab-szalik\/#webpage\",\"url\":\"https:\/\/torebunia.pl\/sklep\/produkt\/answear-lab-szalik\/\",\"name\":\"Answear Lab - Szalik\",\"isPartOf\":{\"@id\":\"https:\/\/torebunia.pl\/sklep\/#website\"},\"primaryImageOfPage\":{\"@id\":\"https:\/\/torebunia.pl\/sklep\/produkt\/answear-lab-szalik\/#primaryimage\"},\"datePublished\":\"2020-03-22T12:52:56+00:00\",\"dateModified\":\"2021-01-27T11:55:19+00:00\",\"inLanguage\":\"pl-PL\",\"potentialAction\":[{\"@type\":\"ReadAction\",\"target\":[\"https:\/\/torebunia.pl\/sklep\/produkt\/answear-lab-szalik\/\"]}]}]}<\/script>\n<!-- \/ Yoast SEO plugin. -->","_links":{"self":[{"href":"https:\/\/torebunia.pl\/sklep\/wp-json\/wp\/v2\/product\/5663","targetHints":{"allow":["GET"]}}],"collection":[{"href":"https:\/\/torebunia.pl\/sklep\/wp-json\/wp\/v2\/product"}],"about":[{"href":"https:\/\/torebunia.pl\/sklep\/wp-json\/wp\/v2\/types\/product"}],"replies":[{"embeddable":true,"href":"https:\/\/torebunia.pl\/sklep\/wp-json\/wp\/v2\/comments?post=5663"}],"wp:featuredmedia":[{"embeddable":true,"href":"https:\/\/torebunia.pl\/sklep\/wp-json\/wp\/v2\/media\/5664"}],"wp:attachment":[{"href":"https:\/\/torebunia.pl\/sklep\/wp-json\/wp\/v2\/media?parent=5663"}],"curies":[{"name":"wp","href":"https:\/\/api.w.org\/{rel}","templated":true}]}}