{"id":5597,"date":"2020-03-08T06:18:41","date_gmt":"2020-03-08T06:18:41","guid":{"rendered":"https:\/\/torebunia.pl\/sklep\/produkt\/pinko-torebka-skorzana-2\/"},"modified":"2021-01-27T11:54:29","modified_gmt":"2021-01-27T11:54:29","slug":"pinko-torebka-skorzana-2","status":"publish","type":"product","link":"https:\/\/torebunia.pl\/sklep\/produkt\/pinko-torebka-skorzana-2\/","title":{"rendered":"Pinko &#8211; Torebka sk\u00f3rzana"},"content":{"rendered":"<p>Parametry produktu:<\/p>\n<ul>\n<li>cena: <strong>1539.0 PLN<\/strong><\/li>\n<li>marka: <strong>Pinko<\/strong><\/li>\n<li>p\u0142e\u0107: <strong>Female<\/strong><\/li>\n<li>kategoria: <strong>ONA \/ Akcesoria \/ Torebki \/ Crossbody i listonoszki<\/strong><\/li>\n<li>kolor: <strong>kasztanowy<\/strong><\/li>\n<\/ul>\n<p>Opis:<br \/>\nDost\u0119pne rozmiary s\u0105 przeliczone z w\u0142oskiej rozmiar\u00f3wki producenta na standardow\u0105 rozmiar\u00f3wk\u0119 europejsk\u0105. Zamawiany rozmiar mo\u017ce r\u00f3\u017cni\u0107 si\u0119 od widocznego na metce (IT 38\/XXS = EU XS). Dla pewno\u015bci prosimy o zapoznanie si\u0119 z tabel\u0105 rozmiarow\u0105. \u015aredniej wielko\u015bci torebka z kolekcji Pinko. Model zapinany wykonany ze sk\u00f3ry naturalnej. Uwaga: oryginalna rozmiar\u00f3wka produkt\u00f3w tej marki jest rozmiar\u00f3wk\u0105 w\u0142osk\u0105. Informujemy, \u017ce rozmiary na metkach mog\u0105 r\u00f3\u017cni\u0107 si\u0119 od zamawianych ze wzgl\u0119du na zastosowany przelicznik. &#8211; Zapi\u0119cie na zatrzask. &#8211; Torebka do noszenia na ramieniu. &#8211; Dopinany d\u0142u\u017cszy pasek bez regulacji. &#8211; Nie mie\u015bci formatu A4. &#8211; Do\u0142\u0105czony pokrowiec. &#8211; D\u0142ugo\u015b\u0107 paska: 79 cm. &#8211; G\u0142\u0119boko\u015b\u0107: 7 cm. &#8211; Wysoko\u015b\u0107: 17 cm. &#8211; Szeroko\u015b\u0107 u podstawy: 27 cm. Wz\u00f3r: aplikacja Wielko\u015b\u0107: nie mie\u015bci A4 Materia\u0142: sk\u00f3ra licowa Pasek: odpinany pasek Sk\u0142ad: 100 % Sk\u00f3ra naturalna ID produktu: 4900-TOD0Z4 Kod producenta: 1P21SD.Y6JC<\/p>\n","protected":false},"excerpt":{"rendered":"<p>Parametry produktu: cena: 1539.0 PLN marka: Pinko p\u0142e\u0107: Female kategoria: ONA \/ Akcesoria \/ Torebki \/ Crossbody i listonoszki kolor: kasztanowy Opis: Dost\u0119pne rozmiary s\u0105 przeliczone z w\u0142oskiej rozmiar\u00f3wki producenta<\/p>\n","protected":false},"featured_media":5598,"comment_status":"closed","ping_status":"open","template":"","meta":[],"class_list":{"0":"post-5597","1":"product","2":"type-product","3":"status-publish","5":"hentry","6":"product_cat-akcesoria","7":"product_cat-crossbody-i-listonoszki","8":"product_cat-ona","9":"product_cat-torebki","10":"product_tag-pinko","11":"product_tag-pinko-torebka-skorzana"},"yoast_head":"<!-- This site is optimized with the Yoast SEO plugin v15.6.2 - https:\/\/yoast.com\/wordpress\/plugins\/seo\/ -->\n<title>Pinko - Torebka sk\u00f3rzana<\/title>\n<meta name=\"robots\" content=\"index, follow, max-snippet:-1, max-image-preview:large, max-video-preview:-1\" \/>\n<link rel=\"canonical\" href=\"https:\/\/torebunia.pl\/sklep\/produkt\/pinko-torebka-skorzana-2\/\" \/>\n<meta property=\"og:locale\" content=\"pl_PL\" \/>\n<meta property=\"og:type\" content=\"article\" \/>\n<meta property=\"og:title\" content=\"Pinko - Torebka sk\u00f3rzana\" \/>\n<meta property=\"og:description\" content=\"Parametry produktu: cena: 1539.0 PLN marka: Pinko p\u0142e\u0107: Female kategoria: ONA \/ Akcesoria \/ Torebki \/ Crossbody i listonoszki kolor: kasztanowy Opis: Dost\u0119pne rozmiary s\u0105 przeliczone z w\u0142oskiej rozmiar\u00f3wki producenta\" \/>\n<meta property=\"og:url\" content=\"https:\/\/torebunia.pl\/sklep\/produkt\/pinko-torebka-skorzana-2\/\" \/>\n<meta property=\"og:site_name\" content=\"Moje Blog\" \/>\n<meta property=\"article:modified_time\" content=\"2021-01-27T11:54:29+00:00\" \/>\n<meta property=\"og:image\" content=\"https:\/\/torebunia.pl\/sklep\/wp-content\/uploads\/2021\/01\/927207cdb575066a6dc50c624fa9f17091851e78.jpg\" \/>\n\t<meta property=\"og:image:width\" content=\"855\" \/>\n\t<meta property=\"og:image:height\" content=\"1290\" \/>\n<meta name=\"twitter:card\" content=\"summary_large_image\" \/>\n<meta name=\"twitter:label1\" content=\"Est. reading time\">\n\t<meta name=\"twitter:data1\" content=\"1 minuta\">\n<script type=\"application\/ld+json\" class=\"yoast-schema-graph\">{\"@context\":\"https:\/\/schema.org\",\"@graph\":[{\"@type\":\"WebSite\",\"@id\":\"https:\/\/torebunia.pl\/sklep\/#website\",\"url\":\"https:\/\/torebunia.pl\/sklep\/\",\"name\":\"Moje Blog\",\"description\":\"Kolejna witryna WordPress\",\"potentialAction\":[{\"@type\":\"SearchAction\",\"target\":\"https:\/\/torebunia.pl\/sklep\/?s={search_term_string}\",\"query-input\":\"required name=search_term_string\"}],\"inLanguage\":\"pl-PL\"},{\"@type\":\"ImageObject\",\"@id\":\"https:\/\/torebunia.pl\/sklep\/produkt\/pinko-torebka-skorzana-2\/#primaryimage\",\"inLanguage\":\"pl-PL\",\"url\":\"https:\/\/torebunia.pl\/sklep\/wp-content\/uploads\/2021\/01\/927207cdb575066a6dc50c624fa9f17091851e78.jpg\",\"width\":855,\"height\":1290,\"caption\":\"Pinko - Torebka sk\\u00f3rzana\"},{\"@type\":\"WebPage\",\"@id\":\"https:\/\/torebunia.pl\/sklep\/produkt\/pinko-torebka-skorzana-2\/#webpage\",\"url\":\"https:\/\/torebunia.pl\/sklep\/produkt\/pinko-torebka-skorzana-2\/\",\"name\":\"Pinko - Torebka sk\\u00f3rzana\",\"isPartOf\":{\"@id\":\"https:\/\/torebunia.pl\/sklep\/#website\"},\"primaryImageOfPage\":{\"@id\":\"https:\/\/torebunia.pl\/sklep\/produkt\/pinko-torebka-skorzana-2\/#primaryimage\"},\"datePublished\":\"2020-03-08T06:18:41+00:00\",\"dateModified\":\"2021-01-27T11:54:29+00:00\",\"inLanguage\":\"pl-PL\",\"potentialAction\":[{\"@type\":\"ReadAction\",\"target\":[\"https:\/\/torebunia.pl\/sklep\/produkt\/pinko-torebka-skorzana-2\/\"]}]}]}<\/script>\n<!-- \/ Yoast SEO plugin. -->","_links":{"self":[{"href":"https:\/\/torebunia.pl\/sklep\/wp-json\/wp\/v2\/product\/5597","targetHints":{"allow":["GET"]}}],"collection":[{"href":"https:\/\/torebunia.pl\/sklep\/wp-json\/wp\/v2\/product"}],"about":[{"href":"https:\/\/torebunia.pl\/sklep\/wp-json\/wp\/v2\/types\/product"}],"replies":[{"embeddable":true,"href":"https:\/\/torebunia.pl\/sklep\/wp-json\/wp\/v2\/comments?post=5597"}],"wp:featuredmedia":[{"embeddable":true,"href":"https:\/\/torebunia.pl\/sklep\/wp-json\/wp\/v2\/media\/5598"}],"wp:attachment":[{"href":"https:\/\/torebunia.pl\/sklep\/wp-json\/wp\/v2\/media?parent=5597"}],"curies":[{"name":"wp","href":"https:\/\/api.w.org\/{rel}","templated":true}]}}