{"id":5587,"date":"2020-10-13T11:01:54","date_gmt":"2020-10-13T11:01:54","guid":{"rendered":"https:\/\/torebunia.pl\/sklep\/produkt\/caprice-sniegowce-skorzane\/"},"modified":"2021-01-27T11:54:21","modified_gmt":"2021-01-27T11:54:21","slug":"caprice-sniegowce-skorzane","status":"publish","type":"product","link":"https:\/\/torebunia.pl\/sklep\/produkt\/caprice-sniegowce-skorzane\/","title":{"rendered":"Caprice &#8211; \u015aniegowce sk\u00f3rzane"},"content":{"rendered":"<p>Parametry produktu:<\/p>\n<ul>\n<li>cena: <strong>399.9 PLN<\/strong><\/li>\n<li>marka: <strong>Caprice<\/strong><\/li>\n<li>p\u0142e\u0107: <strong>Female<\/strong><\/li>\n<li>kategoria: <strong>ONA \/ Obuwie \/ Kozaki i botki \/ Botki<\/strong><\/li>\n<li>kolor: <strong>br\u0105zowy<\/strong><\/li>\n<\/ul>\n<p>Opis:<br \/>\n\u015aniegowce z kolekcji Caprice. Model wykonany ze sk\u00f3ry zamszowej. &#8211; Wk\u0142adka onAIR zapewnia odpowiedni\u0105 cyrkulacj\u0119 powietrza wewn\u0105trz buta. &#8211; Specjalna membrana TEX zapewnia nieprzemakalno\u015b\u0107 oraz odporno\u015b\u0107 na zimno, a jednocze\u015bnie zachowuje w\u0142a\u015bciwo\u015bci oddychaj\u0105ce. &#8211; Ocieplony model. &#8211; Zapi\u0119cie na suwak. &#8211; Lekko usztywniony nosek. &#8211; \u017b\u0142obiona podeszwa. &#8211; D\u0142ugo\u015b\u0107 wk\u0142adki wynosi: 23,5 cm. &#8211; Wymiary podane dla rozmiaru: 37. Materia\u0142: sk\u00f3ra zamszowa Obcas: p\u0142aski Ocieplenie: ocieplane Zapi\u0119cie: na zamek Wysoko\u015b\u0107 obcasa: bez obcasa Sk\u0142ad: Cholewka: Sk\u00f3ra zamszowa, Wn\u0119trze: Materia\u0142 tekstylny, Podeszwa: Materia\u0142 syntetyczny ID produktu: 4910-OBD0HU Kod producenta: 9.9.26425.23.307<\/p>\n","protected":false},"excerpt":{"rendered":"<p>Parametry produktu: cena: 399.9 PLN marka: Caprice p\u0142e\u0107: Female kategoria: ONA \/ Obuwie \/ Kozaki i botki \/ Botki kolor: br\u0105zowy Opis: \u015aniegowce z kolekcji Caprice. Model wykonany ze sk\u00f3ry<\/p>\n","protected":false},"featured_media":5588,"comment_status":"closed","ping_status":"open","template":"","meta":[],"class_list":{"0":"post-5587","1":"product","2":"type-product","3":"status-publish","5":"hentry","6":"product_cat-botki","7":"product_cat-kozaki-i-botki","8":"product_cat-obuwie","9":"product_cat-ona","10":"product_tag-caprice","11":"product_tag-caprice-sniegowce-skorzane"},"yoast_head":"<!-- This site is optimized with the Yoast SEO plugin v15.6.2 - https:\/\/yoast.com\/wordpress\/plugins\/seo\/ -->\n<title>Caprice - \u015aniegowce sk\u00f3rzane<\/title>\n<meta name=\"robots\" content=\"index, follow, max-snippet:-1, max-image-preview:large, max-video-preview:-1\" \/>\n<link rel=\"canonical\" href=\"https:\/\/torebunia.pl\/sklep\/produkt\/caprice-sniegowce-skorzane\/\" \/>\n<meta property=\"og:locale\" content=\"pl_PL\" \/>\n<meta property=\"og:type\" content=\"article\" \/>\n<meta property=\"og:title\" content=\"Caprice - \u015aniegowce sk\u00f3rzane\" \/>\n<meta property=\"og:description\" content=\"Parametry produktu: cena: 399.9 PLN marka: Caprice p\u0142e\u0107: Female kategoria: ONA \/ Obuwie \/ Kozaki i botki \/ Botki kolor: br\u0105zowy Opis: \u015aniegowce z kolekcji Caprice. Model wykonany ze sk\u00f3ry\" \/>\n<meta property=\"og:url\" content=\"https:\/\/torebunia.pl\/sklep\/produkt\/caprice-sniegowce-skorzane\/\" \/>\n<meta property=\"og:site_name\" content=\"Moje Blog\" \/>\n<meta property=\"article:modified_time\" content=\"2021-01-27T11:54:21+00:00\" \/>\n<meta property=\"og:image\" content=\"https:\/\/torebunia.pl\/sklep\/wp-content\/uploads\/2021\/01\/6a7302eb680915f97bfd42d174d8f2d4436a25ed.jpg\" \/>\n\t<meta property=\"og:image:width\" content=\"855\" \/>\n\t<meta property=\"og:image:height\" content=\"1290\" \/>\n<meta name=\"twitter:card\" content=\"summary_large_image\" \/>\n<meta name=\"twitter:label1\" content=\"Est. reading time\">\n\t<meta name=\"twitter:data1\" content=\"1 minuta\">\n<script type=\"application\/ld+json\" class=\"yoast-schema-graph\">{\"@context\":\"https:\/\/schema.org\",\"@graph\":[{\"@type\":\"WebSite\",\"@id\":\"https:\/\/torebunia.pl\/sklep\/#website\",\"url\":\"https:\/\/torebunia.pl\/sklep\/\",\"name\":\"Moje Blog\",\"description\":\"Kolejna witryna WordPress\",\"potentialAction\":[{\"@type\":\"SearchAction\",\"target\":\"https:\/\/torebunia.pl\/sklep\/?s={search_term_string}\",\"query-input\":\"required name=search_term_string\"}],\"inLanguage\":\"pl-PL\"},{\"@type\":\"ImageObject\",\"@id\":\"https:\/\/torebunia.pl\/sklep\/produkt\/caprice-sniegowce-skorzane\/#primaryimage\",\"inLanguage\":\"pl-PL\",\"url\":\"https:\/\/torebunia.pl\/sklep\/wp-content\/uploads\/2021\/01\/6a7302eb680915f97bfd42d174d8f2d4436a25ed.jpg\",\"width\":855,\"height\":1290,\"caption\":\"Caprice - \\u015aniegowce sk\\u00f3rzane\"},{\"@type\":\"WebPage\",\"@id\":\"https:\/\/torebunia.pl\/sklep\/produkt\/caprice-sniegowce-skorzane\/#webpage\",\"url\":\"https:\/\/torebunia.pl\/sklep\/produkt\/caprice-sniegowce-skorzane\/\",\"name\":\"Caprice - \\u015aniegowce sk\\u00f3rzane\",\"isPartOf\":{\"@id\":\"https:\/\/torebunia.pl\/sklep\/#website\"},\"primaryImageOfPage\":{\"@id\":\"https:\/\/torebunia.pl\/sklep\/produkt\/caprice-sniegowce-skorzane\/#primaryimage\"},\"datePublished\":\"2020-10-13T11:01:54+00:00\",\"dateModified\":\"2021-01-27T11:54:21+00:00\",\"inLanguage\":\"pl-PL\",\"potentialAction\":[{\"@type\":\"ReadAction\",\"target\":[\"https:\/\/torebunia.pl\/sklep\/produkt\/caprice-sniegowce-skorzane\/\"]}]}]}<\/script>\n<!-- \/ Yoast SEO plugin. -->","_links":{"self":[{"href":"https:\/\/torebunia.pl\/sklep\/wp-json\/wp\/v2\/product\/5587","targetHints":{"allow":["GET"]}}],"collection":[{"href":"https:\/\/torebunia.pl\/sklep\/wp-json\/wp\/v2\/product"}],"about":[{"href":"https:\/\/torebunia.pl\/sklep\/wp-json\/wp\/v2\/types\/product"}],"replies":[{"embeddable":true,"href":"https:\/\/torebunia.pl\/sklep\/wp-json\/wp\/v2\/comments?post=5587"}],"wp:featuredmedia":[{"embeddable":true,"href":"https:\/\/torebunia.pl\/sklep\/wp-json\/wp\/v2\/media\/5588"}],"wp:attachment":[{"href":"https:\/\/torebunia.pl\/sklep\/wp-json\/wp\/v2\/media?parent=5587"}],"curies":[{"name":"wp","href":"https:\/\/api.w.org\/{rel}","templated":true}]}}