{"id":5483,"date":"2020-04-04T17:36:06","date_gmt":"2020-04-04T17:36:06","guid":{"rendered":"https:\/\/torebunia.pl\/sklep\/produkt\/moschino-szal\/"},"modified":"2021-01-27T11:53:05","modified_gmt":"2021-01-27T11:53:05","slug":"moschino-szal","status":"publish","type":"product","link":"https:\/\/torebunia.pl\/sklep\/produkt\/moschino-szal\/","title":{"rendered":"Moschino &#8211; Szal"},"content":{"rendered":"<p>Parametry produktu:<\/p>\n<ul>\n<li>cena: <strong>399.9 PLN<\/strong><\/li>\n<li>marka: <strong>Moschino<\/strong><\/li>\n<li>p\u0142e\u0107: <strong>Female<\/strong><\/li>\n<li>kategoria: <strong>ONA \/ Akcesoria \/ Szaliki i chusty \/ Szaliki<\/strong><\/li>\n<li>kolor: <strong>czarny<\/strong><\/li>\n<\/ul>\n<p>Opis:<br \/>\nSzal z kolekcji Moschino. Model wykonany z g\u0142adkiej dzianiny. &#8211; Model z ozdobnym fr\u0119dzlem. &#8211; Wymiary: 30 x 165 cm. Wz\u00f3r: g\u0142adkie Materia\u0142: dzianina Materia\u0142: we\u0142na Sk\u0142ad: 100 % We\u0142na ID produktu: 4910-SAD055 Kod producenta: M5293.50124<\/p>\n","protected":false},"excerpt":{"rendered":"<p>Parametry produktu: cena: 399.9 PLN marka: Moschino p\u0142e\u0107: Female kategoria: ONA \/ Akcesoria \/ Szaliki i chusty \/ Szaliki kolor: czarny Opis: Szal z kolekcji Moschino. Model wykonany z g\u0142adkiej<\/p>\n","protected":false},"featured_media":5484,"comment_status":"closed","ping_status":"open","template":"","meta":[],"class_list":{"0":"post-5483","1":"product","2":"type-product","3":"status-publish","5":"hentry","6":"product_cat-akcesoria","7":"product_cat-ona","8":"product_cat-szaliki","9":"product_cat-szaliki-i-chusty","10":"product_tag-moschino","11":"product_tag-moschino-szal"},"yoast_head":"<!-- This site is optimized with the Yoast SEO plugin v15.6.2 - https:\/\/yoast.com\/wordpress\/plugins\/seo\/ -->\n<title>Moschino - Szal<\/title>\n<meta name=\"robots\" content=\"index, follow, max-snippet:-1, max-image-preview:large, max-video-preview:-1\" \/>\n<link rel=\"canonical\" href=\"https:\/\/torebunia.pl\/sklep\/produkt\/moschino-szal\/\" \/>\n<meta property=\"og:locale\" content=\"pl_PL\" \/>\n<meta property=\"og:type\" content=\"article\" \/>\n<meta property=\"og:title\" content=\"Moschino - Szal\" \/>\n<meta property=\"og:description\" content=\"Parametry produktu: cena: 399.9 PLN marka: Moschino p\u0142e\u0107: Female kategoria: ONA \/ Akcesoria \/ Szaliki i chusty \/ Szaliki kolor: czarny Opis: Szal z kolekcji Moschino. Model wykonany z g\u0142adkiej\" \/>\n<meta property=\"og:url\" content=\"https:\/\/torebunia.pl\/sklep\/produkt\/moschino-szal\/\" \/>\n<meta property=\"og:site_name\" content=\"Moje Blog\" \/>\n<meta property=\"article:modified_time\" content=\"2021-01-27T11:53:05+00:00\" \/>\n<meta property=\"og:image\" content=\"https:\/\/torebunia.pl\/sklep\/wp-content\/uploads\/2021\/01\/f6ad59a30f1e57379f8e0395ea1a179ad0b92aa6.jpg\" \/>\n\t<meta property=\"og:image:width\" content=\"855\" \/>\n\t<meta property=\"og:image:height\" content=\"1290\" \/>\n<meta name=\"twitter:card\" content=\"summary_large_image\" \/>\n<script type=\"application\/ld+json\" class=\"yoast-schema-graph\">{\"@context\":\"https:\/\/schema.org\",\"@graph\":[{\"@type\":\"WebSite\",\"@id\":\"https:\/\/torebunia.pl\/sklep\/#website\",\"url\":\"https:\/\/torebunia.pl\/sklep\/\",\"name\":\"Moje Blog\",\"description\":\"Kolejna witryna WordPress\",\"potentialAction\":[{\"@type\":\"SearchAction\",\"target\":\"https:\/\/torebunia.pl\/sklep\/?s={search_term_string}\",\"query-input\":\"required name=search_term_string\"}],\"inLanguage\":\"pl-PL\"},{\"@type\":\"ImageObject\",\"@id\":\"https:\/\/torebunia.pl\/sklep\/produkt\/moschino-szal\/#primaryimage\",\"inLanguage\":\"pl-PL\",\"url\":\"https:\/\/torebunia.pl\/sklep\/wp-content\/uploads\/2021\/01\/f6ad59a30f1e57379f8e0395ea1a179ad0b92aa6.jpg\",\"width\":855,\"height\":1290,\"caption\":\"Moschino - Szal\"},{\"@type\":\"WebPage\",\"@id\":\"https:\/\/torebunia.pl\/sklep\/produkt\/moschino-szal\/#webpage\",\"url\":\"https:\/\/torebunia.pl\/sklep\/produkt\/moschino-szal\/\",\"name\":\"Moschino - Szal\",\"isPartOf\":{\"@id\":\"https:\/\/torebunia.pl\/sklep\/#website\"},\"primaryImageOfPage\":{\"@id\":\"https:\/\/torebunia.pl\/sklep\/produkt\/moschino-szal\/#primaryimage\"},\"datePublished\":\"2020-04-04T17:36:06+00:00\",\"dateModified\":\"2021-01-27T11:53:05+00:00\",\"inLanguage\":\"pl-PL\",\"potentialAction\":[{\"@type\":\"ReadAction\",\"target\":[\"https:\/\/torebunia.pl\/sklep\/produkt\/moschino-szal\/\"]}]}]}<\/script>\n<!-- \/ Yoast SEO plugin. -->","_links":{"self":[{"href":"https:\/\/torebunia.pl\/sklep\/wp-json\/wp\/v2\/product\/5483","targetHints":{"allow":["GET"]}}],"collection":[{"href":"https:\/\/torebunia.pl\/sklep\/wp-json\/wp\/v2\/product"}],"about":[{"href":"https:\/\/torebunia.pl\/sklep\/wp-json\/wp\/v2\/types\/product"}],"replies":[{"embeddable":true,"href":"https:\/\/torebunia.pl\/sklep\/wp-json\/wp\/v2\/comments?post=5483"}],"wp:featuredmedia":[{"embeddable":true,"href":"https:\/\/torebunia.pl\/sklep\/wp-json\/wp\/v2\/media\/5484"}],"wp:attachment":[{"href":"https:\/\/torebunia.pl\/sklep\/wp-json\/wp\/v2\/media?parent=5483"}],"curies":[{"name":"wp","href":"https:\/\/api.w.org\/{rel}","templated":true}]}}