{"id":5399,"date":"2020-11-03T12:01:28","date_gmt":"2020-11-03T12:01:28","guid":{"rendered":"https:\/\/torebunia.pl\/sklep\/produkt\/desigual-sukienka-designed-by-m-christian-lacroix\/"},"modified":"2021-01-27T11:51:52","modified_gmt":"2021-01-27T11:51:52","slug":"desigual-sukienka-designed-by-m-christian-lacroix","status":"publish","type":"product","link":"https:\/\/torebunia.pl\/sklep\/produkt\/desigual-sukienka-designed-by-m-christian-lacroix\/","title":{"rendered":"Desigual &#8211; Sukienka Designed by M. Christian Lacroix"},"content":{"rendered":"<p>Parametry produktu:<\/p>\n<ul>\n<li>cena: <strong>669.9 PLN<\/strong><\/li>\n<li>marka: <strong>Desigual<\/strong><\/li>\n<li>p\u0142e\u0107: <strong>Female<\/strong><\/li>\n<li>kategoria: <strong>ONA \/ Odzie\u017c \/ Sukienki<\/strong><\/li>\n<li>kolor: <strong>multikolor<\/strong><\/li>\n<\/ul>\n<p>Opis:<br \/>\nSukienka z kolekcji Desigual. Rozkloszowany model wykonany z wzorzystej tkaniny. &#8211; Zapi\u0119cie na guziki. &#8211; Rozkloszowany fason. &#8211; R\u0119kaw trzy czwarte. &#8211; D\u0142ugi r\u0119kaw. &#8211; Model z ko\u0142nierzykiem. &#8211; Wzorzysta tkanina. &#8211; D\u0142ugo\u015b\u0107 r\u0119kawa: 47 cm. &#8211; D\u0142ugo\u015b\u0107: 133 cm. &#8211; Szeroko\u015b\u0107 pod pachami: 48 cm. &#8211; Wymiary podane dla rozmiaru: S. Wz\u00f3r: wzorzyste Materia\u0142: tkanina D\u0142ugo\u015b\u0107: maxi R\u0119kaw: trzy czwarte Dekolt: zapinany Okazje: casual Fason: rozkloszowany Sk\u0142ad: 100 % Wiskoza, Wskaz\u00f3wki piel\u0119gnacyjne: nie pra\u0107 chemicznie, pra\u0107 w pralce w temperaturze 30 stopni, nie suszy\u0107 w suszarce b\u0119bnowej, nie wybiela\u0107, prasowa\u0107 w niskiej temperaturze ID produktu: 4900-SUD02C Kod producenta: 20WWVW91<\/p>\n","protected":false},"excerpt":{"rendered":"<p>Parametry produktu: cena: 669.9 PLN marka: Desigual p\u0142e\u0107: Female kategoria: ONA \/ Odzie\u017c \/ Sukienki kolor: multikolor Opis: Sukienka z kolekcji Desigual. Rozkloszowany model wykonany z wzorzystej tkaniny. &#8211; Zapi\u0119cie<\/p>\n","protected":false},"featured_media":5400,"comment_status":"closed","ping_status":"open","template":"","meta":[],"class_list":{"0":"post-5399","1":"product","2":"type-product","3":"status-publish","5":"hentry","6":"product_cat-odziez","7":"product_cat-ona","8":"product_cat-sukienki","9":"product_tag-desigual","10":"product_tag-desigual-sukienka-designed-by-m-christian-lacroix"},"yoast_head":"<!-- This site is optimized with the Yoast SEO plugin v15.6.2 - https:\/\/yoast.com\/wordpress\/plugins\/seo\/ -->\n<title>Desigual - Sukienka Designed by M. Christian Lacroix<\/title>\n<meta name=\"robots\" content=\"index, follow, max-snippet:-1, max-image-preview:large, max-video-preview:-1\" \/>\n<link rel=\"canonical\" href=\"https:\/\/torebunia.pl\/sklep\/produkt\/desigual-sukienka-designed-by-m-christian-lacroix\/\" \/>\n<meta property=\"og:locale\" content=\"pl_PL\" \/>\n<meta property=\"og:type\" content=\"article\" \/>\n<meta property=\"og:title\" content=\"Desigual - Sukienka Designed by M. Christian Lacroix\" \/>\n<meta property=\"og:description\" content=\"Parametry produktu: cena: 669.9 PLN marka: Desigual p\u0142e\u0107: Female kategoria: ONA \/ Odzie\u017c \/ Sukienki kolor: multikolor Opis: Sukienka z kolekcji Desigual. Rozkloszowany model wykonany z wzorzystej tkaniny. &#8211; Zapi\u0119cie\" \/>\n<meta property=\"og:url\" content=\"https:\/\/torebunia.pl\/sklep\/produkt\/desigual-sukienka-designed-by-m-christian-lacroix\/\" \/>\n<meta property=\"og:site_name\" content=\"Moje Blog\" \/>\n<meta property=\"article:modified_time\" content=\"2021-01-27T11:51:52+00:00\" \/>\n<meta property=\"og:image\" content=\"https:\/\/torebunia.pl\/sklep\/wp-content\/uploads\/2021\/01\/51303560b1fa17ee823eda8989d63152a5495242.jpg\" \/>\n\t<meta property=\"og:image:width\" content=\"855\" \/>\n\t<meta property=\"og:image:height\" content=\"1290\" \/>\n<meta name=\"twitter:card\" content=\"summary_large_image\" \/>\n<meta name=\"twitter:label1\" content=\"Est. reading time\">\n\t<meta name=\"twitter:data1\" content=\"1 minuta\">\n<script type=\"application\/ld+json\" class=\"yoast-schema-graph\">{\"@context\":\"https:\/\/schema.org\",\"@graph\":[{\"@type\":\"WebSite\",\"@id\":\"https:\/\/torebunia.pl\/sklep\/#website\",\"url\":\"https:\/\/torebunia.pl\/sklep\/\",\"name\":\"Moje Blog\",\"description\":\"Kolejna witryna WordPress\",\"potentialAction\":[{\"@type\":\"SearchAction\",\"target\":\"https:\/\/torebunia.pl\/sklep\/?s={search_term_string}\",\"query-input\":\"required name=search_term_string\"}],\"inLanguage\":\"pl-PL\"},{\"@type\":\"ImageObject\",\"@id\":\"https:\/\/torebunia.pl\/sklep\/produkt\/desigual-sukienka-designed-by-m-christian-lacroix\/#primaryimage\",\"inLanguage\":\"pl-PL\",\"url\":\"https:\/\/torebunia.pl\/sklep\/wp-content\/uploads\/2021\/01\/51303560b1fa17ee823eda8989d63152a5495242.jpg\",\"width\":855,\"height\":1290,\"caption\":\"Desigual - Sukienka Designed by M. Christian Lacroix\"},{\"@type\":\"WebPage\",\"@id\":\"https:\/\/torebunia.pl\/sklep\/produkt\/desigual-sukienka-designed-by-m-christian-lacroix\/#webpage\",\"url\":\"https:\/\/torebunia.pl\/sklep\/produkt\/desigual-sukienka-designed-by-m-christian-lacroix\/\",\"name\":\"Desigual - Sukienka Designed by M. Christian Lacroix\",\"isPartOf\":{\"@id\":\"https:\/\/torebunia.pl\/sklep\/#website\"},\"primaryImageOfPage\":{\"@id\":\"https:\/\/torebunia.pl\/sklep\/produkt\/desigual-sukienka-designed-by-m-christian-lacroix\/#primaryimage\"},\"datePublished\":\"2020-11-03T12:01:28+00:00\",\"dateModified\":\"2021-01-27T11:51:52+00:00\",\"inLanguage\":\"pl-PL\",\"potentialAction\":[{\"@type\":\"ReadAction\",\"target\":[\"https:\/\/torebunia.pl\/sklep\/produkt\/desigual-sukienka-designed-by-m-christian-lacroix\/\"]}]}]}<\/script>\n<!-- \/ Yoast SEO plugin. -->","_links":{"self":[{"href":"https:\/\/torebunia.pl\/sklep\/wp-json\/wp\/v2\/product\/5399","targetHints":{"allow":["GET"]}}],"collection":[{"href":"https:\/\/torebunia.pl\/sklep\/wp-json\/wp\/v2\/product"}],"about":[{"href":"https:\/\/torebunia.pl\/sklep\/wp-json\/wp\/v2\/types\/product"}],"replies":[{"embeddable":true,"href":"https:\/\/torebunia.pl\/sklep\/wp-json\/wp\/v2\/comments?post=5399"}],"wp:featuredmedia":[{"embeddable":true,"href":"https:\/\/torebunia.pl\/sklep\/wp-json\/wp\/v2\/media\/5400"}],"wp:attachment":[{"href":"https:\/\/torebunia.pl\/sklep\/wp-json\/wp\/v2\/media?parent=5399"}],"curies":[{"name":"wp","href":"https:\/\/api.w.org\/{rel}","templated":true}]}}