{"id":5383,"date":"2020-08-07T11:33:36","date_gmt":"2020-08-07T11:33:36","guid":{"rendered":"https:\/\/torebunia.pl\/sklep\/produkt\/dkny-bluzka-2\/"},"modified":"2021-01-25T15:58:44","modified_gmt":"2021-01-25T15:58:44","slug":"dkny-bluzka-2","status":"publish","type":"product","link":"https:\/\/torebunia.pl\/sklep\/produkt\/dkny-bluzka-2\/","title":{"rendered":"Dkny &#8211; Bluzka"},"content":{"rendered":"<p>Parametry produktu:<\/p>\n<ul>\n<li>cena: <strong>239.9 PLN<\/strong><\/li>\n<li>marka: <strong>DKNY<\/strong><\/li>\n<li>p\u0142e\u0107: <strong>Female<\/strong><\/li>\n<li>kategoria: <strong>ONA \/ Odzie\u017c \/ Bluzki i koszule \/ Bluzki<\/strong><\/li>\n<li>kolor: <strong>czarny<\/strong><\/li>\n<\/ul>\n<p>Opis:<br \/>\nBluzka z kolekcji Dkny. Model wykonany z cienkiej, elastycznej dzianiny. Posiada spiczasty dekolt. &#8211; Prosty fason. &#8211; Kr\u00f3tki r\u0119kaw. &#8211; Spiczasty dekolt. Wz\u00f3r: g\u0142adkie Fason: regular Dekolt: szpic R\u0119kaw: kr\u00f3tki Okazje: casual Sk\u0142ad: 100 % Poliester ID produktu: 4900-TSD0YM Kod producenta: W3293CCA<\/p>\n","protected":false},"excerpt":{"rendered":"<p>Parametry produktu: cena: 239.9 PLN marka: DKNY p\u0142e\u0107: Female kategoria: ONA \/ Odzie\u017c \/ Bluzki i koszule \/ Bluzki kolor: czarny Opis: Bluzka z kolekcji Dkny. Model wykonany z cienkiej,<\/p>\n","protected":false},"featured_media":5384,"comment_status":"closed","ping_status":"open","template":"","meta":[],"class_list":{"0":"post-5383","1":"product","2":"type-product","3":"status-publish","5":"hentry","6":"product_cat-bluzki","7":"product_cat-bluzki-i-koszule","8":"product_cat-odziez","9":"product_cat-ona","10":"product_tag-dkny","11":"product_tag-dkny-bluzka"},"yoast_head":"<!-- This site is optimized with the Yoast SEO plugin v15.6.2 - https:\/\/yoast.com\/wordpress\/plugins\/seo\/ -->\n<title>Dkny - Bluzka<\/title>\n<meta name=\"robots\" content=\"index, follow, max-snippet:-1, max-image-preview:large, max-video-preview:-1\" \/>\n<link rel=\"canonical\" href=\"https:\/\/torebunia.pl\/sklep\/produkt\/dkny-bluzka-2\/\" \/>\n<meta property=\"og:locale\" content=\"pl_PL\" \/>\n<meta property=\"og:type\" content=\"article\" \/>\n<meta property=\"og:title\" content=\"Dkny - Bluzka\" \/>\n<meta property=\"og:description\" content=\"Parametry produktu: cena: 239.9 PLN marka: DKNY p\u0142e\u0107: Female kategoria: ONA \/ Odzie\u017c \/ Bluzki i koszule \/ Bluzki kolor: czarny Opis: Bluzka z kolekcji Dkny. Model wykonany z cienkiej,\" \/>\n<meta property=\"og:url\" content=\"https:\/\/torebunia.pl\/sklep\/produkt\/dkny-bluzka-2\/\" \/>\n<meta property=\"og:site_name\" content=\"Moje Blog\" \/>\n<meta property=\"article:modified_time\" content=\"2021-01-25T15:58:44+00:00\" \/>\n<meta property=\"og:image\" content=\"https:\/\/torebunia.pl\/sklep\/wp-content\/uploads\/2021\/01\/b255a0ca9385f8891f8d7ce504b2048c7eaf4e28-1.jpg\" \/>\n\t<meta property=\"og:image:width\" content=\"855\" \/>\n\t<meta property=\"og:image:height\" content=\"1290\" \/>\n<meta name=\"twitter:card\" content=\"summary_large_image\" \/>\n<script type=\"application\/ld+json\" class=\"yoast-schema-graph\">{\"@context\":\"https:\/\/schema.org\",\"@graph\":[{\"@type\":\"WebSite\",\"@id\":\"https:\/\/torebunia.pl\/sklep\/#website\",\"url\":\"https:\/\/torebunia.pl\/sklep\/\",\"name\":\"Moje Blog\",\"description\":\"Kolejna witryna WordPress\",\"potentialAction\":[{\"@type\":\"SearchAction\",\"target\":\"https:\/\/torebunia.pl\/sklep\/?s={search_term_string}\",\"query-input\":\"required name=search_term_string\"}],\"inLanguage\":\"pl-PL\"},{\"@type\":\"ImageObject\",\"@id\":\"https:\/\/torebunia.pl\/sklep\/produkt\/dkny-bluzka-2\/#primaryimage\",\"inLanguage\":\"pl-PL\",\"url\":\"https:\/\/torebunia.pl\/sklep\/wp-content\/uploads\/2021\/01\/b255a0ca9385f8891f8d7ce504b2048c7eaf4e28-1.jpg\",\"width\":855,\"height\":1290,\"caption\":\"Dkny - Bluzka\"},{\"@type\":\"WebPage\",\"@id\":\"https:\/\/torebunia.pl\/sklep\/produkt\/dkny-bluzka-2\/#webpage\",\"url\":\"https:\/\/torebunia.pl\/sklep\/produkt\/dkny-bluzka-2\/\",\"name\":\"Dkny - Bluzka\",\"isPartOf\":{\"@id\":\"https:\/\/torebunia.pl\/sklep\/#website\"},\"primaryImageOfPage\":{\"@id\":\"https:\/\/torebunia.pl\/sklep\/produkt\/dkny-bluzka-2\/#primaryimage\"},\"datePublished\":\"2020-08-07T11:33:36+00:00\",\"dateModified\":\"2021-01-25T15:58:44+00:00\",\"inLanguage\":\"pl-PL\",\"potentialAction\":[{\"@type\":\"ReadAction\",\"target\":[\"https:\/\/torebunia.pl\/sklep\/produkt\/dkny-bluzka-2\/\"]}]}]}<\/script>\n<!-- \/ Yoast SEO plugin. -->","_links":{"self":[{"href":"https:\/\/torebunia.pl\/sklep\/wp-json\/wp\/v2\/product\/5383","targetHints":{"allow":["GET"]}}],"collection":[{"href":"https:\/\/torebunia.pl\/sklep\/wp-json\/wp\/v2\/product"}],"about":[{"href":"https:\/\/torebunia.pl\/sklep\/wp-json\/wp\/v2\/types\/product"}],"replies":[{"embeddable":true,"href":"https:\/\/torebunia.pl\/sklep\/wp-json\/wp\/v2\/comments?post=5383"}],"wp:featuredmedia":[{"embeddable":true,"href":"https:\/\/torebunia.pl\/sklep\/wp-json\/wp\/v2\/media\/5384"}],"wp:attachment":[{"href":"https:\/\/torebunia.pl\/sklep\/wp-json\/wp\/v2\/media?parent=5383"}],"curies":[{"name":"wp","href":"https:\/\/api.w.org\/{rel}","templated":true}]}}