{"id":5271,"date":"2020-06-06T23:38:35","date_gmt":"2020-06-06T23:38:35","guid":{"rendered":"https:\/\/torebunia.pl\/sklep\/produkt\/swarovski-bransoletka-attract-soul\/"},"modified":"2021-01-25T15:53:53","modified_gmt":"2021-01-25T15:53:53","slug":"swarovski-bransoletka-attract-soul","status":"publish","type":"product","link":"https:\/\/torebunia.pl\/sklep\/produkt\/swarovski-bransoletka-attract-soul\/","title":{"rendered":"Swarovski &#8211; Bransoletka Attract Soul"},"content":{"rendered":"<p>Parametry produktu:<\/p>\n<ul>\n<li>cena: <strong>379.9 PLN<\/strong><\/li>\n<li>marka: <strong>Swarovski<\/strong><\/li>\n<li>p\u0142e\u0107: <strong>Female<\/strong><\/li>\n<li>kategoria: <strong>ONA \/ Akcesoria \/ Bi\u017cuteria \/ Bransoletki<\/strong><\/li>\n<li>kolor: <strong>srebrny<\/strong><\/li>\n<\/ul>\n<p>Opis:<br \/>\nBransoletka z kolekcji Swarovski. Elegancki model z ozdob\u0105 z kamieni wykonany z metalu. Sk\u0142ad: Kamie\u0144, Metal ID produktu: 4901-AKD03L Kod producenta: 5517120<\/p>\n","protected":false},"excerpt":{"rendered":"<p>Parametry produktu: cena: 379.9 PLN marka: Swarovski p\u0142e\u0107: Female kategoria: ONA \/ Akcesoria \/ Bi\u017cuteria \/ Bransoletki kolor: srebrny Opis: Bransoletka z kolekcji Swarovski. Elegancki model z ozdob\u0105 z kamieni<\/p>\n","protected":false},"featured_media":5272,"comment_status":"closed","ping_status":"open","template":"","meta":[],"class_list":{"0":"post-5271","1":"product","2":"type-product","3":"status-publish","5":"hentry","6":"product_cat-akcesoria","7":"product_cat-bizuteria","8":"product_cat-bransoletki","9":"product_cat-ona","10":"product_tag-swarovski","11":"product_tag-swarovski-bransoletka-attract-soul"},"yoast_head":"<!-- This site is optimized with the Yoast SEO plugin v15.6.2 - https:\/\/yoast.com\/wordpress\/plugins\/seo\/ -->\n<title>Swarovski - Bransoletka Attract Soul<\/title>\n<meta name=\"robots\" content=\"index, follow, max-snippet:-1, max-image-preview:large, max-video-preview:-1\" \/>\n<link rel=\"canonical\" href=\"https:\/\/torebunia.pl\/sklep\/produkt\/swarovski-bransoletka-attract-soul\/\" \/>\n<meta property=\"og:locale\" content=\"pl_PL\" \/>\n<meta property=\"og:type\" content=\"article\" \/>\n<meta property=\"og:title\" content=\"Swarovski - Bransoletka Attract Soul\" \/>\n<meta property=\"og:description\" content=\"Parametry produktu: cena: 379.9 PLN marka: Swarovski p\u0142e\u0107: Female kategoria: ONA \/ Akcesoria \/ Bi\u017cuteria \/ Bransoletki kolor: srebrny Opis: Bransoletka z kolekcji Swarovski. Elegancki model z ozdob\u0105 z kamieni\" \/>\n<meta property=\"og:url\" content=\"https:\/\/torebunia.pl\/sklep\/produkt\/swarovski-bransoletka-attract-soul\/\" \/>\n<meta property=\"og:site_name\" content=\"Moje Blog\" \/>\n<meta property=\"article:modified_time\" content=\"2021-01-25T15:53:53+00:00\" \/>\n<meta property=\"og:image\" content=\"https:\/\/torebunia.pl\/sklep\/wp-content\/uploads\/2021\/01\/60f0478702d193a14d0183079a2631e8b8793461.jpg\" \/>\n\t<meta property=\"og:image:width\" content=\"855\" \/>\n\t<meta property=\"og:image:height\" content=\"1290\" \/>\n<meta name=\"twitter:card\" content=\"summary_large_image\" \/>\n<script type=\"application\/ld+json\" class=\"yoast-schema-graph\">{\"@context\":\"https:\/\/schema.org\",\"@graph\":[{\"@type\":\"WebSite\",\"@id\":\"https:\/\/torebunia.pl\/sklep\/#website\",\"url\":\"https:\/\/torebunia.pl\/sklep\/\",\"name\":\"Moje Blog\",\"description\":\"Kolejna witryna WordPress\",\"potentialAction\":[{\"@type\":\"SearchAction\",\"target\":\"https:\/\/torebunia.pl\/sklep\/?s={search_term_string}\",\"query-input\":\"required name=search_term_string\"}],\"inLanguage\":\"pl-PL\"},{\"@type\":\"ImageObject\",\"@id\":\"https:\/\/torebunia.pl\/sklep\/produkt\/swarovski-bransoletka-attract-soul\/#primaryimage\",\"inLanguage\":\"pl-PL\",\"url\":\"https:\/\/torebunia.pl\/sklep\/wp-content\/uploads\/2021\/01\/60f0478702d193a14d0183079a2631e8b8793461.jpg\",\"width\":855,\"height\":1290,\"caption\":\"Swarovski - Bransoletka Attract Soul\"},{\"@type\":\"WebPage\",\"@id\":\"https:\/\/torebunia.pl\/sklep\/produkt\/swarovski-bransoletka-attract-soul\/#webpage\",\"url\":\"https:\/\/torebunia.pl\/sklep\/produkt\/swarovski-bransoletka-attract-soul\/\",\"name\":\"Swarovski - Bransoletka Attract Soul\",\"isPartOf\":{\"@id\":\"https:\/\/torebunia.pl\/sklep\/#website\"},\"primaryImageOfPage\":{\"@id\":\"https:\/\/torebunia.pl\/sklep\/produkt\/swarovski-bransoletka-attract-soul\/#primaryimage\"},\"datePublished\":\"2020-06-06T23:38:35+00:00\",\"dateModified\":\"2021-01-25T15:53:53+00:00\",\"inLanguage\":\"pl-PL\",\"potentialAction\":[{\"@type\":\"ReadAction\",\"target\":[\"https:\/\/torebunia.pl\/sklep\/produkt\/swarovski-bransoletka-attract-soul\/\"]}]}]}<\/script>\n<!-- \/ Yoast SEO plugin. -->","_links":{"self":[{"href":"https:\/\/torebunia.pl\/sklep\/wp-json\/wp\/v2\/product\/5271","targetHints":{"allow":["GET"]}}],"collection":[{"href":"https:\/\/torebunia.pl\/sklep\/wp-json\/wp\/v2\/product"}],"about":[{"href":"https:\/\/torebunia.pl\/sklep\/wp-json\/wp\/v2\/types\/product"}],"replies":[{"embeddable":true,"href":"https:\/\/torebunia.pl\/sklep\/wp-json\/wp\/v2\/comments?post=5271"}],"wp:featuredmedia":[{"embeddable":true,"href":"https:\/\/torebunia.pl\/sklep\/wp-json\/wp\/v2\/media\/5272"}],"wp:attachment":[{"href":"https:\/\/torebunia.pl\/sklep\/wp-json\/wp\/v2\/media?parent=5271"}],"curies":[{"name":"wp","href":"https:\/\/api.w.org\/{rel}","templated":true}]}}