{"id":5263,"date":"2020-03-23T01:29:10","date_gmt":"2020-03-23T01:29:10","guid":{"rendered":"https:\/\/torebunia.pl\/sklep\/produkt\/viking-bielizna-funkcyjna\/"},"modified":"2021-01-25T15:53:36","modified_gmt":"2021-01-25T15:53:36","slug":"viking-bielizna-funkcyjna","status":"publish","type":"product","link":"https:\/\/torebunia.pl\/sklep\/produkt\/viking-bielizna-funkcyjna\/","title":{"rendered":"Viking &#8211; Bielizna funkcyjna"},"content":{"rendered":"<p>Parametry produktu:<\/p>\n<ul>\n<li>cena: <strong>179.9 PLN<\/strong><\/li>\n<li>marka: <strong>Viking<\/strong><\/li>\n<li>p\u0142e\u0107: <strong>Female<\/strong><\/li>\n<li>kategoria: <strong>ONA \/ Odzie\u017c \/ Bielizna \/ Bielizna funkcyjna<\/strong><\/li>\n<li>kolor: <strong>zielony<\/strong><\/li>\n<\/ul>\n<p>Opis:<br \/>\nKomplet bielizny termoaktywnej z kolekcji Viking. Model wykonany z elastycznej dzianiny. &#8211; Konstrukcja doskonale przylegaj\u0105ca do cia\u0142a. &#8211; Szybkoschn\u0105cy materia\u0142 odpowiada utrzymanie wysokiego poziomu higieny. &#8211; Materia\u0142 nie elektryzuje si\u0119. &#8211; Technologia V-DRY to elastyczny materia\u0142 bezszwowy, kt\u00f3ry jest szybkoschn\u0105cy, oddychaj\u0105cy oraz antybakteryjny. Wz\u00f3r: wzorzyste Sk\u0142ad: 8 % Elastan, 30 % Poliamid, 62 % Poliester ID produktu: 4920-BID0G7 Kod producenta: 500171599<\/p>\n","protected":false},"excerpt":{"rendered":"<p>Parametry produktu: cena: 179.9 PLN marka: Viking p\u0142e\u0107: Female kategoria: ONA \/ Odzie\u017c \/ Bielizna \/ Bielizna funkcyjna kolor: zielony Opis: Komplet bielizny termoaktywnej z kolekcji Viking. Model wykonany z<\/p>\n","protected":false},"featured_media":5264,"comment_status":"closed","ping_status":"open","template":"","meta":[],"class_list":{"0":"post-5263","1":"product","2":"type-product","3":"status-publish","5":"hentry","6":"product_cat-bielizna","7":"product_cat-bielizna-funkcyjna","8":"product_cat-odziez","9":"product_cat-ona","10":"product_tag-viking","11":"product_tag-viking-bielizna-funkcyjna"},"yoast_head":"<!-- This site is optimized with the Yoast SEO plugin v15.6.2 - https:\/\/yoast.com\/wordpress\/plugins\/seo\/ -->\n<title>Viking - Bielizna funkcyjna<\/title>\n<meta name=\"robots\" content=\"index, follow, max-snippet:-1, max-image-preview:large, max-video-preview:-1\" \/>\n<link rel=\"canonical\" href=\"https:\/\/torebunia.pl\/sklep\/produkt\/viking-bielizna-funkcyjna\/\" \/>\n<meta property=\"og:locale\" content=\"pl_PL\" \/>\n<meta property=\"og:type\" content=\"article\" \/>\n<meta property=\"og:title\" content=\"Viking - Bielizna funkcyjna\" \/>\n<meta property=\"og:description\" content=\"Parametry produktu: cena: 179.9 PLN marka: Viking p\u0142e\u0107: Female kategoria: ONA \/ Odzie\u017c \/ Bielizna \/ Bielizna funkcyjna kolor: zielony Opis: Komplet bielizny termoaktywnej z kolekcji Viking. Model wykonany z\" \/>\n<meta property=\"og:url\" content=\"https:\/\/torebunia.pl\/sklep\/produkt\/viking-bielizna-funkcyjna\/\" \/>\n<meta property=\"og:site_name\" content=\"Moje Blog\" \/>\n<meta property=\"article:modified_time\" content=\"2021-01-25T15:53:36+00:00\" \/>\n<meta property=\"og:image\" content=\"https:\/\/torebunia.pl\/sklep\/wp-content\/uploads\/2021\/01\/255ec0c25e581f746d37fa3a55631bd8dd3519e7.jpg\" \/>\n\t<meta property=\"og:image:width\" content=\"855\" \/>\n\t<meta property=\"og:image:height\" content=\"1290\" \/>\n<meta name=\"twitter:card\" content=\"summary_large_image\" \/>\n<script type=\"application\/ld+json\" class=\"yoast-schema-graph\">{\"@context\":\"https:\/\/schema.org\",\"@graph\":[{\"@type\":\"WebSite\",\"@id\":\"https:\/\/torebunia.pl\/sklep\/#website\",\"url\":\"https:\/\/torebunia.pl\/sklep\/\",\"name\":\"Moje Blog\",\"description\":\"Kolejna witryna WordPress\",\"potentialAction\":[{\"@type\":\"SearchAction\",\"target\":\"https:\/\/torebunia.pl\/sklep\/?s={search_term_string}\",\"query-input\":\"required name=search_term_string\"}],\"inLanguage\":\"pl-PL\"},{\"@type\":\"ImageObject\",\"@id\":\"https:\/\/torebunia.pl\/sklep\/produkt\/viking-bielizna-funkcyjna\/#primaryimage\",\"inLanguage\":\"pl-PL\",\"url\":\"https:\/\/torebunia.pl\/sklep\/wp-content\/uploads\/2021\/01\/255ec0c25e581f746d37fa3a55631bd8dd3519e7.jpg\",\"width\":855,\"height\":1290,\"caption\":\"Viking - Bielizna funkcyjna\"},{\"@type\":\"WebPage\",\"@id\":\"https:\/\/torebunia.pl\/sklep\/produkt\/viking-bielizna-funkcyjna\/#webpage\",\"url\":\"https:\/\/torebunia.pl\/sklep\/produkt\/viking-bielizna-funkcyjna\/\",\"name\":\"Viking - Bielizna funkcyjna\",\"isPartOf\":{\"@id\":\"https:\/\/torebunia.pl\/sklep\/#website\"},\"primaryImageOfPage\":{\"@id\":\"https:\/\/torebunia.pl\/sklep\/produkt\/viking-bielizna-funkcyjna\/#primaryimage\"},\"datePublished\":\"2020-03-23T01:29:10+00:00\",\"dateModified\":\"2021-01-25T15:53:36+00:00\",\"inLanguage\":\"pl-PL\",\"potentialAction\":[{\"@type\":\"ReadAction\",\"target\":[\"https:\/\/torebunia.pl\/sklep\/produkt\/viking-bielizna-funkcyjna\/\"]}]}]}<\/script>\n<!-- \/ Yoast SEO plugin. -->","_links":{"self":[{"href":"https:\/\/torebunia.pl\/sklep\/wp-json\/wp\/v2\/product\/5263","targetHints":{"allow":["GET"]}}],"collection":[{"href":"https:\/\/torebunia.pl\/sklep\/wp-json\/wp\/v2\/product"}],"about":[{"href":"https:\/\/torebunia.pl\/sklep\/wp-json\/wp\/v2\/types\/product"}],"replies":[{"embeddable":true,"href":"https:\/\/torebunia.pl\/sklep\/wp-json\/wp\/v2\/comments?post=5263"}],"wp:featuredmedia":[{"embeddable":true,"href":"https:\/\/torebunia.pl\/sklep\/wp-json\/wp\/v2\/media\/5264"}],"wp:attachment":[{"href":"https:\/\/torebunia.pl\/sklep\/wp-json\/wp\/v2\/media?parent=5263"}],"curies":[{"name":"wp","href":"https:\/\/api.w.org\/{rel}","templated":true}]}}