{"id":5225,"date":"2020-06-01T13:01:15","date_gmt":"2020-06-01T13:01:15","guid":{"rendered":"https:\/\/torebunia.pl\/sklep\/produkt\/bearpaw-sniegowce-skorzane-ariel\/"},"modified":"2021-01-27T12:25:21","modified_gmt":"2021-01-27T12:25:21","slug":"bearpaw-sniegowce-skorzane-ariel","status":"publish","type":"product","link":"https:\/\/torebunia.pl\/sklep\/produkt\/bearpaw-sniegowce-skorzane-ariel\/","title":{"rendered":"Bearpaw &#8211; \u015aniegowce sk\u00f3rzane Ariel"},"content":{"rendered":"<p>Parametry produktu:<\/p>\n<ul>\n<li>cena: <strong>439.9 PLN<\/strong><\/li>\n<li>marka: <strong>Bearpaw<\/strong><\/li>\n<li>p\u0142e\u0107: <strong>Female<\/strong><\/li>\n<li>kategoria: <strong>ONA \/ Obuwie \/ \u015aniegowce<\/strong><\/li>\n<li>kolor: <strong>z\u0142oty br\u0105z<\/strong><\/li>\n<\/ul>\n<p>Opis:<br \/>\n\u015aniegowce z kolekcji Bearpaw. Model wykonany ze sk\u00f3ry zamszowej. &#8211; Ocieplony model. &#8211; Okr\u0105g\u0142y, usztywniony nosek. &#8211; \u017b\u0142obiona podeszwa. &#8211; Usztywniony zapi\u0119tek. &#8211; Komfortowe wn\u0119trze. &#8211; D\u0142ugo\u015b\u0107 wk\u0142adki wynosi: 23 cm. &#8211; Wymiary podane dla rozmiaru: 37. Obcas: p\u0142aski Ocieplenie: ocieplane Materia\u0142: sk\u00f3ra licowa Zapi\u0119cie: brak zapi\u0119cia Sk\u0142ad: Cholewka: Sk\u00f3ra zamszowa, Wn\u0119trze: We\u0142na, Podeszwa: Materia\u0142 syntetyczny ID produktu: 4910-OBD2IJ Kod producenta: 2183W<\/p>\n","protected":false},"excerpt":{"rendered":"<p>Parametry produktu: cena: 439.9 PLN marka: Bearpaw p\u0142e\u0107: Female kategoria: ONA \/ Obuwie \/ \u015aniegowce kolor: z\u0142oty br\u0105z Opis: \u015aniegowce z kolekcji Bearpaw. Model wykonany ze sk\u00f3ry zamszowej. &#8211; Ocieplony<\/p>\n","protected":false},"featured_media":5226,"comment_status":"closed","ping_status":"open","template":"","meta":[],"class_list":{"0":"post-5225","1":"product","2":"type-product","3":"status-publish","5":"hentry","6":"product_cat-obuwie","7":"product_cat-ona","8":"product_cat-sniegowce","9":"product_tag-bearpaw","10":"product_tag-bearpaw-sniegowce-skorzane-ariel"},"yoast_head":"<!-- This site is optimized with the Yoast SEO plugin v15.6.2 - https:\/\/yoast.com\/wordpress\/plugins\/seo\/ -->\n<title>Bearpaw - \u015aniegowce sk\u00f3rzane Ariel<\/title>\n<meta name=\"robots\" content=\"index, follow, max-snippet:-1, max-image-preview:large, max-video-preview:-1\" \/>\n<link rel=\"canonical\" href=\"https:\/\/torebunia.pl\/sklep\/produkt\/bearpaw-sniegowce-skorzane-ariel\/\" \/>\n<meta property=\"og:locale\" content=\"pl_PL\" \/>\n<meta property=\"og:type\" content=\"article\" \/>\n<meta property=\"og:title\" content=\"Bearpaw - \u015aniegowce sk\u00f3rzane Ariel\" \/>\n<meta property=\"og:description\" content=\"Parametry produktu: cena: 439.9 PLN marka: Bearpaw p\u0142e\u0107: Female kategoria: ONA \/ Obuwie \/ \u015aniegowce kolor: z\u0142oty br\u0105z Opis: \u015aniegowce z kolekcji Bearpaw. Model wykonany ze sk\u00f3ry zamszowej. &#8211; Ocieplony\" \/>\n<meta property=\"og:url\" content=\"https:\/\/torebunia.pl\/sklep\/produkt\/bearpaw-sniegowce-skorzane-ariel\/\" \/>\n<meta property=\"og:site_name\" content=\"Moje Blog\" \/>\n<meta property=\"article:modified_time\" content=\"2021-01-27T12:25:21+00:00\" \/>\n<meta property=\"og:image\" content=\"https:\/\/torebunia.pl\/sklep\/wp-content\/uploads\/2021\/01\/b3b00801f77f4ea72906d8ddfda12b144127cff2.jpg\" \/>\n\t<meta property=\"og:image:width\" content=\"855\" \/>\n\t<meta property=\"og:image:height\" content=\"1290\" \/>\n<meta name=\"twitter:card\" content=\"summary_large_image\" \/>\n<script type=\"application\/ld+json\" class=\"yoast-schema-graph\">{\"@context\":\"https:\/\/schema.org\",\"@graph\":[{\"@type\":\"WebSite\",\"@id\":\"https:\/\/torebunia.pl\/sklep\/#website\",\"url\":\"https:\/\/torebunia.pl\/sklep\/\",\"name\":\"Moje Blog\",\"description\":\"Kolejna witryna WordPress\",\"potentialAction\":[{\"@type\":\"SearchAction\",\"target\":\"https:\/\/torebunia.pl\/sklep\/?s={search_term_string}\",\"query-input\":\"required name=search_term_string\"}],\"inLanguage\":\"pl-PL\"},{\"@type\":\"ImageObject\",\"@id\":\"https:\/\/torebunia.pl\/sklep\/produkt\/bearpaw-sniegowce-skorzane-ariel\/#primaryimage\",\"inLanguage\":\"pl-PL\",\"url\":\"https:\/\/torebunia.pl\/sklep\/wp-content\/uploads\/2021\/01\/b3b00801f77f4ea72906d8ddfda12b144127cff2.jpg\",\"width\":855,\"height\":1290,\"caption\":\"Bearpaw - \\u015aniegowce sk\\u00f3rzane Ariel\"},{\"@type\":\"WebPage\",\"@id\":\"https:\/\/torebunia.pl\/sklep\/produkt\/bearpaw-sniegowce-skorzane-ariel\/#webpage\",\"url\":\"https:\/\/torebunia.pl\/sklep\/produkt\/bearpaw-sniegowce-skorzane-ariel\/\",\"name\":\"Bearpaw - \\u015aniegowce sk\\u00f3rzane Ariel\",\"isPartOf\":{\"@id\":\"https:\/\/torebunia.pl\/sklep\/#website\"},\"primaryImageOfPage\":{\"@id\":\"https:\/\/torebunia.pl\/sklep\/produkt\/bearpaw-sniegowce-skorzane-ariel\/#primaryimage\"},\"datePublished\":\"2020-06-01T13:01:15+00:00\",\"dateModified\":\"2021-01-27T12:25:21+00:00\",\"inLanguage\":\"pl-PL\",\"potentialAction\":[{\"@type\":\"ReadAction\",\"target\":[\"https:\/\/torebunia.pl\/sklep\/produkt\/bearpaw-sniegowce-skorzane-ariel\/\"]}]}]}<\/script>\n<!-- \/ Yoast SEO plugin. -->","_links":{"self":[{"href":"https:\/\/torebunia.pl\/sklep\/wp-json\/wp\/v2\/product\/5225","targetHints":{"allow":["GET"]}}],"collection":[{"href":"https:\/\/torebunia.pl\/sklep\/wp-json\/wp\/v2\/product"}],"about":[{"href":"https:\/\/torebunia.pl\/sklep\/wp-json\/wp\/v2\/types\/product"}],"replies":[{"embeddable":true,"href":"https:\/\/torebunia.pl\/sklep\/wp-json\/wp\/v2\/comments?post=5225"}],"wp:featuredmedia":[{"embeddable":true,"href":"https:\/\/torebunia.pl\/sklep\/wp-json\/wp\/v2\/media\/5226"}],"wp:attachment":[{"href":"https:\/\/torebunia.pl\/sklep\/wp-json\/wp\/v2\/media?parent=5225"}],"curies":[{"name":"wp","href":"https:\/\/api.w.org\/{rel}","templated":true}]}}