{"id":5219,"date":"2020-10-14T14:51:24","date_gmt":"2020-10-14T14:51:24","guid":{"rendered":"https:\/\/torebunia.pl\/sklep\/produkt\/inuikii-sniegowce-skorzane-2\/"},"modified":"2021-01-25T15:52:02","modified_gmt":"2021-01-25T15:52:02","slug":"inuikii-sniegowce-skorzane-2","status":"publish","type":"product","link":"https:\/\/torebunia.pl\/sklep\/produkt\/inuikii-sniegowce-skorzane-2\/","title":{"rendered":"Inuikii &#8211; \u015aniegowce sk\u00f3rzane"},"content":{"rendered":"<p>Parametry produktu:<\/p>\n<ul>\n<li>cena: <strong>1219.0 PLN<\/strong><\/li>\n<li>marka: <strong>Inuikii<\/strong><\/li>\n<li>p\u0142e\u0107: <strong>Female<\/strong><\/li>\n<li>kategoria: <strong>ONA \/ Obuwie \/ \u015aniegowce<\/strong><\/li>\n<li>kolor: <strong>czarny<\/strong><\/li>\n<\/ul>\n<p>Opis:<br \/>\n\u015aniegowce z kolekcji Inuikii. Model wykonany z po\u0142\u0105czenia sk\u00f3ry naturalnej i sk\u00f3ry zamszowej. &#8211; Ocieplony model. &#8211; Model z ukrytym koturnem. &#8211; Okr\u0105g\u0142y, usztywniony nosek. &#8211; Antypo\u015blizgowa, gumowa podeszwa. &#8211; Komfortowa wk\u0142adka. &#8211; Sznurowany model. &#8211; D\u0142ugo\u015b\u0107 wk\u0142adki wynosi: 24 cm. &#8211; Wymiary podane dla rozmiaru: 37. Materia\u0142: sk\u00f3ra zamszowa Obcas: p\u0142aski Ocieplenie: ocieplane Materia\u0142: sk\u00f3ra licowa Zapi\u0119cie: sznurowanie Sk\u0142ad: Cholewka: Sk\u00f3ra naturalna, Wn\u0119trze: Sk\u00f3ra naturalna, Podeszwa: Materia\u0142 syntetyczny ID produktu: 4910-OBD150 Kod producenta: 70203.5.W<\/p>\n","protected":false},"excerpt":{"rendered":"<p>Parametry produktu: cena: 1219.0 PLN marka: Inuikii p\u0142e\u0107: Female kategoria: ONA \/ Obuwie \/ \u015aniegowce kolor: czarny Opis: \u015aniegowce z kolekcji Inuikii. Model wykonany z po\u0142\u0105czenia sk\u00f3ry naturalnej i sk\u00f3ry<\/p>\n","protected":false},"featured_media":5220,"comment_status":"closed","ping_status":"open","template":"","meta":[],"class_list":{"0":"post-5219","1":"product","2":"type-product","3":"status-publish","5":"hentry","6":"product_cat-obuwie","7":"product_cat-ona","8":"product_cat-sniegowce","9":"product_tag-inuikii","10":"product_tag-inuikii-sniegowce-skorzane"},"yoast_head":"<!-- This site is optimized with the Yoast SEO plugin v15.6.2 - https:\/\/yoast.com\/wordpress\/plugins\/seo\/ -->\n<title>Inuikii - \u015aniegowce sk\u00f3rzane<\/title>\n<meta name=\"robots\" content=\"index, follow, max-snippet:-1, max-image-preview:large, max-video-preview:-1\" \/>\n<link rel=\"canonical\" href=\"https:\/\/torebunia.pl\/sklep\/produkt\/inuikii-sniegowce-skorzane-2\/\" \/>\n<meta property=\"og:locale\" content=\"pl_PL\" \/>\n<meta property=\"og:type\" content=\"article\" \/>\n<meta property=\"og:title\" content=\"Inuikii - \u015aniegowce sk\u00f3rzane\" \/>\n<meta property=\"og:description\" content=\"Parametry produktu: cena: 1219.0 PLN marka: Inuikii p\u0142e\u0107: Female kategoria: ONA \/ Obuwie \/ \u015aniegowce kolor: czarny Opis: \u015aniegowce z kolekcji Inuikii. Model wykonany z po\u0142\u0105czenia sk\u00f3ry naturalnej i sk\u00f3ry\" \/>\n<meta property=\"og:url\" content=\"https:\/\/torebunia.pl\/sklep\/produkt\/inuikii-sniegowce-skorzane-2\/\" \/>\n<meta property=\"og:site_name\" content=\"Moje Blog\" \/>\n<meta property=\"article:modified_time\" content=\"2021-01-25T15:52:02+00:00\" \/>\n<meta property=\"og:image\" content=\"https:\/\/torebunia.pl\/sklep\/wp-content\/uploads\/2021\/01\/b5d315dbf06ffe182b1396a6d6705d4dd32dd2a7.jpg\" \/>\n\t<meta property=\"og:image:width\" content=\"855\" \/>\n\t<meta property=\"og:image:height\" content=\"1290\" \/>\n<meta name=\"twitter:card\" content=\"summary_large_image\" \/>\n<meta name=\"twitter:label1\" content=\"Est. reading time\">\n\t<meta name=\"twitter:data1\" content=\"1 minuta\">\n<script type=\"application\/ld+json\" class=\"yoast-schema-graph\">{\"@context\":\"https:\/\/schema.org\",\"@graph\":[{\"@type\":\"WebSite\",\"@id\":\"https:\/\/torebunia.pl\/sklep\/#website\",\"url\":\"https:\/\/torebunia.pl\/sklep\/\",\"name\":\"Moje Blog\",\"description\":\"Kolejna witryna WordPress\",\"potentialAction\":[{\"@type\":\"SearchAction\",\"target\":\"https:\/\/torebunia.pl\/sklep\/?s={search_term_string}\",\"query-input\":\"required name=search_term_string\"}],\"inLanguage\":\"pl-PL\"},{\"@type\":\"ImageObject\",\"@id\":\"https:\/\/torebunia.pl\/sklep\/produkt\/inuikii-sniegowce-skorzane-2\/#primaryimage\",\"inLanguage\":\"pl-PL\",\"url\":\"https:\/\/torebunia.pl\/sklep\/wp-content\/uploads\/2021\/01\/b5d315dbf06ffe182b1396a6d6705d4dd32dd2a7.jpg\",\"width\":855,\"height\":1290,\"caption\":\"Inuikii - \\u015aniegowce sk\\u00f3rzane\"},{\"@type\":\"WebPage\",\"@id\":\"https:\/\/torebunia.pl\/sklep\/produkt\/inuikii-sniegowce-skorzane-2\/#webpage\",\"url\":\"https:\/\/torebunia.pl\/sklep\/produkt\/inuikii-sniegowce-skorzane-2\/\",\"name\":\"Inuikii - \\u015aniegowce sk\\u00f3rzane\",\"isPartOf\":{\"@id\":\"https:\/\/torebunia.pl\/sklep\/#website\"},\"primaryImageOfPage\":{\"@id\":\"https:\/\/torebunia.pl\/sklep\/produkt\/inuikii-sniegowce-skorzane-2\/#primaryimage\"},\"datePublished\":\"2020-10-14T14:51:24+00:00\",\"dateModified\":\"2021-01-25T15:52:02+00:00\",\"inLanguage\":\"pl-PL\",\"potentialAction\":[{\"@type\":\"ReadAction\",\"target\":[\"https:\/\/torebunia.pl\/sklep\/produkt\/inuikii-sniegowce-skorzane-2\/\"]}]}]}<\/script>\n<!-- \/ Yoast SEO plugin. -->","_links":{"self":[{"href":"https:\/\/torebunia.pl\/sklep\/wp-json\/wp\/v2\/product\/5219","targetHints":{"allow":["GET"]}}],"collection":[{"href":"https:\/\/torebunia.pl\/sklep\/wp-json\/wp\/v2\/product"}],"about":[{"href":"https:\/\/torebunia.pl\/sklep\/wp-json\/wp\/v2\/types\/product"}],"replies":[{"embeddable":true,"href":"https:\/\/torebunia.pl\/sklep\/wp-json\/wp\/v2\/comments?post=5219"}],"wp:featuredmedia":[{"embeddable":true,"href":"https:\/\/torebunia.pl\/sklep\/wp-json\/wp\/v2\/media\/5220"}],"wp:attachment":[{"href":"https:\/\/torebunia.pl\/sklep\/wp-json\/wp\/v2\/media?parent=5219"}],"curies":[{"name":"wp","href":"https:\/\/api.w.org\/{rel}","templated":true}]}}