{"id":5153,"date":"2020-08-07T13:54:49","date_gmt":"2020-08-07T13:54:49","guid":{"rendered":"https:\/\/torebunia.pl\/sklep\/produkt\/karl-lagerfeld-kolczyki-5\/"},"modified":"2021-01-25T15:49:52","modified_gmt":"2021-01-25T15:49:52","slug":"karl-lagerfeld-kolczyki-5","status":"publish","type":"product","link":"https:\/\/torebunia.pl\/sklep\/produkt\/karl-lagerfeld-kolczyki-5\/","title":{"rendered":"Karl Lagerfeld &#8211; Kolczyki"},"content":{"rendered":"<p>Parametry produktu:<\/p>\n<ul>\n<li>cena: <strong>219.9 PLN<\/strong><\/li>\n<li>marka: <strong>Karl Lagerfeld<\/strong><\/li>\n<li>p\u0142e\u0107: <strong>Female<\/strong><\/li>\n<li>kategoria: <strong>ONA \/ Akcesoria \/ Bi\u017cuteria \/ Kolczyki<\/strong><\/li>\n<li>kolor: <strong>z\u0142oty<\/strong><\/li>\n<\/ul>\n<p>Opis:<br \/>\nKolczyki z kolekcji Karl Lagerfeld. Model z ozdob\u0105 z kryszta\u0142k\u00f3w wykonany z metalu. Sk\u0142ad: Mosi\u0105dz, Kryszta\u0142 Swarovskiego ID produktu: 4901-AKD0ET Kod producenta: 5512284<\/p>\n","protected":false},"excerpt":{"rendered":"<p>Parametry produktu: cena: 219.9 PLN marka: Karl Lagerfeld p\u0142e\u0107: Female kategoria: ONA \/ Akcesoria \/ Bi\u017cuteria \/ Kolczyki kolor: z\u0142oty Opis: Kolczyki z kolekcji Karl Lagerfeld. Model z ozdob\u0105 z<\/p>\n","protected":false},"featured_media":5154,"comment_status":"closed","ping_status":"open","template":"","meta":[],"class_list":{"0":"post-5153","1":"product","2":"type-product","3":"status-publish","5":"hentry","6":"product_cat-akcesoria","7":"product_cat-bizuteria","8":"product_cat-kolczyki","9":"product_cat-ona","10":"product_tag-karl-lagerfeld","11":"product_tag-karl-lagerfeld-kolczyki"},"yoast_head":"<!-- This site is optimized with the Yoast SEO plugin v15.6.2 - https:\/\/yoast.com\/wordpress\/plugins\/seo\/ -->\n<title>Karl Lagerfeld - Kolczyki<\/title>\n<meta name=\"robots\" content=\"index, follow, max-snippet:-1, max-image-preview:large, max-video-preview:-1\" \/>\n<link rel=\"canonical\" href=\"https:\/\/torebunia.pl\/sklep\/produkt\/karl-lagerfeld-kolczyki-5\/\" \/>\n<meta property=\"og:locale\" content=\"pl_PL\" \/>\n<meta property=\"og:type\" content=\"article\" \/>\n<meta property=\"og:title\" content=\"Karl Lagerfeld - Kolczyki\" \/>\n<meta property=\"og:description\" content=\"Parametry produktu: cena: 219.9 PLN marka: Karl Lagerfeld p\u0142e\u0107: Female kategoria: ONA \/ Akcesoria \/ Bi\u017cuteria \/ Kolczyki kolor: z\u0142oty Opis: Kolczyki z kolekcji Karl Lagerfeld. Model z ozdob\u0105 z\" \/>\n<meta property=\"og:url\" content=\"https:\/\/torebunia.pl\/sklep\/produkt\/karl-lagerfeld-kolczyki-5\/\" \/>\n<meta property=\"og:site_name\" content=\"Moje Blog\" \/>\n<meta property=\"article:modified_time\" content=\"2021-01-25T15:49:52+00:00\" \/>\n<meta property=\"og:image\" content=\"https:\/\/torebunia.pl\/sklep\/wp-content\/uploads\/2021\/01\/7dc137160ef40be1f4e059262b795fe4d2a70e6f.jpg\" \/>\n\t<meta property=\"og:image:width\" content=\"855\" \/>\n\t<meta property=\"og:image:height\" content=\"1290\" \/>\n<meta name=\"twitter:card\" content=\"summary_large_image\" \/>\n<script type=\"application\/ld+json\" class=\"yoast-schema-graph\">{\"@context\":\"https:\/\/schema.org\",\"@graph\":[{\"@type\":\"WebSite\",\"@id\":\"https:\/\/torebunia.pl\/sklep\/#website\",\"url\":\"https:\/\/torebunia.pl\/sklep\/\",\"name\":\"Moje Blog\",\"description\":\"Kolejna witryna WordPress\",\"potentialAction\":[{\"@type\":\"SearchAction\",\"target\":\"https:\/\/torebunia.pl\/sklep\/?s={search_term_string}\",\"query-input\":\"required name=search_term_string\"}],\"inLanguage\":\"pl-PL\"},{\"@type\":\"ImageObject\",\"@id\":\"https:\/\/torebunia.pl\/sklep\/produkt\/karl-lagerfeld-kolczyki-5\/#primaryimage\",\"inLanguage\":\"pl-PL\",\"url\":\"https:\/\/torebunia.pl\/sklep\/wp-content\/uploads\/2021\/01\/7dc137160ef40be1f4e059262b795fe4d2a70e6f.jpg\",\"width\":855,\"height\":1290,\"caption\":\"Karl Lagerfeld - Kolczyki\"},{\"@type\":\"WebPage\",\"@id\":\"https:\/\/torebunia.pl\/sklep\/produkt\/karl-lagerfeld-kolczyki-5\/#webpage\",\"url\":\"https:\/\/torebunia.pl\/sklep\/produkt\/karl-lagerfeld-kolczyki-5\/\",\"name\":\"Karl Lagerfeld - Kolczyki\",\"isPartOf\":{\"@id\":\"https:\/\/torebunia.pl\/sklep\/#website\"},\"primaryImageOfPage\":{\"@id\":\"https:\/\/torebunia.pl\/sklep\/produkt\/karl-lagerfeld-kolczyki-5\/#primaryimage\"},\"datePublished\":\"2020-08-07T13:54:49+00:00\",\"dateModified\":\"2021-01-25T15:49:52+00:00\",\"inLanguage\":\"pl-PL\",\"potentialAction\":[{\"@type\":\"ReadAction\",\"target\":[\"https:\/\/torebunia.pl\/sklep\/produkt\/karl-lagerfeld-kolczyki-5\/\"]}]}]}<\/script>\n<!-- \/ Yoast SEO plugin. -->","_links":{"self":[{"href":"https:\/\/torebunia.pl\/sklep\/wp-json\/wp\/v2\/product\/5153","targetHints":{"allow":["GET"]}}],"collection":[{"href":"https:\/\/torebunia.pl\/sklep\/wp-json\/wp\/v2\/product"}],"about":[{"href":"https:\/\/torebunia.pl\/sklep\/wp-json\/wp\/v2\/types\/product"}],"replies":[{"embeddable":true,"href":"https:\/\/torebunia.pl\/sklep\/wp-json\/wp\/v2\/comments?post=5153"}],"wp:featuredmedia":[{"embeddable":true,"href":"https:\/\/torebunia.pl\/sklep\/wp-json\/wp\/v2\/media\/5154"}],"wp:attachment":[{"href":"https:\/\/torebunia.pl\/sklep\/wp-json\/wp\/v2\/media?parent=5153"}],"curies":[{"name":"wp","href":"https:\/\/api.w.org\/{rel}","templated":true}]}}