{"id":5137,"date":"2020-03-29T12:19:19","date_gmt":"2020-03-29T12:19:19","guid":{"rendered":"https:\/\/torebunia.pl\/sklep\/produkt\/guess-jeans-kolczyki-5\/"},"modified":"2021-01-25T15:49:22","modified_gmt":"2021-01-25T15:49:22","slug":"guess-jeans-kolczyki-5","status":"publish","type":"product","link":"https:\/\/torebunia.pl\/sklep\/produkt\/guess-jeans-kolczyki-5\/","title":{"rendered":"Guess Jeans &#8211; Kolczyki"},"content":{"rendered":"<p>Parametry produktu:<\/p>\n<ul>\n<li>cena: <strong>179.9 PLN<\/strong><\/li>\n<li>marka: <strong>Guess Jeans<\/strong><\/li>\n<li>p\u0142e\u0107: <strong>Female<\/strong><\/li>\n<li>kategoria: <strong>ONA \/ Akcesoria \/ Bi\u017cuteria \/ Kolczyki<\/strong><\/li>\n<li>kolor: <strong>z\u0142oty<\/strong><\/li>\n<\/ul>\n<p>Opis:<br \/>\nKolczyki z kolekcji Guess Jeans. Model z ozdobn\u0105 zawieszk\u0105 wykonany z metalu. Sk\u0142ad: Stal nierdzewna ID produktu: 4901-AKD0IW Kod producenta: JUBE79.077JW<\/p>\n","protected":false},"excerpt":{"rendered":"<p>Parametry produktu: cena: 179.9 PLN marka: Guess Jeans p\u0142e\u0107: Female kategoria: ONA \/ Akcesoria \/ Bi\u017cuteria \/ Kolczyki kolor: z\u0142oty Opis: Kolczyki z kolekcji Guess Jeans. Model z ozdobn\u0105 zawieszk\u0105<\/p>\n","protected":false},"featured_media":5138,"comment_status":"closed","ping_status":"open","template":"","meta":[],"class_list":{"0":"post-5137","1":"product","2":"type-product","3":"status-publish","5":"hentry","6":"product_cat-akcesoria","7":"product_cat-bizuteria","8":"product_cat-kolczyki","9":"product_cat-ona","10":"product_tag-guess-jeans","11":"product_tag-guess-jeans-kolczyki"},"yoast_head":"<!-- This site is optimized with the Yoast SEO plugin v15.6.2 - https:\/\/yoast.com\/wordpress\/plugins\/seo\/ -->\n<title>Guess Jeans - Kolczyki<\/title>\n<meta name=\"robots\" content=\"index, follow, max-snippet:-1, max-image-preview:large, max-video-preview:-1\" \/>\n<link rel=\"canonical\" href=\"https:\/\/torebunia.pl\/sklep\/produkt\/guess-jeans-kolczyki-5\/\" \/>\n<meta property=\"og:locale\" content=\"pl_PL\" \/>\n<meta property=\"og:type\" content=\"article\" \/>\n<meta property=\"og:title\" content=\"Guess Jeans - Kolczyki\" \/>\n<meta property=\"og:description\" content=\"Parametry produktu: cena: 179.9 PLN marka: Guess Jeans p\u0142e\u0107: Female kategoria: ONA \/ Akcesoria \/ Bi\u017cuteria \/ Kolczyki kolor: z\u0142oty Opis: Kolczyki z kolekcji Guess Jeans. Model z ozdobn\u0105 zawieszk\u0105\" \/>\n<meta property=\"og:url\" content=\"https:\/\/torebunia.pl\/sklep\/produkt\/guess-jeans-kolczyki-5\/\" \/>\n<meta property=\"og:site_name\" content=\"Moje Blog\" \/>\n<meta property=\"article:modified_time\" content=\"2021-01-25T15:49:22+00:00\" \/>\n<meta property=\"og:image\" content=\"https:\/\/torebunia.pl\/sklep\/wp-content\/uploads\/2021\/01\/16a23e2cc7344e4c81b4a56d7f0b93bc987aecdc.jpg\" \/>\n\t<meta property=\"og:image:width\" content=\"855\" \/>\n\t<meta property=\"og:image:height\" content=\"1290\" \/>\n<meta name=\"twitter:card\" content=\"summary_large_image\" \/>\n<script type=\"application\/ld+json\" class=\"yoast-schema-graph\">{\"@context\":\"https:\/\/schema.org\",\"@graph\":[{\"@type\":\"WebSite\",\"@id\":\"https:\/\/torebunia.pl\/sklep\/#website\",\"url\":\"https:\/\/torebunia.pl\/sklep\/\",\"name\":\"Moje Blog\",\"description\":\"Kolejna witryna WordPress\",\"potentialAction\":[{\"@type\":\"SearchAction\",\"target\":\"https:\/\/torebunia.pl\/sklep\/?s={search_term_string}\",\"query-input\":\"required name=search_term_string\"}],\"inLanguage\":\"pl-PL\"},{\"@type\":\"ImageObject\",\"@id\":\"https:\/\/torebunia.pl\/sklep\/produkt\/guess-jeans-kolczyki-5\/#primaryimage\",\"inLanguage\":\"pl-PL\",\"url\":\"https:\/\/torebunia.pl\/sklep\/wp-content\/uploads\/2021\/01\/16a23e2cc7344e4c81b4a56d7f0b93bc987aecdc.jpg\",\"width\":855,\"height\":1290,\"caption\":\"Guess Jeans - Kolczyki\"},{\"@type\":\"WebPage\",\"@id\":\"https:\/\/torebunia.pl\/sklep\/produkt\/guess-jeans-kolczyki-5\/#webpage\",\"url\":\"https:\/\/torebunia.pl\/sklep\/produkt\/guess-jeans-kolczyki-5\/\",\"name\":\"Guess Jeans - Kolczyki\",\"isPartOf\":{\"@id\":\"https:\/\/torebunia.pl\/sklep\/#website\"},\"primaryImageOfPage\":{\"@id\":\"https:\/\/torebunia.pl\/sklep\/produkt\/guess-jeans-kolczyki-5\/#primaryimage\"},\"datePublished\":\"2020-03-29T12:19:19+00:00\",\"dateModified\":\"2021-01-25T15:49:22+00:00\",\"inLanguage\":\"pl-PL\",\"potentialAction\":[{\"@type\":\"ReadAction\",\"target\":[\"https:\/\/torebunia.pl\/sklep\/produkt\/guess-jeans-kolczyki-5\/\"]}]}]}<\/script>\n<!-- \/ Yoast SEO plugin. -->","_links":{"self":[{"href":"https:\/\/torebunia.pl\/sklep\/wp-json\/wp\/v2\/product\/5137","targetHints":{"allow":["GET"]}}],"collection":[{"href":"https:\/\/torebunia.pl\/sklep\/wp-json\/wp\/v2\/product"}],"about":[{"href":"https:\/\/torebunia.pl\/sklep\/wp-json\/wp\/v2\/types\/product"}],"replies":[{"embeddable":true,"href":"https:\/\/torebunia.pl\/sklep\/wp-json\/wp\/v2\/comments?post=5137"}],"wp:featuredmedia":[{"embeddable":true,"href":"https:\/\/torebunia.pl\/sklep\/wp-json\/wp\/v2\/media\/5138"}],"wp:attachment":[{"href":"https:\/\/torebunia.pl\/sklep\/wp-json\/wp\/v2\/media?parent=5137"}],"curies":[{"name":"wp","href":"https:\/\/api.w.org\/{rel}","templated":true}]}}