{"id":4993,"date":"2020-09-07T09:15:00","date_gmt":"2020-09-07T09:15:00","guid":{"rendered":"https:\/\/torebunia.pl\/sklep\/produkt\/guess-portfel-4\/"},"modified":"2021-01-25T15:44:27","modified_gmt":"2021-01-25T15:44:27","slug":"guess-portfel-4","status":"publish","type":"product","link":"https:\/\/torebunia.pl\/sklep\/produkt\/guess-portfel-4\/","title":{"rendered":"Guess &#8211; Portfel"},"content":{"rendered":"<p>Parametry produktu:<\/p>\n<ul>\n<li>cena: <strong>239.9 PLN<\/strong><\/li>\n<li>marka: <strong>Guess<\/strong><\/li>\n<li>p\u0142e\u0107: <strong>Female<\/strong><\/li>\n<li>kategoria: <strong>ONA \/ Akcesoria \/ Portfele<\/strong><\/li>\n<li>kolor: <strong>czerwony<\/strong><\/li>\n<\/ul>\n<p>Opis:<br \/>\nMa\u0142y portfel z kolekcji Guess. Model wykonany ze sk\u00f3ry ekologicznej. &#8211; Przegroda na banknoty. &#8211; Wzorzysty materia\u0142. Wz\u00f3r: wzorzyste Materia\u0142: imitacja sk\u00f3ry licowej Sk\u0142ad: 100 % Poliuretan ID produktu: 4900-AKD0N2 Kod producenta: RW7366.P0301<\/p>\n","protected":false},"excerpt":{"rendered":"<p>Parametry produktu: cena: 239.9 PLN marka: Guess p\u0142e\u0107: Female kategoria: ONA \/ Akcesoria \/ Portfele kolor: czerwony Opis: Ma\u0142y portfel z kolekcji Guess. Model wykonany ze sk\u00f3ry ekologicznej. &#8211; Przegroda<\/p>\n","protected":false},"featured_media":4994,"comment_status":"closed","ping_status":"open","template":"","meta":[],"class_list":{"0":"post-4993","1":"product","2":"type-product","3":"status-publish","5":"hentry","6":"product_cat-akcesoria","7":"product_cat-ona","8":"product_cat-portfele","9":"product_tag-guess","10":"product_tag-guess-portfel"},"yoast_head":"<!-- This site is optimized with the Yoast SEO plugin v15.6.2 - https:\/\/yoast.com\/wordpress\/plugins\/seo\/ -->\n<title>Guess - Portfel<\/title>\n<meta name=\"robots\" content=\"index, follow, max-snippet:-1, max-image-preview:large, max-video-preview:-1\" \/>\n<link rel=\"canonical\" href=\"https:\/\/torebunia.pl\/sklep\/produkt\/guess-portfel-4\/\" \/>\n<meta property=\"og:locale\" content=\"pl_PL\" \/>\n<meta property=\"og:type\" content=\"article\" \/>\n<meta property=\"og:title\" content=\"Guess - Portfel\" \/>\n<meta property=\"og:description\" content=\"Parametry produktu: cena: 239.9 PLN marka: Guess p\u0142e\u0107: Female kategoria: ONA \/ Akcesoria \/ Portfele kolor: czerwony Opis: Ma\u0142y portfel z kolekcji Guess. Model wykonany ze sk\u00f3ry ekologicznej. &#8211; Przegroda\" \/>\n<meta property=\"og:url\" content=\"https:\/\/torebunia.pl\/sklep\/produkt\/guess-portfel-4\/\" \/>\n<meta property=\"og:site_name\" content=\"Moje Blog\" \/>\n<meta property=\"article:modified_time\" content=\"2021-01-25T15:44:27+00:00\" \/>\n<meta property=\"og:image\" content=\"https:\/\/torebunia.pl\/sklep\/wp-content\/uploads\/2021\/01\/4bdf7f89ac77b8e5c11dd2f1772d2de56c863ad7.jpg\" \/>\n\t<meta property=\"og:image:width\" content=\"855\" \/>\n\t<meta property=\"og:image:height\" content=\"1290\" \/>\n<meta name=\"twitter:card\" content=\"summary_large_image\" \/>\n<script type=\"application\/ld+json\" class=\"yoast-schema-graph\">{\"@context\":\"https:\/\/schema.org\",\"@graph\":[{\"@type\":\"WebSite\",\"@id\":\"https:\/\/torebunia.pl\/sklep\/#website\",\"url\":\"https:\/\/torebunia.pl\/sklep\/\",\"name\":\"Moje Blog\",\"description\":\"Kolejna witryna WordPress\",\"potentialAction\":[{\"@type\":\"SearchAction\",\"target\":\"https:\/\/torebunia.pl\/sklep\/?s={search_term_string}\",\"query-input\":\"required name=search_term_string\"}],\"inLanguage\":\"pl-PL\"},{\"@type\":\"ImageObject\",\"@id\":\"https:\/\/torebunia.pl\/sklep\/produkt\/guess-portfel-4\/#primaryimage\",\"inLanguage\":\"pl-PL\",\"url\":\"https:\/\/torebunia.pl\/sklep\/wp-content\/uploads\/2021\/01\/4bdf7f89ac77b8e5c11dd2f1772d2de56c863ad7.jpg\",\"width\":855,\"height\":1290,\"caption\":\"Guess - Portfel\"},{\"@type\":\"WebPage\",\"@id\":\"https:\/\/torebunia.pl\/sklep\/produkt\/guess-portfel-4\/#webpage\",\"url\":\"https:\/\/torebunia.pl\/sklep\/produkt\/guess-portfel-4\/\",\"name\":\"Guess - Portfel\",\"isPartOf\":{\"@id\":\"https:\/\/torebunia.pl\/sklep\/#website\"},\"primaryImageOfPage\":{\"@id\":\"https:\/\/torebunia.pl\/sklep\/produkt\/guess-portfel-4\/#primaryimage\"},\"datePublished\":\"2020-09-07T09:15:00+00:00\",\"dateModified\":\"2021-01-25T15:44:27+00:00\",\"inLanguage\":\"pl-PL\",\"potentialAction\":[{\"@type\":\"ReadAction\",\"target\":[\"https:\/\/torebunia.pl\/sklep\/produkt\/guess-portfel-4\/\"]}]}]}<\/script>\n<!-- \/ Yoast SEO plugin. -->","_links":{"self":[{"href":"https:\/\/torebunia.pl\/sklep\/wp-json\/wp\/v2\/product\/4993","targetHints":{"allow":["GET"]}}],"collection":[{"href":"https:\/\/torebunia.pl\/sklep\/wp-json\/wp\/v2\/product"}],"about":[{"href":"https:\/\/torebunia.pl\/sklep\/wp-json\/wp\/v2\/types\/product"}],"replies":[{"embeddable":true,"href":"https:\/\/torebunia.pl\/sklep\/wp-json\/wp\/v2\/comments?post=4993"}],"wp:featuredmedia":[{"embeddable":true,"href":"https:\/\/torebunia.pl\/sklep\/wp-json\/wp\/v2\/media\/4994"}],"wp:attachment":[{"href":"https:\/\/torebunia.pl\/sklep\/wp-json\/wp\/v2\/media?parent=4993"}],"curies":[{"name":"wp","href":"https:\/\/api.w.org\/{rel}","templated":true}]}}