{"id":4919,"date":"2020-07-04T11:26:17","date_gmt":"2020-07-04T11:26:17","guid":{"rendered":"https:\/\/torebunia.pl\/sklep\/produkt\/patrizia-pepe-chusta\/"},"modified":"2021-01-25T15:42:10","modified_gmt":"2021-01-25T15:42:10","slug":"patrizia-pepe-chusta","status":"publish","type":"product","link":"https:\/\/torebunia.pl\/sklep\/produkt\/patrizia-pepe-chusta\/","title":{"rendered":"Patrizia Pepe &#8211; Chusta"},"content":{"rendered":"<p>Parametry produktu:<\/p>\n<ul>\n<li>cena: <strong>519.9 PLN<\/strong><\/li>\n<li>marka: <strong>Patrizia Pepe<\/strong><\/li>\n<li>p\u0142e\u0107: <strong>Female<\/strong><\/li>\n<li>kategoria: <strong>ONA \/ Akcesoria \/ Szaliki i chusty \/ Chusty<\/strong><\/li>\n<li>kolor: <strong>czarny<\/strong><\/li>\n<\/ul>\n<p>Opis:<br \/>\nDost\u0119pne rozmiary s\u0105 przeliczone z w\u0142oskiej rozmiar\u00f3wki producenta na standardow\u0105 rozmiar\u00f3wk\u0119 europejsk\u0105. Zamawiany rozmiar mo\u017ce r\u00f3\u017cni\u0107 si\u0119 od widocznego na metce (IT 38\/XXS = EU XS). Dla pewno\u015bci prosimy o zapoznanie si\u0119 z tabel\u0105 rozmiarow\u0105. Chusta z kolekcji Patrizia Pepe. Model wykonany z wzorzystej tkaniny. &#8211; Wymiary: 90 x 90 cm. Wz\u00f3r: wzorzyste Materia\u0142: jedwab Sk\u0142ad: 100 % Jedwab ID produktu: 4900-SAD08J Kod producenta: 2V9861.A4X1<\/p>\n","protected":false},"excerpt":{"rendered":"<p>Parametry produktu: cena: 519.9 PLN marka: Patrizia Pepe p\u0142e\u0107: Female kategoria: ONA \/ Akcesoria \/ Szaliki i chusty \/ Chusty kolor: czarny Opis: Dost\u0119pne rozmiary s\u0105 przeliczone z w\u0142oskiej rozmiar\u00f3wki<\/p>\n","protected":false},"featured_media":4920,"comment_status":"closed","ping_status":"open","template":"","meta":[],"class_list":{"0":"post-4919","1":"product","2":"type-product","3":"status-publish","5":"hentry","6":"product_cat-akcesoria","7":"product_cat-chusty","8":"product_cat-ona","9":"product_cat-szaliki-i-chusty","10":"product_tag-patrizia-pepe","11":"product_tag-patrizia-pepe-chusta"},"yoast_head":"<!-- This site is optimized with the Yoast SEO plugin v15.6.2 - https:\/\/yoast.com\/wordpress\/plugins\/seo\/ -->\n<title>Patrizia Pepe - Chusta<\/title>\n<meta name=\"robots\" content=\"index, follow, max-snippet:-1, max-image-preview:large, max-video-preview:-1\" \/>\n<link rel=\"canonical\" href=\"https:\/\/torebunia.pl\/sklep\/produkt\/patrizia-pepe-chusta\/\" \/>\n<meta property=\"og:locale\" content=\"pl_PL\" \/>\n<meta property=\"og:type\" content=\"article\" \/>\n<meta property=\"og:title\" content=\"Patrizia Pepe - Chusta\" \/>\n<meta property=\"og:description\" content=\"Parametry produktu: cena: 519.9 PLN marka: Patrizia Pepe p\u0142e\u0107: Female kategoria: ONA \/ Akcesoria \/ Szaliki i chusty \/ Chusty kolor: czarny Opis: Dost\u0119pne rozmiary s\u0105 przeliczone z w\u0142oskiej rozmiar\u00f3wki\" \/>\n<meta property=\"og:url\" content=\"https:\/\/torebunia.pl\/sklep\/produkt\/patrizia-pepe-chusta\/\" \/>\n<meta property=\"og:site_name\" content=\"Moje Blog\" \/>\n<meta property=\"article:modified_time\" content=\"2021-01-25T15:42:10+00:00\" \/>\n<meta property=\"og:image\" content=\"https:\/\/torebunia.pl\/sklep\/wp-content\/uploads\/2021\/01\/1b5ba24da5f482d7fe904a2de02df1cfe11d63a3.jpg\" \/>\n\t<meta property=\"og:image:width\" content=\"855\" \/>\n\t<meta property=\"og:image:height\" content=\"1290\" \/>\n<meta name=\"twitter:card\" content=\"summary_large_image\" \/>\n<script type=\"application\/ld+json\" class=\"yoast-schema-graph\">{\"@context\":\"https:\/\/schema.org\",\"@graph\":[{\"@type\":\"WebSite\",\"@id\":\"https:\/\/torebunia.pl\/sklep\/#website\",\"url\":\"https:\/\/torebunia.pl\/sklep\/\",\"name\":\"Moje Blog\",\"description\":\"Kolejna witryna WordPress\",\"potentialAction\":[{\"@type\":\"SearchAction\",\"target\":\"https:\/\/torebunia.pl\/sklep\/?s={search_term_string}\",\"query-input\":\"required name=search_term_string\"}],\"inLanguage\":\"pl-PL\"},{\"@type\":\"ImageObject\",\"@id\":\"https:\/\/torebunia.pl\/sklep\/produkt\/patrizia-pepe-chusta\/#primaryimage\",\"inLanguage\":\"pl-PL\",\"url\":\"https:\/\/torebunia.pl\/sklep\/wp-content\/uploads\/2021\/01\/1b5ba24da5f482d7fe904a2de02df1cfe11d63a3.jpg\",\"width\":855,\"height\":1290,\"caption\":\"Patrizia Pepe - Chusta\"},{\"@type\":\"WebPage\",\"@id\":\"https:\/\/torebunia.pl\/sklep\/produkt\/patrizia-pepe-chusta\/#webpage\",\"url\":\"https:\/\/torebunia.pl\/sklep\/produkt\/patrizia-pepe-chusta\/\",\"name\":\"Patrizia Pepe - Chusta\",\"isPartOf\":{\"@id\":\"https:\/\/torebunia.pl\/sklep\/#website\"},\"primaryImageOfPage\":{\"@id\":\"https:\/\/torebunia.pl\/sklep\/produkt\/patrizia-pepe-chusta\/#primaryimage\"},\"datePublished\":\"2020-07-04T11:26:17+00:00\",\"dateModified\":\"2021-01-25T15:42:10+00:00\",\"inLanguage\":\"pl-PL\",\"potentialAction\":[{\"@type\":\"ReadAction\",\"target\":[\"https:\/\/torebunia.pl\/sklep\/produkt\/patrizia-pepe-chusta\/\"]}]}]}<\/script>\n<!-- \/ Yoast SEO plugin. -->","_links":{"self":[{"href":"https:\/\/torebunia.pl\/sklep\/wp-json\/wp\/v2\/product\/4919","targetHints":{"allow":["GET"]}}],"collection":[{"href":"https:\/\/torebunia.pl\/sklep\/wp-json\/wp\/v2\/product"}],"about":[{"href":"https:\/\/torebunia.pl\/sklep\/wp-json\/wp\/v2\/types\/product"}],"replies":[{"embeddable":true,"href":"https:\/\/torebunia.pl\/sklep\/wp-json\/wp\/v2\/comments?post=4919"}],"wp:featuredmedia":[{"embeddable":true,"href":"https:\/\/torebunia.pl\/sklep\/wp-json\/wp\/v2\/media\/4920"}],"wp:attachment":[{"href":"https:\/\/torebunia.pl\/sklep\/wp-json\/wp\/v2\/media?parent=4919"}],"curies":[{"name":"wp","href":"https:\/\/api.w.org\/{rel}","templated":true}]}}