{"id":4767,"date":"2020-08-09T22:13:37","date_gmt":"2020-08-09T22:13:37","guid":{"rendered":"https:\/\/torebunia.pl\/sklep\/produkt\/allsaints-sweter-2\/"},"modified":"2021-01-27T12:23:45","modified_gmt":"2021-01-27T12:23:45","slug":"allsaints-sweter-2","status":"publish","type":"product","link":"https:\/\/torebunia.pl\/sklep\/produkt\/allsaints-sweter-2\/","title":{"rendered":"AllSaints &#8211; Sweter"},"content":{"rendered":"<p>Parametry produktu:<\/p>\n<ul>\n<li>cena: <strong>929.9 PLN<\/strong><\/li>\n<li>marka: <strong>AllSaints<\/strong><\/li>\n<li>p\u0142e\u0107: <strong>Female<\/strong><\/li>\n<li>kategoria: <strong>ONA \/ Odzie\u017c \/ Swetry \/ Przez g\u0142ow\u0119<\/strong><\/li>\n<li>kolor: <strong>szary<\/strong><\/li>\n<\/ul>\n<p>Opis:<br \/>\nSweter z kolekcji AllSaints. Model z p\u00f3\u0142golfem, wykonany z we\u0142nianej dzianiny. &#8211; Model z p\u00f3\u0142golfem. &#8211; D\u0142ugi r\u0119kaw. &#8211; Obni\u017cona linia ramion. &#8211; Wyko\u0144czenie ze \u015bci\u0105gacza. &#8211; Lu\u017any fason. Wz\u00f3r: g\u0142adkie Materia\u0142: we\u0142na Dekolt: p\u00f3\u0142golf Dzianina: \u015bredniej grubo\u015bci Sk\u0142ad: 100 % We\u0142na merynos\u00f3w ID produktu: 4891-SWD033 Kod producenta: WK155T<\/p>\n","protected":false},"excerpt":{"rendered":"<p>Parametry produktu: cena: 929.9 PLN marka: AllSaints p\u0142e\u0107: Female kategoria: ONA \/ Odzie\u017c \/ Swetry \/ Przez g\u0142ow\u0119 kolor: szary Opis: Sweter z kolekcji AllSaints. Model z p\u00f3\u0142golfem, wykonany z<\/p>\n","protected":false},"featured_media":4768,"comment_status":"closed","ping_status":"open","template":"","meta":[],"class_list":{"0":"post-4767","1":"product","2":"type-product","3":"status-publish","5":"hentry","6":"product_cat-odziez","7":"product_cat-ona","8":"product_cat-przez-glowe","9":"product_cat-swetry","10":"product_tag-allsaints","11":"product_tag-allsaints-sweter"},"yoast_head":"<!-- This site is optimized with the Yoast SEO plugin v15.6.2 - https:\/\/yoast.com\/wordpress\/plugins\/seo\/ -->\n<title>AllSaints - Sweter<\/title>\n<meta name=\"robots\" content=\"index, follow, max-snippet:-1, max-image-preview:large, max-video-preview:-1\" \/>\n<link rel=\"canonical\" href=\"https:\/\/torebunia.pl\/sklep\/produkt\/allsaints-sweter-2\/\" \/>\n<meta property=\"og:locale\" content=\"pl_PL\" \/>\n<meta property=\"og:type\" content=\"article\" \/>\n<meta property=\"og:title\" content=\"AllSaints - Sweter\" \/>\n<meta property=\"og:description\" content=\"Parametry produktu: cena: 929.9 PLN marka: AllSaints p\u0142e\u0107: Female kategoria: ONA \/ Odzie\u017c \/ Swetry \/ Przez g\u0142ow\u0119 kolor: szary Opis: Sweter z kolekcji AllSaints. Model z p\u00f3\u0142golfem, wykonany z\" \/>\n<meta property=\"og:url\" content=\"https:\/\/torebunia.pl\/sklep\/produkt\/allsaints-sweter-2\/\" \/>\n<meta property=\"og:site_name\" content=\"Moje Blog\" \/>\n<meta property=\"article:modified_time\" content=\"2021-01-27T12:23:45+00:00\" \/>\n<meta property=\"og:image\" content=\"https:\/\/torebunia.pl\/sklep\/wp-content\/uploads\/2021\/01\/d7f470630ad1f4ebd82c44bd59a97ebbab6cc2f2.jpg\" \/>\n\t<meta property=\"og:image:width\" content=\"855\" \/>\n\t<meta property=\"og:image:height\" content=\"1290\" \/>\n<meta name=\"twitter:card\" content=\"summary_large_image\" \/>\n<script type=\"application\/ld+json\" class=\"yoast-schema-graph\">{\"@context\":\"https:\/\/schema.org\",\"@graph\":[{\"@type\":\"WebSite\",\"@id\":\"https:\/\/torebunia.pl\/sklep\/#website\",\"url\":\"https:\/\/torebunia.pl\/sklep\/\",\"name\":\"Moje Blog\",\"description\":\"Kolejna witryna WordPress\",\"potentialAction\":[{\"@type\":\"SearchAction\",\"target\":\"https:\/\/torebunia.pl\/sklep\/?s={search_term_string}\",\"query-input\":\"required name=search_term_string\"}],\"inLanguage\":\"pl-PL\"},{\"@type\":\"ImageObject\",\"@id\":\"https:\/\/torebunia.pl\/sklep\/produkt\/allsaints-sweter-2\/#primaryimage\",\"inLanguage\":\"pl-PL\",\"url\":\"https:\/\/torebunia.pl\/sklep\/wp-content\/uploads\/2021\/01\/d7f470630ad1f4ebd82c44bd59a97ebbab6cc2f2.jpg\",\"width\":855,\"height\":1290,\"caption\":\"AllSaints - Sweter\"},{\"@type\":\"WebPage\",\"@id\":\"https:\/\/torebunia.pl\/sklep\/produkt\/allsaints-sweter-2\/#webpage\",\"url\":\"https:\/\/torebunia.pl\/sklep\/produkt\/allsaints-sweter-2\/\",\"name\":\"AllSaints - Sweter\",\"isPartOf\":{\"@id\":\"https:\/\/torebunia.pl\/sklep\/#website\"},\"primaryImageOfPage\":{\"@id\":\"https:\/\/torebunia.pl\/sklep\/produkt\/allsaints-sweter-2\/#primaryimage\"},\"datePublished\":\"2020-08-09T22:13:37+00:00\",\"dateModified\":\"2021-01-27T12:23:45+00:00\",\"inLanguage\":\"pl-PL\",\"potentialAction\":[{\"@type\":\"ReadAction\",\"target\":[\"https:\/\/torebunia.pl\/sklep\/produkt\/allsaints-sweter-2\/\"]}]}]}<\/script>\n<!-- \/ Yoast SEO plugin. -->","_links":{"self":[{"href":"https:\/\/torebunia.pl\/sklep\/wp-json\/wp\/v2\/product\/4767","targetHints":{"allow":["GET"]}}],"collection":[{"href":"https:\/\/torebunia.pl\/sklep\/wp-json\/wp\/v2\/product"}],"about":[{"href":"https:\/\/torebunia.pl\/sklep\/wp-json\/wp\/v2\/types\/product"}],"replies":[{"embeddable":true,"href":"https:\/\/torebunia.pl\/sklep\/wp-json\/wp\/v2\/comments?post=4767"}],"wp:featuredmedia":[{"embeddable":true,"href":"https:\/\/torebunia.pl\/sklep\/wp-json\/wp\/v2\/media\/4768"}],"wp:attachment":[{"href":"https:\/\/torebunia.pl\/sklep\/wp-json\/wp\/v2\/media?parent=4767"}],"curies":[{"name":"wp","href":"https:\/\/api.w.org\/{rel}","templated":true}]}}