{"id":4711,"date":"2020-09-21T22:05:20","date_gmt":"2020-09-21T22:05:20","guid":{"rendered":"https:\/\/torebunia.pl\/sklep\/produkt\/answear-lab-kapcie\/"},"modified":"2021-01-27T12:22:52","modified_gmt":"2021-01-27T12:22:52","slug":"answear-lab-kapcie","status":"publish","type":"product","link":"https:\/\/torebunia.pl\/sklep\/produkt\/answear-lab-kapcie\/","title":{"rendered":"Answear Lab &#8211; Kapcie"},"content":{"rendered":"<p>Parametry produktu:<\/p>\n<ul>\n<li>cena: <strong>99.9 PLN<\/strong><\/li>\n<li>marka: <strong>Answear Lab<\/strong><\/li>\n<li>p\u0142e\u0107: <strong>Female<\/strong><\/li>\n<li>kategoria: <strong>ONA \/ Obuwie \/ Kapcie<\/strong><\/li>\n<li>kolor: <strong>kremowy<\/strong><\/li>\n<\/ul>\n<p>Opis:<br \/>\nKapcie z kolekcji Answear Lab. Model wykonany z materia\u0142u tekstylnego. &#8211; Gumowa podeszwa. &#8211; Tekstylne wn\u0119trze. &#8211; D\u0142ugo\u015b\u0107 wk\u0142adki wynosi: 23,5 cm. &#8211; Wymiary podane dla rozmiaru: 37. Sk\u0142ad: Cholewka: Materia\u0142 tekstylny, Wn\u0119trze: Materia\u0142 tekstylny, Podeszwa: Materia\u0142 syntetyczny ID produktu: -110-KLD00A Kod producenta: 1BD.0504.1.DA<\/p>\n","protected":false},"excerpt":{"rendered":"<p>Parametry produktu: cena: 99.9 PLN marka: Answear Lab p\u0142e\u0107: Female kategoria: ONA \/ Obuwie \/ Kapcie kolor: kremowy Opis: Kapcie z kolekcji Answear Lab. Model wykonany z materia\u0142u tekstylnego. &#8211;<\/p>\n","protected":false},"featured_media":4712,"comment_status":"closed","ping_status":"open","template":"","meta":[],"class_list":{"0":"post-4711","1":"product","2":"type-product","3":"status-publish","5":"hentry","6":"product_cat-kapcie","7":"product_cat-obuwie","8":"product_cat-ona","9":"product_tag-answear-lab","10":"product_tag-answear-lab-kapcie"},"yoast_head":"<!-- This site is optimized with the Yoast SEO plugin v15.6.2 - https:\/\/yoast.com\/wordpress\/plugins\/seo\/ -->\n<title>Answear Lab - Kapcie<\/title>\n<meta name=\"robots\" content=\"index, follow, max-snippet:-1, max-image-preview:large, max-video-preview:-1\" \/>\n<link rel=\"canonical\" href=\"https:\/\/torebunia.pl\/sklep\/produkt\/answear-lab-kapcie\/\" \/>\n<meta property=\"og:locale\" content=\"pl_PL\" \/>\n<meta property=\"og:type\" content=\"article\" \/>\n<meta property=\"og:title\" content=\"Answear Lab - Kapcie\" \/>\n<meta property=\"og:description\" content=\"Parametry produktu: cena: 99.9 PLN marka: Answear Lab p\u0142e\u0107: Female kategoria: ONA \/ Obuwie \/ Kapcie kolor: kremowy Opis: Kapcie z kolekcji Answear Lab. Model wykonany z materia\u0142u tekstylnego. &#8211;\" \/>\n<meta property=\"og:url\" content=\"https:\/\/torebunia.pl\/sklep\/produkt\/answear-lab-kapcie\/\" \/>\n<meta property=\"og:site_name\" content=\"Moje Blog\" \/>\n<meta property=\"article:modified_time\" content=\"2021-01-27T12:22:52+00:00\" \/>\n<meta property=\"og:image\" content=\"https:\/\/torebunia.pl\/sklep\/wp-content\/uploads\/2021\/01\/cfd16afc71d13a399e8d803e4a1707bc213c0694.jpg\" \/>\n\t<meta property=\"og:image:width\" content=\"855\" \/>\n\t<meta property=\"og:image:height\" content=\"1290\" \/>\n<meta name=\"twitter:card\" content=\"summary_large_image\" \/>\n<script type=\"application\/ld+json\" class=\"yoast-schema-graph\">{\"@context\":\"https:\/\/schema.org\",\"@graph\":[{\"@type\":\"WebSite\",\"@id\":\"https:\/\/torebunia.pl\/sklep\/#website\",\"url\":\"https:\/\/torebunia.pl\/sklep\/\",\"name\":\"Moje Blog\",\"description\":\"Kolejna witryna WordPress\",\"potentialAction\":[{\"@type\":\"SearchAction\",\"target\":\"https:\/\/torebunia.pl\/sklep\/?s={search_term_string}\",\"query-input\":\"required name=search_term_string\"}],\"inLanguage\":\"pl-PL\"},{\"@type\":\"ImageObject\",\"@id\":\"https:\/\/torebunia.pl\/sklep\/produkt\/answear-lab-kapcie\/#primaryimage\",\"inLanguage\":\"pl-PL\",\"url\":\"https:\/\/torebunia.pl\/sklep\/wp-content\/uploads\/2021\/01\/cfd16afc71d13a399e8d803e4a1707bc213c0694.jpg\",\"width\":855,\"height\":1290,\"caption\":\"Answear Lab - Kapcie\"},{\"@type\":\"WebPage\",\"@id\":\"https:\/\/torebunia.pl\/sklep\/produkt\/answear-lab-kapcie\/#webpage\",\"url\":\"https:\/\/torebunia.pl\/sklep\/produkt\/answear-lab-kapcie\/\",\"name\":\"Answear Lab - Kapcie\",\"isPartOf\":{\"@id\":\"https:\/\/torebunia.pl\/sklep\/#website\"},\"primaryImageOfPage\":{\"@id\":\"https:\/\/torebunia.pl\/sklep\/produkt\/answear-lab-kapcie\/#primaryimage\"},\"datePublished\":\"2020-09-21T22:05:20+00:00\",\"dateModified\":\"2021-01-27T12:22:52+00:00\",\"inLanguage\":\"pl-PL\",\"potentialAction\":[{\"@type\":\"ReadAction\",\"target\":[\"https:\/\/torebunia.pl\/sklep\/produkt\/answear-lab-kapcie\/\"]}]}]}<\/script>\n<!-- \/ Yoast SEO plugin. -->","_links":{"self":[{"href":"https:\/\/torebunia.pl\/sklep\/wp-json\/wp\/v2\/product\/4711","targetHints":{"allow":["GET"]}}],"collection":[{"href":"https:\/\/torebunia.pl\/sklep\/wp-json\/wp\/v2\/product"}],"about":[{"href":"https:\/\/torebunia.pl\/sklep\/wp-json\/wp\/v2\/types\/product"}],"replies":[{"embeddable":true,"href":"https:\/\/torebunia.pl\/sklep\/wp-json\/wp\/v2\/comments?post=4711"}],"wp:featuredmedia":[{"embeddable":true,"href":"https:\/\/torebunia.pl\/sklep\/wp-json\/wp\/v2\/media\/4712"}],"wp:attachment":[{"href":"https:\/\/torebunia.pl\/sklep\/wp-json\/wp\/v2\/media?parent=4711"}],"curies":[{"name":"wp","href":"https:\/\/api.w.org\/{rel}","templated":true}]}}