{"id":4669,"date":"2021-01-18T05:12:57","date_gmt":"2021-01-18T05:12:57","guid":{"rendered":"https:\/\/torebunia.pl\/sklep\/produkt\/vero-moda-jeansy\/"},"modified":"2021-01-27T12:21:13","modified_gmt":"2021-01-27T12:21:13","slug":"vero-moda-jeansy","status":"publish","type":"product","link":"https:\/\/torebunia.pl\/sklep\/produkt\/vero-moda-jeansy\/","title":{"rendered":"Vero Moda &#8211; Jeansy"},"content":{"rendered":"<p>Parametry produktu:<\/p>\n<ul>\n<li>cena: <strong>169.9 PLN<\/strong><\/li>\n<li>marka: <strong>Vero Moda<\/strong><\/li>\n<li>p\u0142e\u0107: <strong>Female<\/strong><\/li>\n<li>kategoria: <strong>ONA \/ Odzie\u017c \/ Jeansy<\/strong><\/li>\n<li>kolor: <strong>czarny<\/strong><\/li>\n<\/ul>\n<p>Opis:<br \/>\nJeansy z kolekcji Vero Moda. Model wykonany ze spranego denimu. &#8211; Zapi\u0119cie na guzik i suwak. &#8211; Wsuwane kieszenie. &#8211; Dopasowana nogawka. &#8211; Regularna talia. &#8211; Elastyczny materia\u0142. &#8211; Szeroko\u015b\u0107 w pasie: 36 cm. &#8211; Szeroko\u015b\u0107 w biodrach: 42 cm. &#8211; Wysoko\u015b\u0107 stanu: 27 cm. &#8211; Szeroko\u015b\u0107 nogawki na dole: 12 cm. &#8211; Szeroko\u015b\u0107 nogawki: 24 cm. &#8211; D\u0142ugo\u015b\u0107 nogawki: 98 cm. &#8211; Wymiary podane dla rozmiaru: S\/32. Sk\u0142ad: 42 % Bawe\u0142na, 51 % Bawe\u0142na organiczna, 2 % Elastan, 5 % Poliester ID produktu: 100-SJD03I Kod producenta: 10233039<\/p>\n","protected":false},"excerpt":{"rendered":"<p>Parametry produktu: cena: 169.9 PLN marka: Vero Moda p\u0142e\u0107: Female kategoria: ONA \/ Odzie\u017c \/ Jeansy kolor: czarny Opis: Jeansy z kolekcji Vero Moda. Model wykonany ze spranego denimu. &#8211;<\/p>\n","protected":false},"featured_media":4670,"comment_status":"closed","ping_status":"open","template":"","meta":[],"class_list":{"0":"post-4669","1":"product","2":"type-product","3":"status-publish","5":"hentry","6":"product_cat-jeansy","7":"product_cat-odziez","8":"product_cat-ona","9":"product_tag-vero-moda","10":"product_tag-vero-moda-jeansy"},"yoast_head":"<!-- This site is optimized with the Yoast SEO plugin v15.6.2 - https:\/\/yoast.com\/wordpress\/plugins\/seo\/ -->\n<title>Vero Moda - Jeansy<\/title>\n<meta name=\"robots\" content=\"index, follow, max-snippet:-1, max-image-preview:large, max-video-preview:-1\" \/>\n<link rel=\"canonical\" href=\"https:\/\/torebunia.pl\/sklep\/produkt\/vero-moda-jeansy\/\" \/>\n<meta property=\"og:locale\" content=\"pl_PL\" \/>\n<meta property=\"og:type\" content=\"article\" \/>\n<meta property=\"og:title\" content=\"Vero Moda - Jeansy\" \/>\n<meta property=\"og:description\" content=\"Parametry produktu: cena: 169.9 PLN marka: Vero Moda p\u0142e\u0107: Female kategoria: ONA \/ Odzie\u017c \/ Jeansy kolor: czarny Opis: Jeansy z kolekcji Vero Moda. Model wykonany ze spranego denimu. &#8211;\" \/>\n<meta property=\"og:url\" content=\"https:\/\/torebunia.pl\/sklep\/produkt\/vero-moda-jeansy\/\" \/>\n<meta property=\"og:site_name\" content=\"Moje Blog\" \/>\n<meta property=\"article:modified_time\" content=\"2021-01-27T12:21:13+00:00\" \/>\n<meta property=\"og:image\" content=\"https:\/\/torebunia.pl\/sklep\/wp-content\/uploads\/2021\/01\/0d30684284cf6638e4c9a0af297c0a8e0325fda7.jpg\" \/>\n\t<meta property=\"og:image:width\" content=\"855\" \/>\n\t<meta property=\"og:image:height\" content=\"1290\" \/>\n<meta name=\"twitter:card\" content=\"summary_large_image\" \/>\n<script type=\"application\/ld+json\" class=\"yoast-schema-graph\">{\"@context\":\"https:\/\/schema.org\",\"@graph\":[{\"@type\":\"WebSite\",\"@id\":\"https:\/\/torebunia.pl\/sklep\/#website\",\"url\":\"https:\/\/torebunia.pl\/sklep\/\",\"name\":\"Moje Blog\",\"description\":\"Kolejna witryna WordPress\",\"potentialAction\":[{\"@type\":\"SearchAction\",\"target\":\"https:\/\/torebunia.pl\/sklep\/?s={search_term_string}\",\"query-input\":\"required name=search_term_string\"}],\"inLanguage\":\"pl-PL\"},{\"@type\":\"ImageObject\",\"@id\":\"https:\/\/torebunia.pl\/sklep\/produkt\/vero-moda-jeansy\/#primaryimage\",\"inLanguage\":\"pl-PL\",\"url\":\"https:\/\/torebunia.pl\/sklep\/wp-content\/uploads\/2021\/01\/0d30684284cf6638e4c9a0af297c0a8e0325fda7.jpg\",\"width\":855,\"height\":1290,\"caption\":\"Vero Moda - Jeansy\"},{\"@type\":\"WebPage\",\"@id\":\"https:\/\/torebunia.pl\/sklep\/produkt\/vero-moda-jeansy\/#webpage\",\"url\":\"https:\/\/torebunia.pl\/sklep\/produkt\/vero-moda-jeansy\/\",\"name\":\"Vero Moda - Jeansy\",\"isPartOf\":{\"@id\":\"https:\/\/torebunia.pl\/sklep\/#website\"},\"primaryImageOfPage\":{\"@id\":\"https:\/\/torebunia.pl\/sklep\/produkt\/vero-moda-jeansy\/#primaryimage\"},\"datePublished\":\"2021-01-18T05:12:57+00:00\",\"dateModified\":\"2021-01-27T12:21:13+00:00\",\"inLanguage\":\"pl-PL\",\"potentialAction\":[{\"@type\":\"ReadAction\",\"target\":[\"https:\/\/torebunia.pl\/sklep\/produkt\/vero-moda-jeansy\/\"]}]}]}<\/script>\n<!-- \/ Yoast SEO plugin. -->","_links":{"self":[{"href":"https:\/\/torebunia.pl\/sklep\/wp-json\/wp\/v2\/product\/4669","targetHints":{"allow":["GET"]}}],"collection":[{"href":"https:\/\/torebunia.pl\/sklep\/wp-json\/wp\/v2\/product"}],"about":[{"href":"https:\/\/torebunia.pl\/sklep\/wp-json\/wp\/v2\/types\/product"}],"replies":[{"embeddable":true,"href":"https:\/\/torebunia.pl\/sklep\/wp-json\/wp\/v2\/comments?post=4669"}],"wp:featuredmedia":[{"embeddable":true,"href":"https:\/\/torebunia.pl\/sklep\/wp-json\/wp\/v2\/media\/4670"}],"wp:attachment":[{"href":"https:\/\/torebunia.pl\/sklep\/wp-json\/wp\/v2\/media?parent=4669"}],"curies":[{"name":"wp","href":"https:\/\/api.w.org\/{rel}","templated":true}]}}