{"id":4651,"date":"2021-01-18T17:48:47","date_gmt":"2021-01-18T17:48:47","guid":{"rendered":"https:\/\/torebunia.pl\/sklep\/produkt\/fila-dres\/"},"modified":"2021-01-27T12:18:58","modified_gmt":"2021-01-27T12:18:58","slug":"fila-dres","status":"publish","type":"product","link":"https:\/\/torebunia.pl\/sklep\/produkt\/fila-dres\/","title":{"rendered":"Fila &#8211; Dres"},"content":{"rendered":"<p>Parametry produktu:<\/p>\n<ul>\n<li>cena: <strong>299.9 PLN<\/strong><\/li>\n<li>marka: <strong>Fila<\/strong><\/li>\n<li>p\u0142e\u0107: <strong>Female<\/strong><\/li>\n<li>kategoria: <strong>ONA \/ Odzie\u017c \/ Komplety<\/strong><\/li>\n<li>kolor: <strong>granatowy<\/strong><\/li>\n<\/ul>\n<p>Opis:<br \/>\nKomplet dresowy z kolekcji Fila. Model wykonany z dzianiny. &#8211; R\u0119kawy wyko\u0144czone \u015bci\u0105gaczem. &#8211; D\u0142ugi r\u0119kaw. &#8211; Wsuwane kieszenie. &#8211; W talii elastyczny, szeroki panel. &#8211; Cienka, elastyczna dzianina. &#8211; Dopasowana nogawka. Wz\u00f3r: aplikacja Materia\u0142: dzianina ID produktu: 4901-DKD00O Kod producenta: FPS4013<\/p>\n","protected":false},"excerpt":{"rendered":"<p>Parametry produktu: cena: 299.9 PLN marka: Fila p\u0142e\u0107: Female kategoria: ONA \/ Odzie\u017c \/ Komplety kolor: granatowy Opis: Komplet dresowy z kolekcji Fila. Model wykonany z dzianiny. &#8211; R\u0119kawy wyko\u0144czone<\/p>\n","protected":false},"featured_media":4652,"comment_status":"closed","ping_status":"open","template":"","meta":[],"class_list":{"0":"post-4651","1":"product","2":"type-product","3":"status-publish","5":"hentry","6":"product_cat-komplety","7":"product_cat-odziez","8":"product_cat-ona","9":"product_tag-fila","10":"product_tag-fila-dres"},"yoast_head":"<!-- This site is optimized with the Yoast SEO plugin v15.6.2 - https:\/\/yoast.com\/wordpress\/plugins\/seo\/ -->\n<title>Fila - Dres<\/title>\n<meta name=\"robots\" content=\"index, follow, max-snippet:-1, max-image-preview:large, max-video-preview:-1\" \/>\n<link rel=\"canonical\" href=\"https:\/\/torebunia.pl\/sklep\/produkt\/fila-dres\/\" \/>\n<meta property=\"og:locale\" content=\"pl_PL\" \/>\n<meta property=\"og:type\" content=\"article\" \/>\n<meta property=\"og:title\" content=\"Fila - Dres\" \/>\n<meta property=\"og:description\" content=\"Parametry produktu: cena: 299.9 PLN marka: Fila p\u0142e\u0107: Female kategoria: ONA \/ Odzie\u017c \/ Komplety kolor: granatowy Opis: Komplet dresowy z kolekcji Fila. Model wykonany z dzianiny. &#8211; R\u0119kawy wyko\u0144czone\" \/>\n<meta property=\"og:url\" content=\"https:\/\/torebunia.pl\/sklep\/produkt\/fila-dres\/\" \/>\n<meta property=\"og:site_name\" content=\"Moje Blog\" \/>\n<meta property=\"article:modified_time\" content=\"2021-01-27T12:18:58+00:00\" \/>\n<meta property=\"og:image\" content=\"https:\/\/torebunia.pl\/sklep\/wp-content\/uploads\/2021\/01\/9747871cb3243886afa2e2084de4f57ee4ca8ccb.jpg\" \/>\n\t<meta property=\"og:image:width\" content=\"855\" \/>\n\t<meta property=\"og:image:height\" content=\"1290\" \/>\n<meta name=\"twitter:card\" content=\"summary_large_image\" \/>\n<script type=\"application\/ld+json\" class=\"yoast-schema-graph\">{\"@context\":\"https:\/\/schema.org\",\"@graph\":[{\"@type\":\"WebSite\",\"@id\":\"https:\/\/torebunia.pl\/sklep\/#website\",\"url\":\"https:\/\/torebunia.pl\/sklep\/\",\"name\":\"Moje Blog\",\"description\":\"Kolejna witryna WordPress\",\"potentialAction\":[{\"@type\":\"SearchAction\",\"target\":\"https:\/\/torebunia.pl\/sklep\/?s={search_term_string}\",\"query-input\":\"required name=search_term_string\"}],\"inLanguage\":\"pl-PL\"},{\"@type\":\"ImageObject\",\"@id\":\"https:\/\/torebunia.pl\/sklep\/produkt\/fila-dres\/#primaryimage\",\"inLanguage\":\"pl-PL\",\"url\":\"https:\/\/torebunia.pl\/sklep\/wp-content\/uploads\/2021\/01\/9747871cb3243886afa2e2084de4f57ee4ca8ccb.jpg\",\"width\":855,\"height\":1290,\"caption\":\"Fila - Dres\"},{\"@type\":\"WebPage\",\"@id\":\"https:\/\/torebunia.pl\/sklep\/produkt\/fila-dres\/#webpage\",\"url\":\"https:\/\/torebunia.pl\/sklep\/produkt\/fila-dres\/\",\"name\":\"Fila - Dres\",\"isPartOf\":{\"@id\":\"https:\/\/torebunia.pl\/sklep\/#website\"},\"primaryImageOfPage\":{\"@id\":\"https:\/\/torebunia.pl\/sklep\/produkt\/fila-dres\/#primaryimage\"},\"datePublished\":\"2021-01-18T17:48:47+00:00\",\"dateModified\":\"2021-01-27T12:18:58+00:00\",\"inLanguage\":\"pl-PL\",\"potentialAction\":[{\"@type\":\"ReadAction\",\"target\":[\"https:\/\/torebunia.pl\/sklep\/produkt\/fila-dres\/\"]}]}]}<\/script>\n<!-- \/ Yoast SEO plugin. -->","_links":{"self":[{"href":"https:\/\/torebunia.pl\/sklep\/wp-json\/wp\/v2\/product\/4651","targetHints":{"allow":["GET"]}}],"collection":[{"href":"https:\/\/torebunia.pl\/sklep\/wp-json\/wp\/v2\/product"}],"about":[{"href":"https:\/\/torebunia.pl\/sklep\/wp-json\/wp\/v2\/types\/product"}],"replies":[{"embeddable":true,"href":"https:\/\/torebunia.pl\/sklep\/wp-json\/wp\/v2\/comments?post=4651"}],"wp:featuredmedia":[{"embeddable":true,"href":"https:\/\/torebunia.pl\/sklep\/wp-json\/wp\/v2\/media\/4652"}],"wp:attachment":[{"href":"https:\/\/torebunia.pl\/sklep\/wp-json\/wp\/v2\/media?parent=4651"}],"curies":[{"name":"wp","href":"https:\/\/api.w.org\/{rel}","templated":true}]}}