{"id":4645,"date":"2020-09-06T23:58:06","date_gmt":"2020-09-06T23:58:06","guid":{"rendered":"https:\/\/torebunia.pl\/sklep\/produkt\/etam-biustonosz-kapielowy-lola\/"},"modified":"2021-01-27T12:18:47","modified_gmt":"2021-01-27T12:18:47","slug":"etam-biustonosz-kapielowy-lola","status":"publish","type":"product","link":"https:\/\/torebunia.pl\/sklep\/produkt\/etam-biustonosz-kapielowy-lola\/","title":{"rendered":"Etam &#8211; Biustonosz k\u0105pielowy Lola"},"content":{"rendered":"<p>Parametry produktu:<\/p>\n<ul>\n<li>cena: <strong>129.9 PLN<\/strong><\/li>\n<li>marka: <strong>Etam<\/strong><\/li>\n<li>p\u0142e\u0107: <strong>Female<\/strong><\/li>\n<li>kategoria: <strong>ONA \/ Odzie\u017c \/ Stroje k\u0105pielowe \/ Dwucz\u0119\u015bciowe<\/strong><\/li>\n<li>kolor: <strong>mi\u0119towy<\/strong><\/li>\n<\/ul>\n<p>Opis:<br \/>\nBiustonosz k\u0105pielowy z kolekcji Etam. Model wykonany z g\u0142adkiego materia\u0142u. &#8211; Model z wi\u0105zaniem. &#8211; Usztywniona miseczka. &#8211; Pomi\u0119dzy miseczkami ozdobny detal. Wz\u00f3r: g\u0142adkie Rodzaj: g\u00f3ra Miseczka: usztywniana Miseczka: bez fiszbin\u00f3w Sk\u0142ad: Podszewka: 8 % Elastan, 92 % Poliamid, Materia\u0142 zasadniczy: 27 % Elastan, 73 % Poliamid ID produktu: 4901-BID14E Kod producenta: 651688846<\/p>\n","protected":false},"excerpt":{"rendered":"<p>Parametry produktu: cena: 129.9 PLN marka: Etam p\u0142e\u0107: Female kategoria: ONA \/ Odzie\u017c \/ Stroje k\u0105pielowe \/ Dwucz\u0119\u015bciowe kolor: mi\u0119towy Opis: Biustonosz k\u0105pielowy z kolekcji Etam. Model wykonany z g\u0142adkiego<\/p>\n","protected":false},"featured_media":4646,"comment_status":"closed","ping_status":"open","template":"","meta":[],"class_list":{"0":"post-4645","1":"product","2":"type-product","3":"status-publish","5":"hentry","6":"product_cat-dwuczesciowe","7":"product_cat-odziez","8":"product_cat-ona","9":"product_cat-stroje-kapielowe","10":"product_tag-etam","11":"product_tag-etam-biustonosz-kapielowy-lola"},"yoast_head":"<!-- This site is optimized with the Yoast SEO plugin v15.6.2 - https:\/\/yoast.com\/wordpress\/plugins\/seo\/ -->\n<title>Etam - Biustonosz k\u0105pielowy Lola<\/title>\n<meta name=\"robots\" content=\"index, follow, max-snippet:-1, max-image-preview:large, max-video-preview:-1\" \/>\n<link rel=\"canonical\" href=\"https:\/\/torebunia.pl\/sklep\/produkt\/etam-biustonosz-kapielowy-lola\/\" \/>\n<meta property=\"og:locale\" content=\"pl_PL\" \/>\n<meta property=\"og:type\" content=\"article\" \/>\n<meta property=\"og:title\" content=\"Etam - Biustonosz k\u0105pielowy Lola\" \/>\n<meta property=\"og:description\" content=\"Parametry produktu: cena: 129.9 PLN marka: Etam p\u0142e\u0107: Female kategoria: ONA \/ Odzie\u017c \/ Stroje k\u0105pielowe \/ Dwucz\u0119\u015bciowe kolor: mi\u0119towy Opis: Biustonosz k\u0105pielowy z kolekcji Etam. Model wykonany z g\u0142adkiego\" \/>\n<meta property=\"og:url\" content=\"https:\/\/torebunia.pl\/sklep\/produkt\/etam-biustonosz-kapielowy-lola\/\" \/>\n<meta property=\"og:site_name\" content=\"Moje Blog\" \/>\n<meta property=\"article:modified_time\" content=\"2021-01-27T12:18:47+00:00\" \/>\n<meta property=\"og:image\" content=\"https:\/\/torebunia.pl\/sklep\/wp-content\/uploads\/2021\/01\/5c7549488dfd23e8ac63e2b1356f96c8e2f7133d.jpg\" \/>\n\t<meta property=\"og:image:width\" content=\"855\" \/>\n\t<meta property=\"og:image:height\" content=\"1290\" \/>\n<meta name=\"twitter:card\" content=\"summary_large_image\" \/>\n<script type=\"application\/ld+json\" class=\"yoast-schema-graph\">{\"@context\":\"https:\/\/schema.org\",\"@graph\":[{\"@type\":\"WebSite\",\"@id\":\"https:\/\/torebunia.pl\/sklep\/#website\",\"url\":\"https:\/\/torebunia.pl\/sklep\/\",\"name\":\"Moje Blog\",\"description\":\"Kolejna witryna WordPress\",\"potentialAction\":[{\"@type\":\"SearchAction\",\"target\":\"https:\/\/torebunia.pl\/sklep\/?s={search_term_string}\",\"query-input\":\"required name=search_term_string\"}],\"inLanguage\":\"pl-PL\"},{\"@type\":\"ImageObject\",\"@id\":\"https:\/\/torebunia.pl\/sklep\/produkt\/etam-biustonosz-kapielowy-lola\/#primaryimage\",\"inLanguage\":\"pl-PL\",\"url\":\"https:\/\/torebunia.pl\/sklep\/wp-content\/uploads\/2021\/01\/5c7549488dfd23e8ac63e2b1356f96c8e2f7133d.jpg\",\"width\":855,\"height\":1290,\"caption\":\"Etam - Biustonosz k\\u0105pielowy Lola\"},{\"@type\":\"WebPage\",\"@id\":\"https:\/\/torebunia.pl\/sklep\/produkt\/etam-biustonosz-kapielowy-lola\/#webpage\",\"url\":\"https:\/\/torebunia.pl\/sklep\/produkt\/etam-biustonosz-kapielowy-lola\/\",\"name\":\"Etam - Biustonosz k\\u0105pielowy Lola\",\"isPartOf\":{\"@id\":\"https:\/\/torebunia.pl\/sklep\/#website\"},\"primaryImageOfPage\":{\"@id\":\"https:\/\/torebunia.pl\/sklep\/produkt\/etam-biustonosz-kapielowy-lola\/#primaryimage\"},\"datePublished\":\"2020-09-06T23:58:06+00:00\",\"dateModified\":\"2021-01-27T12:18:47+00:00\",\"inLanguage\":\"pl-PL\",\"potentialAction\":[{\"@type\":\"ReadAction\",\"target\":[\"https:\/\/torebunia.pl\/sklep\/produkt\/etam-biustonosz-kapielowy-lola\/\"]}]}]}<\/script>\n<!-- \/ Yoast SEO plugin. -->","_links":{"self":[{"href":"https:\/\/torebunia.pl\/sklep\/wp-json\/wp\/v2\/product\/4645","targetHints":{"allow":["GET"]}}],"collection":[{"href":"https:\/\/torebunia.pl\/sklep\/wp-json\/wp\/v2\/product"}],"about":[{"href":"https:\/\/torebunia.pl\/sklep\/wp-json\/wp\/v2\/types\/product"}],"replies":[{"embeddable":true,"href":"https:\/\/torebunia.pl\/sklep\/wp-json\/wp\/v2\/comments?post=4645"}],"wp:featuredmedia":[{"embeddable":true,"href":"https:\/\/torebunia.pl\/sklep\/wp-json\/wp\/v2\/media\/4646"}],"wp:attachment":[{"href":"https:\/\/torebunia.pl\/sklep\/wp-json\/wp\/v2\/media?parent=4645"}],"curies":[{"name":"wp","href":"https:\/\/api.w.org\/{rel}","templated":true}]}}