{"id":4639,"date":"2020-12-23T13:44:15","date_gmt":"2020-12-23T13:44:15","guid":{"rendered":"https:\/\/torebunia.pl\/sklep\/produkt\/answear-t-shirt-answear-lab-3\/"},"modified":"2021-01-27T12:18:27","modified_gmt":"2021-01-27T12:18:27","slug":"answear-t-shirt-answear-lab-3","status":"publish","type":"product","link":"https:\/\/torebunia.pl\/sklep\/produkt\/answear-t-shirt-answear-lab-3\/","title":{"rendered":"Answear &#8211; T-shirt Answear Lab"},"content":{"rendered":"<p>Parametry produktu:<\/p>\n<ul>\n<li>cena: <strong>49.9 PLN<\/strong><\/li>\n<li>marka: <strong>ANSWEAR<\/strong><\/li>\n<li>p\u0142e\u0107: <strong>Female<\/strong><\/li>\n<li>kategoria: <strong>ONA \/ Odzie\u017c \/ Topy i t-shirty \/ Z kr\u00f3tkim r\u0119kawem<\/strong><\/li>\n<li>kolor: <strong>bia\u0142y<\/strong><\/li>\n<\/ul>\n<p>Opis:<br \/>\nLekki T-shirt z kolekcji Answear. Model wykonany z cienkiej, elastycznej dzianiny. &#8211; Lu\u017any model. &#8211; Okr\u0105g\u0142y dekolt. &#8211; Model z nadrukiem. &#8211; D\u0142ugo\u015b\u0107: 71 cm. &#8211; Szeroko\u015b\u0107 pod pachami: 56 cm. &#8211; Wymiary podane dla rozmiaru: S. Wz\u00f3r: nadruk Dekolt: okr\u0105g\u0142y Materia\u0142: bawe\u0142na Okazje: casual Sk\u0142ad: 100 % Bawe\u0142na ID produktu: -100-TSD0CZ Kod producenta: WZ20.TSD0CZ<\/p>\n","protected":false},"excerpt":{"rendered":"<p>Parametry produktu: cena: 49.9 PLN marka: ANSWEAR p\u0142e\u0107: Female kategoria: ONA \/ Odzie\u017c \/ Topy i t-shirty \/ Z kr\u00f3tkim r\u0119kawem kolor: bia\u0142y Opis: Lekki T-shirt z kolekcji Answear. Model<\/p>\n","protected":false},"featured_media":4640,"comment_status":"closed","ping_status":"open","template":"","meta":[],"class_list":{"0":"post-4639","1":"product","2":"type-product","3":"status-publish","5":"hentry","6":"product_cat-odziez","7":"product_cat-ona","8":"product_cat-topy-i-t-shirty","9":"product_cat-z-krotkim-rekawem","10":"product_tag-answear","11":"product_tag-answear-t-shirt-answear-lab"},"yoast_head":"<!-- This site is optimized with the Yoast SEO plugin v15.6.2 - https:\/\/yoast.com\/wordpress\/plugins\/seo\/ -->\n<title>Answear - T-shirt Answear Lab<\/title>\n<meta name=\"robots\" content=\"index, follow, max-snippet:-1, max-image-preview:large, max-video-preview:-1\" \/>\n<link rel=\"canonical\" href=\"https:\/\/torebunia.pl\/sklep\/produkt\/answear-t-shirt-answear-lab-3\/\" \/>\n<meta property=\"og:locale\" content=\"pl_PL\" \/>\n<meta property=\"og:type\" content=\"article\" \/>\n<meta property=\"og:title\" content=\"Answear - T-shirt Answear Lab\" \/>\n<meta property=\"og:description\" content=\"Parametry produktu: cena: 49.9 PLN marka: ANSWEAR p\u0142e\u0107: Female kategoria: ONA \/ Odzie\u017c \/ Topy i t-shirty \/ Z kr\u00f3tkim r\u0119kawem kolor: bia\u0142y Opis: Lekki T-shirt z kolekcji Answear. Model\" \/>\n<meta property=\"og:url\" content=\"https:\/\/torebunia.pl\/sklep\/produkt\/answear-t-shirt-answear-lab-3\/\" \/>\n<meta property=\"og:site_name\" content=\"Moje Blog\" \/>\n<meta property=\"article:modified_time\" content=\"2021-01-27T12:18:27+00:00\" \/>\n<meta property=\"og:image\" content=\"https:\/\/torebunia.pl\/sklep\/wp-content\/uploads\/2021\/01\/942663d8d09c965a68aa3c74faa50c9eb351dea9.jpg\" \/>\n\t<meta property=\"og:image:width\" content=\"855\" \/>\n\t<meta property=\"og:image:height\" content=\"1290\" \/>\n<meta name=\"twitter:card\" content=\"summary_large_image\" \/>\n<script type=\"application\/ld+json\" class=\"yoast-schema-graph\">{\"@context\":\"https:\/\/schema.org\",\"@graph\":[{\"@type\":\"WebSite\",\"@id\":\"https:\/\/torebunia.pl\/sklep\/#website\",\"url\":\"https:\/\/torebunia.pl\/sklep\/\",\"name\":\"Moje Blog\",\"description\":\"Kolejna witryna WordPress\",\"potentialAction\":[{\"@type\":\"SearchAction\",\"target\":\"https:\/\/torebunia.pl\/sklep\/?s={search_term_string}\",\"query-input\":\"required name=search_term_string\"}],\"inLanguage\":\"pl-PL\"},{\"@type\":\"ImageObject\",\"@id\":\"https:\/\/torebunia.pl\/sklep\/produkt\/answear-t-shirt-answear-lab-3\/#primaryimage\",\"inLanguage\":\"pl-PL\",\"url\":\"https:\/\/torebunia.pl\/sklep\/wp-content\/uploads\/2021\/01\/942663d8d09c965a68aa3c74faa50c9eb351dea9.jpg\",\"width\":855,\"height\":1290,\"caption\":\"Answear - T-shirt Answear Lab\"},{\"@type\":\"WebPage\",\"@id\":\"https:\/\/torebunia.pl\/sklep\/produkt\/answear-t-shirt-answear-lab-3\/#webpage\",\"url\":\"https:\/\/torebunia.pl\/sklep\/produkt\/answear-t-shirt-answear-lab-3\/\",\"name\":\"Answear - T-shirt Answear Lab\",\"isPartOf\":{\"@id\":\"https:\/\/torebunia.pl\/sklep\/#website\"},\"primaryImageOfPage\":{\"@id\":\"https:\/\/torebunia.pl\/sklep\/produkt\/answear-t-shirt-answear-lab-3\/#primaryimage\"},\"datePublished\":\"2020-12-23T13:44:15+00:00\",\"dateModified\":\"2021-01-27T12:18:27+00:00\",\"inLanguage\":\"pl-PL\",\"potentialAction\":[{\"@type\":\"ReadAction\",\"target\":[\"https:\/\/torebunia.pl\/sklep\/produkt\/answear-t-shirt-answear-lab-3\/\"]}]}]}<\/script>\n<!-- \/ Yoast SEO plugin. -->","_links":{"self":[{"href":"https:\/\/torebunia.pl\/sklep\/wp-json\/wp\/v2\/product\/4639","targetHints":{"allow":["GET"]}}],"collection":[{"href":"https:\/\/torebunia.pl\/sklep\/wp-json\/wp\/v2\/product"}],"about":[{"href":"https:\/\/torebunia.pl\/sklep\/wp-json\/wp\/v2\/types\/product"}],"replies":[{"embeddable":true,"href":"https:\/\/torebunia.pl\/sklep\/wp-json\/wp\/v2\/comments?post=4639"}],"wp:featuredmedia":[{"embeddable":true,"href":"https:\/\/torebunia.pl\/sklep\/wp-json\/wp\/v2\/media\/4640"}],"wp:attachment":[{"href":"https:\/\/torebunia.pl\/sklep\/wp-json\/wp\/v2\/media?parent=4639"}],"curies":[{"name":"wp","href":"https:\/\/api.w.org\/{rel}","templated":true}]}}