{"id":4589,"date":"2020-03-15T10:33:08","date_gmt":"2020-03-15T10:33:08","guid":{"rendered":"https:\/\/torebunia.pl\/sklep\/produkt\/lorin-stroj-kapielowy-3\/"},"modified":"2021-01-27T12:16:54","modified_gmt":"2021-01-27T12:16:54","slug":"lorin-stroj-kapielowy-3","status":"publish","type":"product","link":"https:\/\/torebunia.pl\/sklep\/produkt\/lorin-stroj-kapielowy-3\/","title":{"rendered":"Lorin &#8211; Str\u00f3j k\u0105pielowy"},"content":{"rendered":"<p>Parametry produktu:<\/p>\n<ul>\n<li>cena: <strong>219.9 PLN<\/strong><\/li>\n<li>marka: <strong>Lorin<\/strong><\/li>\n<li>p\u0142e\u0107: <strong>Female<\/strong><\/li>\n<li>kategoria: <strong>ONA \/ Odzie\u017c \/ Stroje k\u0105pielowe \/ Dwucz\u0119\u015bciowe<\/strong><\/li>\n<li>kolor: <strong>bia\u0142y<\/strong><\/li>\n<\/ul>\n<p>Opis:<br \/>\nDwucz\u0119\u015bciowy str\u00f3j k\u0105pielowy z kolekcji Lorin. Model wykonany z elastycznego materia\u0142u. &#8211; Szybkoschn\u0105cy materia\u0142. &#8211; Zapi\u0119cie na haftk\u0119. &#8211; Regulowane rami\u0105czka. Wz\u00f3r: g\u0142adkie Wz\u00f3r: wzorzyste Rodzaj: komplet ID produktu: 4901-BID16P Kod producenta: L2295<\/p>\n","protected":false},"excerpt":{"rendered":"<p>Parametry produktu: cena: 219.9 PLN marka: Lorin p\u0142e\u0107: Female kategoria: ONA \/ Odzie\u017c \/ Stroje k\u0105pielowe \/ Dwucz\u0119\u015bciowe kolor: bia\u0142y Opis: Dwucz\u0119\u015bciowy str\u00f3j k\u0105pielowy z kolekcji Lorin. Model wykonany z<\/p>\n","protected":false},"featured_media":4590,"comment_status":"closed","ping_status":"open","template":"","meta":[],"class_list":{"0":"post-4589","1":"product","2":"type-product","3":"status-publish","5":"hentry","6":"product_cat-dwuczesciowe","7":"product_cat-odziez","8":"product_cat-ona","9":"product_cat-stroje-kapielowe","10":"product_tag-lorin","11":"product_tag-lorin-stroj-kapielowy"},"yoast_head":"<!-- This site is optimized with the Yoast SEO plugin v15.6.2 - https:\/\/yoast.com\/wordpress\/plugins\/seo\/ -->\n<title>Lorin - Str\u00f3j k\u0105pielowy<\/title>\n<meta name=\"robots\" content=\"index, follow, max-snippet:-1, max-image-preview:large, max-video-preview:-1\" \/>\n<link rel=\"canonical\" href=\"https:\/\/torebunia.pl\/sklep\/produkt\/lorin-stroj-kapielowy-3\/\" \/>\n<meta property=\"og:locale\" content=\"pl_PL\" \/>\n<meta property=\"og:type\" content=\"article\" \/>\n<meta property=\"og:title\" content=\"Lorin - Str\u00f3j k\u0105pielowy\" \/>\n<meta property=\"og:description\" content=\"Parametry produktu: cena: 219.9 PLN marka: Lorin p\u0142e\u0107: Female kategoria: ONA \/ Odzie\u017c \/ Stroje k\u0105pielowe \/ Dwucz\u0119\u015bciowe kolor: bia\u0142y Opis: Dwucz\u0119\u015bciowy str\u00f3j k\u0105pielowy z kolekcji Lorin. Model wykonany z\" \/>\n<meta property=\"og:url\" content=\"https:\/\/torebunia.pl\/sklep\/produkt\/lorin-stroj-kapielowy-3\/\" \/>\n<meta property=\"og:site_name\" content=\"Moje Blog\" \/>\n<meta property=\"article:modified_time\" content=\"2021-01-27T12:16:54+00:00\" \/>\n<meta property=\"og:image\" content=\"https:\/\/torebunia.pl\/sklep\/wp-content\/uploads\/2021\/01\/284a58363ab6554a6854f106f5c044c55c0b7798.jpg\" \/>\n\t<meta property=\"og:image:width\" content=\"855\" \/>\n\t<meta property=\"og:image:height\" content=\"1290\" \/>\n<meta name=\"twitter:card\" content=\"summary_large_image\" \/>\n<script type=\"application\/ld+json\" class=\"yoast-schema-graph\">{\"@context\":\"https:\/\/schema.org\",\"@graph\":[{\"@type\":\"WebSite\",\"@id\":\"https:\/\/torebunia.pl\/sklep\/#website\",\"url\":\"https:\/\/torebunia.pl\/sklep\/\",\"name\":\"Moje Blog\",\"description\":\"Kolejna witryna WordPress\",\"potentialAction\":[{\"@type\":\"SearchAction\",\"target\":\"https:\/\/torebunia.pl\/sklep\/?s={search_term_string}\",\"query-input\":\"required name=search_term_string\"}],\"inLanguage\":\"pl-PL\"},{\"@type\":\"ImageObject\",\"@id\":\"https:\/\/torebunia.pl\/sklep\/produkt\/lorin-stroj-kapielowy-3\/#primaryimage\",\"inLanguage\":\"pl-PL\",\"url\":\"https:\/\/torebunia.pl\/sklep\/wp-content\/uploads\/2021\/01\/284a58363ab6554a6854f106f5c044c55c0b7798.jpg\",\"width\":855,\"height\":1290,\"caption\":\"Lorin - Str\\u00f3j k\\u0105pielowy\"},{\"@type\":\"WebPage\",\"@id\":\"https:\/\/torebunia.pl\/sklep\/produkt\/lorin-stroj-kapielowy-3\/#webpage\",\"url\":\"https:\/\/torebunia.pl\/sklep\/produkt\/lorin-stroj-kapielowy-3\/\",\"name\":\"Lorin - Str\\u00f3j k\\u0105pielowy\",\"isPartOf\":{\"@id\":\"https:\/\/torebunia.pl\/sklep\/#website\"},\"primaryImageOfPage\":{\"@id\":\"https:\/\/torebunia.pl\/sklep\/produkt\/lorin-stroj-kapielowy-3\/#primaryimage\"},\"datePublished\":\"2020-03-15T10:33:08+00:00\",\"dateModified\":\"2021-01-27T12:16:54+00:00\",\"inLanguage\":\"pl-PL\",\"potentialAction\":[{\"@type\":\"ReadAction\",\"target\":[\"https:\/\/torebunia.pl\/sklep\/produkt\/lorin-stroj-kapielowy-3\/\"]}]}]}<\/script>\n<!-- \/ Yoast SEO plugin. -->","_links":{"self":[{"href":"https:\/\/torebunia.pl\/sklep\/wp-json\/wp\/v2\/product\/4589","targetHints":{"allow":["GET"]}}],"collection":[{"href":"https:\/\/torebunia.pl\/sklep\/wp-json\/wp\/v2\/product"}],"about":[{"href":"https:\/\/torebunia.pl\/sklep\/wp-json\/wp\/v2\/types\/product"}],"replies":[{"embeddable":true,"href":"https:\/\/torebunia.pl\/sklep\/wp-json\/wp\/v2\/comments?post=4589"}],"wp:featuredmedia":[{"embeddable":true,"href":"https:\/\/torebunia.pl\/sklep\/wp-json\/wp\/v2\/media\/4590"}],"wp:attachment":[{"href":"https:\/\/torebunia.pl\/sklep\/wp-json\/wp\/v2\/media?parent=4589"}],"curies":[{"name":"wp","href":"https:\/\/api.w.org\/{rel}","templated":true}]}}