{"id":4535,"date":"2020-08-22T01:38:18","date_gmt":"2020-08-22T01:38:18","guid":{"rendered":"https:\/\/torebunia.pl\/sklep\/produkt\/miss-sixty-sukienka\/"},"modified":"2021-01-27T11:49:22","modified_gmt":"2021-01-27T11:49:22","slug":"miss-sixty-sukienka","status":"publish","type":"product","link":"https:\/\/torebunia.pl\/sklep\/produkt\/miss-sixty-sukienka\/","title":{"rendered":"Miss Sixty &#8211; Sukienka"},"content":{"rendered":"<p>Parametry produktu:<\/p>\n<ul>\n<li>cena: <strong>1299.0 PLN<\/strong><\/li>\n<li>marka: <strong>Miss Sixty<\/strong><\/li>\n<li>p\u0142e\u0107: <strong>Female<\/strong><\/li>\n<li>kategoria: <strong>ONA \/ Odzie\u017c \/ Sukienki<\/strong><\/li>\n<li>kolor: <strong>czerwony<\/strong><\/li>\n<\/ul>\n<p>Opis:<br \/>\nSukienka z kolekcji Miss Sixty. Rozkloszowany model wykonany z g\u0142adkiej tkaniny. Uwaga: oryginalna rozmiar\u00f3wka produkt\u00f3w tej marki jest rozmiar\u00f3wk\u0105 w\u0142osk\u0105. Informujemy, \u017ce rozmiary na metkach mog\u0105 r\u00f3\u017cni\u0107 si\u0119 od zamawianych ze wzgl\u0119du na zastosowany przelicznik. &#8211; Model ze wstawkami z transparentnego materia\u0142u. &#8211; R\u0119kawy z zapinanymi mankietami. &#8211; Model ze st\u00f3jk\u0105. &#8211; Kryte zapi\u0119cie na suwak. &#8211; Wi\u0105zanie na szyi. &#8211; Odci\u0119cie w talii. &#8211; Model na podszewce. &#8211; Rozkloszowany fason. &#8211; D\u0142ugo\u015b\u0107 r\u0119kawa: 61 cm. &#8211; D\u0142ugo\u015b\u0107: 135 cm. &#8211; Szeroko\u015b\u0107 pod pachami: 44 cm. &#8211; Wymiary podane dla rozmiaru: S. Wz\u00f3r: g\u0142adkie Materia\u0142: tkanina D\u0142ugo\u015b\u0107: midi R\u0119kaw: d\u0142ugi Dekolt: st\u00f3jka Fason: rozkloszowany Okazje: koktajl Sk\u0142ad: 100 % Poliester ID produktu: 4901-SUD11P Kod producenta: 601DJ4830000<\/p>\n","protected":false},"excerpt":{"rendered":"<p>Parametry produktu: cena: 1299.0 PLN marka: Miss Sixty p\u0142e\u0107: Female kategoria: ONA \/ Odzie\u017c \/ Sukienki kolor: czerwony Opis: Sukienka z kolekcji Miss Sixty. Rozkloszowany model wykonany z g\u0142adkiej tkaniny.<\/p>\n","protected":false},"featured_media":4536,"comment_status":"closed","ping_status":"open","template":"","meta":[],"class_list":{"0":"post-4535","1":"product","2":"type-product","3":"status-publish","5":"hentry","6":"product_cat-odziez","7":"product_cat-ona","8":"product_cat-sukienki","9":"product_tag-miss-sixty","10":"product_tag-miss-sixty-sukienka"},"yoast_head":"<!-- This site is optimized with the Yoast SEO plugin v15.6.2 - https:\/\/yoast.com\/wordpress\/plugins\/seo\/ -->\n<title>Miss Sixty - Sukienka<\/title>\n<meta name=\"robots\" content=\"index, follow, max-snippet:-1, max-image-preview:large, max-video-preview:-1\" \/>\n<link rel=\"canonical\" href=\"https:\/\/torebunia.pl\/sklep\/produkt\/miss-sixty-sukienka\/\" \/>\n<meta property=\"og:locale\" content=\"pl_PL\" \/>\n<meta property=\"og:type\" content=\"article\" \/>\n<meta property=\"og:title\" content=\"Miss Sixty - Sukienka\" \/>\n<meta property=\"og:description\" content=\"Parametry produktu: cena: 1299.0 PLN marka: Miss Sixty p\u0142e\u0107: Female kategoria: ONA \/ Odzie\u017c \/ Sukienki kolor: czerwony Opis: Sukienka z kolekcji Miss Sixty. Rozkloszowany model wykonany z g\u0142adkiej tkaniny.\" \/>\n<meta property=\"og:url\" content=\"https:\/\/torebunia.pl\/sklep\/produkt\/miss-sixty-sukienka\/\" \/>\n<meta property=\"og:site_name\" content=\"Moje Blog\" \/>\n<meta property=\"article:modified_time\" content=\"2021-01-27T11:49:22+00:00\" \/>\n<meta property=\"og:image\" content=\"https:\/\/torebunia.pl\/sklep\/wp-content\/uploads\/2021\/01\/319652ed4bbcf88075a7dbe28fd73d7b0850ff4a.jpg\" \/>\n\t<meta property=\"og:image:width\" content=\"855\" \/>\n\t<meta property=\"og:image:height\" content=\"1290\" \/>\n<meta name=\"twitter:card\" content=\"summary_large_image\" \/>\n<meta name=\"twitter:label1\" content=\"Est. reading time\">\n\t<meta name=\"twitter:data1\" content=\"1 minuta\">\n<script type=\"application\/ld+json\" class=\"yoast-schema-graph\">{\"@context\":\"https:\/\/schema.org\",\"@graph\":[{\"@type\":\"WebSite\",\"@id\":\"https:\/\/torebunia.pl\/sklep\/#website\",\"url\":\"https:\/\/torebunia.pl\/sklep\/\",\"name\":\"Moje Blog\",\"description\":\"Kolejna witryna WordPress\",\"potentialAction\":[{\"@type\":\"SearchAction\",\"target\":\"https:\/\/torebunia.pl\/sklep\/?s={search_term_string}\",\"query-input\":\"required name=search_term_string\"}],\"inLanguage\":\"pl-PL\"},{\"@type\":\"ImageObject\",\"@id\":\"https:\/\/torebunia.pl\/sklep\/produkt\/miss-sixty-sukienka\/#primaryimage\",\"inLanguage\":\"pl-PL\",\"url\":\"https:\/\/torebunia.pl\/sklep\/wp-content\/uploads\/2021\/01\/319652ed4bbcf88075a7dbe28fd73d7b0850ff4a.jpg\",\"width\":855,\"height\":1290,\"caption\":\"Miss Sixty - Sukienka\"},{\"@type\":\"WebPage\",\"@id\":\"https:\/\/torebunia.pl\/sklep\/produkt\/miss-sixty-sukienka\/#webpage\",\"url\":\"https:\/\/torebunia.pl\/sklep\/produkt\/miss-sixty-sukienka\/\",\"name\":\"Miss Sixty - Sukienka\",\"isPartOf\":{\"@id\":\"https:\/\/torebunia.pl\/sklep\/#website\"},\"primaryImageOfPage\":{\"@id\":\"https:\/\/torebunia.pl\/sklep\/produkt\/miss-sixty-sukienka\/#primaryimage\"},\"datePublished\":\"2020-08-22T01:38:18+00:00\",\"dateModified\":\"2021-01-27T11:49:22+00:00\",\"inLanguage\":\"pl-PL\",\"potentialAction\":[{\"@type\":\"ReadAction\",\"target\":[\"https:\/\/torebunia.pl\/sklep\/produkt\/miss-sixty-sukienka\/\"]}]}]}<\/script>\n<!-- \/ Yoast SEO plugin. -->","_links":{"self":[{"href":"https:\/\/torebunia.pl\/sklep\/wp-json\/wp\/v2\/product\/4535","targetHints":{"allow":["GET"]}}],"collection":[{"href":"https:\/\/torebunia.pl\/sklep\/wp-json\/wp\/v2\/product"}],"about":[{"href":"https:\/\/torebunia.pl\/sklep\/wp-json\/wp\/v2\/types\/product"}],"replies":[{"embeddable":true,"href":"https:\/\/torebunia.pl\/sklep\/wp-json\/wp\/v2\/comments?post=4535"}],"wp:featuredmedia":[{"embeddable":true,"href":"https:\/\/torebunia.pl\/sklep\/wp-json\/wp\/v2\/media\/4536"}],"wp:attachment":[{"href":"https:\/\/torebunia.pl\/sklep\/wp-json\/wp\/v2\/media?parent=4535"}],"curies":[{"name":"wp","href":"https:\/\/api.w.org\/{rel}","templated":true}]}}