{"id":4489,"date":"2020-06-29T01:45:14","date_gmt":"2020-06-29T01:45:14","guid":{"rendered":"https:\/\/torebunia.pl\/sklep\/produkt\/levis-koszula\/"},"modified":"2021-01-27T11:49:05","modified_gmt":"2021-01-27T11:49:05","slug":"levis-koszula","status":"publish","type":"product","link":"https:\/\/torebunia.pl\/sklep\/produkt\/levis-koszula\/","title":{"rendered":"Levi&#8217;s &#8211; Koszula"},"content":{"rendered":"<p>Parametry produktu:<\/p>\n<ul>\n<li>cena: <strong>219.9 PLN<\/strong><\/li>\n<li>marka: <strong>Levi&#8217;s<\/strong><\/li>\n<li>p\u0142e\u0107: <strong>Female<\/strong><\/li>\n<li>kategoria: <strong>ONA \/ Odzie\u017c \/ Bluzki i koszule \/ Koszule<\/strong><\/li>\n<li>kolor: <strong>multikolor<\/strong><\/li>\n<\/ul>\n<p>Opis:<br \/>\nKoszula z kolekcji Levi&#8217;s. Model wykonany z wzorzystej tkaniny. Posiada klasyczny ko\u0142nierzyk. Informujemy, i\u017c ze wzgl\u0119du na polityk\u0119 ochrony znak\u00f3w towarowych marki Levi&#8217;s oko\u0142o 10% asortymentu posiada &#8222;pust\u0105 wszywk\u0119&#8221; (w kolorze czerwonym, bez logo marki, wy\u0142\u0105cznie z mi\u0119dzynarodowym symbolem zarejestrowanego znaku towarowego). &#8222;Pusta wszywka&#8221; jest zarejestrowanym znakiem towarowym marki Levi&#8217;s i opatrzone ni\u0105 modele s\u0105 pe\u0142nowarto\u015bciowymi, oryginalnymi produktami. W razie w\u0105tpliwo\u015bci prosimy o kontakt z Biurem Obs\u0142ugi Klienta. &#8211; Lu\u017any fason. &#8211; Kr\u00f3tki r\u0119kaw. &#8211; Model z ko\u0142nierzykiem. &#8211; Zapi\u0119cie na guziki. &#8211; Wzorzysta tkanina. Wz\u00f3r: wzorzyste Wz\u00f3r: kwiaty R\u0119kaw: kr\u00f3tki Materia\u0142: wiskoza Ko\u0142nierzyk: klasyczny Okazje: casual Fason: relaxed Sk\u0142ad: 100 % Wiskoza ID produktu: 4901-KKD00C Kod producenta: 85377.0001<\/p>\n","protected":false},"excerpt":{"rendered":"<p>Parametry produktu: cena: 219.9 PLN marka: Levi&#8217;s p\u0142e\u0107: Female kategoria: ONA \/ Odzie\u017c \/ Bluzki i koszule \/ Koszule kolor: multikolor Opis: Koszula z kolekcji Levi&#8217;s. Model wykonany z wzorzystej<\/p>\n","protected":false},"featured_media":4490,"comment_status":"closed","ping_status":"open","template":"","meta":[],"class_list":{"0":"post-4489","1":"product","2":"type-product","3":"status-publish","5":"hentry","6":"product_cat-bluzki-i-koszule","7":"product_cat-koszule","8":"product_cat-odziez","9":"product_cat-ona","10":"product_tag-levis","11":"product_tag-levis-koszula"},"yoast_head":"<!-- This site is optimized with the Yoast SEO plugin v15.6.2 - https:\/\/yoast.com\/wordpress\/plugins\/seo\/ -->\n<title>Levi&#039;s - Koszula<\/title>\n<meta name=\"robots\" content=\"index, follow, max-snippet:-1, max-image-preview:large, max-video-preview:-1\" \/>\n<link rel=\"canonical\" href=\"https:\/\/torebunia.pl\/sklep\/produkt\/levis-koszula\/\" \/>\n<meta property=\"og:locale\" content=\"pl_PL\" \/>\n<meta property=\"og:type\" content=\"article\" \/>\n<meta property=\"og:title\" content=\"Levi&#039;s - Koszula\" \/>\n<meta property=\"og:description\" content=\"Parametry produktu: cena: 219.9 PLN marka: Levi&#8217;s p\u0142e\u0107: Female kategoria: ONA \/ Odzie\u017c \/ Bluzki i koszule \/ Koszule kolor: multikolor Opis: Koszula z kolekcji Levi&#8217;s. Model wykonany z wzorzystej\" \/>\n<meta property=\"og:url\" content=\"https:\/\/torebunia.pl\/sklep\/produkt\/levis-koszula\/\" \/>\n<meta property=\"og:site_name\" content=\"Moje Blog\" \/>\n<meta property=\"article:modified_time\" content=\"2021-01-27T11:49:05+00:00\" \/>\n<meta property=\"og:image\" content=\"https:\/\/torebunia.pl\/sklep\/wp-content\/uploads\/2021\/01\/0beac2f1f4db37af20ac57982124486a1c141965.jpg\" \/>\n\t<meta property=\"og:image:width\" content=\"855\" \/>\n\t<meta property=\"og:image:height\" content=\"1290\" \/>\n<meta name=\"twitter:card\" content=\"summary_large_image\" \/>\n<meta name=\"twitter:label1\" content=\"Est. reading time\">\n\t<meta name=\"twitter:data1\" content=\"1 minuta\">\n<script type=\"application\/ld+json\" class=\"yoast-schema-graph\">{\"@context\":\"https:\/\/schema.org\",\"@graph\":[{\"@type\":\"WebSite\",\"@id\":\"https:\/\/torebunia.pl\/sklep\/#website\",\"url\":\"https:\/\/torebunia.pl\/sklep\/\",\"name\":\"Moje Blog\",\"description\":\"Kolejna witryna WordPress\",\"potentialAction\":[{\"@type\":\"SearchAction\",\"target\":\"https:\/\/torebunia.pl\/sklep\/?s={search_term_string}\",\"query-input\":\"required name=search_term_string\"}],\"inLanguage\":\"pl-PL\"},{\"@type\":\"ImageObject\",\"@id\":\"https:\/\/torebunia.pl\/sklep\/produkt\/levis-koszula\/#primaryimage\",\"inLanguage\":\"pl-PL\",\"url\":\"https:\/\/torebunia.pl\/sklep\/wp-content\/uploads\/2021\/01\/0beac2f1f4db37af20ac57982124486a1c141965.jpg\",\"width\":855,\"height\":1290,\"caption\":\"Levi's - Koszula\"},{\"@type\":\"WebPage\",\"@id\":\"https:\/\/torebunia.pl\/sklep\/produkt\/levis-koszula\/#webpage\",\"url\":\"https:\/\/torebunia.pl\/sklep\/produkt\/levis-koszula\/\",\"name\":\"Levi's - Koszula\",\"isPartOf\":{\"@id\":\"https:\/\/torebunia.pl\/sklep\/#website\"},\"primaryImageOfPage\":{\"@id\":\"https:\/\/torebunia.pl\/sklep\/produkt\/levis-koszula\/#primaryimage\"},\"datePublished\":\"2020-06-29T01:45:14+00:00\",\"dateModified\":\"2021-01-27T11:49:05+00:00\",\"inLanguage\":\"pl-PL\",\"potentialAction\":[{\"@type\":\"ReadAction\",\"target\":[\"https:\/\/torebunia.pl\/sklep\/produkt\/levis-koszula\/\"]}]}]}<\/script>\n<!-- \/ Yoast SEO plugin. -->","_links":{"self":[{"href":"https:\/\/torebunia.pl\/sklep\/wp-json\/wp\/v2\/product\/4489","targetHints":{"allow":["GET"]}}],"collection":[{"href":"https:\/\/torebunia.pl\/sklep\/wp-json\/wp\/v2\/product"}],"about":[{"href":"https:\/\/torebunia.pl\/sklep\/wp-json\/wp\/v2\/types\/product"}],"replies":[{"embeddable":true,"href":"https:\/\/torebunia.pl\/sklep\/wp-json\/wp\/v2\/comments?post=4489"}],"wp:featuredmedia":[{"embeddable":true,"href":"https:\/\/torebunia.pl\/sklep\/wp-json\/wp\/v2\/media\/4490"}],"wp:attachment":[{"href":"https:\/\/torebunia.pl\/sklep\/wp-json\/wp\/v2\/media?parent=4489"}],"curies":[{"name":"wp","href":"https:\/\/api.w.org\/{rel}","templated":true}]}}