{"id":4411,"date":"2020-04-10T00:01:01","date_gmt":"2020-04-10T00:01:01","guid":{"rendered":"https:\/\/torebunia.pl\/sklep\/produkt\/mango-spodnica-anna-2\/"},"modified":"2021-01-27T12:12:01","modified_gmt":"2021-01-27T12:12:01","slug":"mango-spodnica-anna-2","status":"publish","type":"product","link":"https:\/\/torebunia.pl\/sklep\/produkt\/mango-spodnica-anna-2\/","title":{"rendered":"Mango &#8211; Sp\u00f3dnica ANNA"},"content":{"rendered":"<p>Parametry produktu:<\/p>\n<ul>\n<li>cena: <strong>199.99 PLN<\/strong><\/li>\n<li>marka: <strong>Mango<\/strong><\/li>\n<li>p\u0142e\u0107: <strong>Female<\/strong><\/li>\n<li>kategoria: <strong>ONA \/ Odzie\u017c \/ Sp\u00f3dnice<\/strong><\/li>\n<li>kolor: <strong>czerwony<\/strong><\/li>\n<\/ul>\n<p>Opis:<br \/>\nSp\u00f3dnica z kolekcji Mango. Model o prostym kroju, wykonany z wzorzystej dzianiny. &#8211; Prosty fason. &#8211; Zapi\u0119cie na guzik i suwak. &#8211; Wsuwane kieszenie. &#8211; Gruby materia\u0142. &#8211; Wzorzysta dzianina. &#8211; Model na podszewce. Wz\u00f3r: wzorzyste Materia\u0142: dzianina D\u0142ugo\u015b\u0107: mini Okazje: casual Fason: prosty Sk\u0142ad: Materia\u0142 zasadniczy: 31 % Akryl, 19 % Bawe\u0142na, 1 % Poliamid, 25 % Poliester, 21 % We\u0142na, 3 % Wiskoza ID produktu: -100-SDD013 Kod producenta: 77078258<\/p>\n","protected":false},"excerpt":{"rendered":"<p>Parametry produktu: cena: 199.99 PLN marka: Mango p\u0142e\u0107: Female kategoria: ONA \/ Odzie\u017c \/ Sp\u00f3dnice kolor: czerwony Opis: Sp\u00f3dnica z kolekcji Mango. Model o prostym kroju, wykonany z wzorzystej dzianiny.<\/p>\n","protected":false},"featured_media":4412,"comment_status":"closed","ping_status":"open","template":"","meta":[],"class_list":{"0":"post-4411","1":"product","2":"type-product","3":"status-publish","5":"hentry","6":"product_cat-odziez","7":"product_cat-ona","8":"product_cat-spodnice","9":"product_tag-mango","10":"product_tag-mango-spodnica-anna"},"yoast_head":"<!-- This site is optimized with the Yoast SEO plugin v15.6.2 - https:\/\/yoast.com\/wordpress\/plugins\/seo\/ -->\n<title>Mango - Sp\u00f3dnica ANNA<\/title>\n<meta name=\"robots\" content=\"index, follow, max-snippet:-1, max-image-preview:large, max-video-preview:-1\" \/>\n<link rel=\"canonical\" href=\"https:\/\/torebunia.pl\/sklep\/produkt\/mango-spodnica-anna-2\/\" \/>\n<meta property=\"og:locale\" content=\"pl_PL\" \/>\n<meta property=\"og:type\" content=\"article\" \/>\n<meta property=\"og:title\" content=\"Mango - Sp\u00f3dnica ANNA\" \/>\n<meta property=\"og:description\" content=\"Parametry produktu: cena: 199.99 PLN marka: Mango p\u0142e\u0107: Female kategoria: ONA \/ Odzie\u017c \/ Sp\u00f3dnice kolor: czerwony Opis: Sp\u00f3dnica z kolekcji Mango. Model o prostym kroju, wykonany z wzorzystej dzianiny.\" \/>\n<meta property=\"og:url\" content=\"https:\/\/torebunia.pl\/sklep\/produkt\/mango-spodnica-anna-2\/\" \/>\n<meta property=\"og:site_name\" content=\"Moje Blog\" \/>\n<meta property=\"article:modified_time\" content=\"2021-01-27T12:12:01+00:00\" \/>\n<meta property=\"og:image\" content=\"https:\/\/torebunia.pl\/sklep\/wp-content\/uploads\/2021\/01\/480643d7696f31a47c67b947b39eb5655c336139-1.jpg\" \/>\n\t<meta property=\"og:image:width\" content=\"855\" \/>\n\t<meta property=\"og:image:height\" content=\"1290\" \/>\n<meta name=\"twitter:card\" content=\"summary_large_image\" \/>\n<script type=\"application\/ld+json\" class=\"yoast-schema-graph\">{\"@context\":\"https:\/\/schema.org\",\"@graph\":[{\"@type\":\"WebSite\",\"@id\":\"https:\/\/torebunia.pl\/sklep\/#website\",\"url\":\"https:\/\/torebunia.pl\/sklep\/\",\"name\":\"Moje Blog\",\"description\":\"Kolejna witryna WordPress\",\"potentialAction\":[{\"@type\":\"SearchAction\",\"target\":\"https:\/\/torebunia.pl\/sklep\/?s={search_term_string}\",\"query-input\":\"required name=search_term_string\"}],\"inLanguage\":\"pl-PL\"},{\"@type\":\"ImageObject\",\"@id\":\"https:\/\/torebunia.pl\/sklep\/produkt\/mango-spodnica-anna-2\/#primaryimage\",\"inLanguage\":\"pl-PL\",\"url\":\"https:\/\/torebunia.pl\/sklep\/wp-content\/uploads\/2021\/01\/480643d7696f31a47c67b947b39eb5655c336139-1.jpg\",\"width\":855,\"height\":1290,\"caption\":\"Mango - Sp\\u00f3dnica ANNA\"},{\"@type\":\"WebPage\",\"@id\":\"https:\/\/torebunia.pl\/sklep\/produkt\/mango-spodnica-anna-2\/#webpage\",\"url\":\"https:\/\/torebunia.pl\/sklep\/produkt\/mango-spodnica-anna-2\/\",\"name\":\"Mango - Sp\\u00f3dnica ANNA\",\"isPartOf\":{\"@id\":\"https:\/\/torebunia.pl\/sklep\/#website\"},\"primaryImageOfPage\":{\"@id\":\"https:\/\/torebunia.pl\/sklep\/produkt\/mango-spodnica-anna-2\/#primaryimage\"},\"datePublished\":\"2020-04-10T00:01:01+00:00\",\"dateModified\":\"2021-01-27T12:12:01+00:00\",\"inLanguage\":\"pl-PL\",\"potentialAction\":[{\"@type\":\"ReadAction\",\"target\":[\"https:\/\/torebunia.pl\/sklep\/produkt\/mango-spodnica-anna-2\/\"]}]}]}<\/script>\n<!-- \/ Yoast SEO plugin. -->","_links":{"self":[{"href":"https:\/\/torebunia.pl\/sklep\/wp-json\/wp\/v2\/product\/4411","targetHints":{"allow":["GET"]}}],"collection":[{"href":"https:\/\/torebunia.pl\/sklep\/wp-json\/wp\/v2\/product"}],"about":[{"href":"https:\/\/torebunia.pl\/sklep\/wp-json\/wp\/v2\/types\/product"}],"replies":[{"embeddable":true,"href":"https:\/\/torebunia.pl\/sklep\/wp-json\/wp\/v2\/comments?post=4411"}],"wp:featuredmedia":[{"embeddable":true,"href":"https:\/\/torebunia.pl\/sklep\/wp-json\/wp\/v2\/media\/4412"}],"wp:attachment":[{"href":"https:\/\/torebunia.pl\/sklep\/wp-json\/wp\/v2\/media?parent=4411"}],"curies":[{"name":"wp","href":"https:\/\/api.w.org\/{rel}","templated":true}]}}